{"id":7995,"date":"2015-10-28T15:24:56","date_gmt":"2015-10-28T15:24:56","guid":{"rendered":"http:\/\/www.iplangestion.com\/en\/linea-aerea-132-kv-de-entronque-con-la-linea-132-kv-se-olot-se-salt-y-de-la-se-bescano-400132-kv-en-los-ttmm-de-bescano-sant-gregori-y-sant-marti-de-llemena\/"},"modified":"2015-11-12T13:57:49","modified_gmt":"2015-11-12T13:57:49","slug":"air-line-junction-with-132-kv-line-132-kv-olot-salt-se-and-se-400132-kv-bescano-ttmm-in-bescano-sant-gregori-and-sant-marti-de-llemena","status":"publish","type":"page","link":"https:\/\/iplangestion.com\/en\/air-line-junction-with-132-kv-line-132-kv-olot-salt-se-and-se-400132-kv-bescano-ttmm-in-bescano-sant-gregori-and-sant-marti-de-llemena\/","title":{"rendered":"Air line junction with 132 kV line 132 kV Olot &#8211; Salt SE and SE 400\/132 kV Bescan\u00f3 TTMM in Bescan\u00f3, Sant Gregori and Sant Marti de Llemena"},"content":{"rendered":"<div class=\"wpb-content-wrapper\">[vc_row fullwidth=&#8221;true&#8221;][vc_column][mk_page_title_box page_title=&#8221;Electricity Infrastructure&#8221; section_height=&#8221;120&#8243; bg_image=&#8221;http:\/\/www.iplangestion.com\/wp-content\/uploads\/banner-infraestructuras-electricas1.jpg&#8221; bg_stretch=&#8221;true&#8221; text_align=&#8221;left&#8221; font_size=&#8221;36&#8243; title_letter_spacing=&#8221;1&#8243; font_color=&#8221;#ffffff&#8221; underline=&#8221;false&#8221;][vc_empty_space][\/vc_column][\/vc_row][vc_row][vc_column width=&#8221;2\/3&#8243;][mk_fancy_title tag_name=&#8221;h1&#8243; color=&#8221;#81d742&#8243; size=&#8221;28&#8243; font_weight=&#8221;normal&#8221; font_family=&#8221;none&#8221;]Air line junction with 132 kV line 132 kV Olot &#8211; Salt SE and SE 400\/132 kV Bescan\u00f3 TTMM in Bescan\u00f3, Sant Gregori and Sant Marti de Llemena[\/mk_fancy_title][vc_column_text]\n<h5>GENERAL CHARACTERISTICS<\/h5>\n<ul>\n<li>Promoter: ENDESA DISTRIBUCI\u00d3N EL\u00c9CTRICA S.L.U<\/li>\n<li>Location: GIRONA<\/li>\n<\/ul>\n<h5>WORKS<\/h5>\n<ul>\n<li>Control of execution quality<\/li>\n<li>Environmental Management<\/li>\n<li>Steps, Legalization and Permitting<\/li>\n<li>Health and Safety Coordination<\/li>\n<li>Specialty: civil works, electromechanical assembly, strategic material<\/li>\n<\/ul>\n<h5>TECHNICAL CHARACTERISTICS<\/h5>\n<ul>\n<li>Rated voltages: 132 kv<\/li>\n<li>Length: 4,039 m<\/li>\n<\/ul>\n[\/vc_column_text][\/vc_column][vc_column width=&#8221;1\/3&#8243;][mk_image_slideshow images=&#8221;6569,6566,6563,7087,6560,6557,6554,6551,6548,7090,6884,6887,7071,7074,7064,7061&#8243; image_width=&#8221;400&#8243; animation_speed=&#8221;1671&#8243; slideshow_speed=&#8221;4088&#8243;][mk_button dimension=&#8221;two&#8221; size=&#8221;medium&#8221; url=&#8221;\/en\/electricity-infrastructure\/&#8221;]Back[\/mk_button][\/vc_column][\/vc_row]\n<\/div>","protected":false},"excerpt":{"rendered":"<p>[vc_row fullwidth=&rdquo;true&rdquo;][vc_column][mk_page_title_box page_title=&rdquo;Electricity Infrastructure&rdquo; section_height=&rdquo;120&Prime; bg_image=&rdquo;http:\/\/www.iplangestion.com\/wp-content\/uploads\/banner-infraestructuras-electricas1.jpg&rdquo; bg_stretch=&rdquo;true&rdquo; text_align=&rdquo;left&rdquo; font_size=&rdquo;36&Prime; title_letter_spacing=&rdquo;1&Prime; font_color=&rdquo;#ffffff&rdquo; underline=&rdquo;false&rdquo;][vc_empty_space][\/vc_column][\/vc_row][vc_row][vc_column width=&rdquo;2\/3&Prime;][mk_fancy_title tag_name=&rdquo;h1&Prime; color=&rdquo;#81d742&Prime; size=&rdquo;28&Prime; font_weight=&rdquo;normal&rdquo; font_family=&rdquo;none&rdquo;]Air line junction with 132 kV line 132 kV Olot &ndash; Salt SE and SE 400\/132 kV Bescan&oacute; TTMM in Bescan&oacute;, Sant Gregori and Sant Marti de Llemena[\/mk_fancy_title][vc_column_text] GENERAL CHARACTERISTICS Promoter: ENDESA DISTRIBUCI&Oacute;N EL&Eacute;CTRICA S.L.U Location: GIRONA WORKS [&hellip;]<\/p>\n","protected":false},"author":1,"featured_media":0,"parent":0,"menu_order":0,"comment_status":"closed","ping_status":"closed","template":"","meta":{"footnotes":""},"class_list":["post-7995","page","type-page","status-publish","hentry"],"yoast_head":"<!-- This site is optimized with the Yoast SEO plugin v26.8 - https:\/\/yoast.com\/product\/yoast-seo-wordpress\/ -->\n<title>Air line junction with 132 kV line 132 kV Olot - Salt SE and SE 400\/132 kV Bescan\u00f3 TTMM in Bescan\u00f3, Sant Gregori and Sant Marti de Llemena - iPlan Gesti\u00f3n Integral S.L.<\/title>\n<meta name=\"robots\" content=\"index, follow, max-snippet:-1, max-image-preview:large, max-video-preview:-1\" \/>\n<link rel=\"canonical\" href=\"https:\/\/iplangestion.com\/en\/air-line-junction-with-132-kv-line-132-kv-olot-salt-se-and-se-400132-kv-bescano-ttmm-in-bescano-sant-gregori-and-sant-marti-de-llemena\/\" \/>\n<meta property=\"og:locale\" content=\"en_US\" \/>\n<meta property=\"og:type\" content=\"article\" \/>\n<meta property=\"og:title\" content=\"Air line junction with 132 kV line 132 kV Olot - Salt SE and SE 400\/132 kV Bescan\u00f3 TTMM in Bescan\u00f3, Sant Gregori and Sant Marti de Llemena - iPlan Gesti\u00f3n Integral S.L.\" \/>\n<meta property=\"og:description\" content=\"[vc_row fullwidth=&rdquo;true&rdquo;][vc_column][mk_page_title_box page_title=&rdquo;Electricity Infrastructure&rdquo; section_height=&rdquo;120&Prime; bg_image=&rdquo;http:\/\/www.iplangestion.com\/wp-content\/uploads\/banner-infraestructuras-electricas1.jpg&rdquo; bg_stretch=&rdquo;true&rdquo; text_align=&rdquo;left&rdquo; font_size=&rdquo;36&Prime; title_letter_spacing=&rdquo;1&Prime; font_color=&rdquo;#ffffff&rdquo; underline=&rdquo;false&rdquo;][vc_empty_space][\/vc_column][\/vc_row][vc_row][vc_column width=&rdquo;2\/3&Prime;][mk_fancy_title tag_name=&rdquo;h1&Prime; color=&rdquo;#81d742&Prime; size=&rdquo;28&Prime; font_weight=&rdquo;normal&rdquo; font_family=&rdquo;none&rdquo;]Air line junction with 132 kV line 132 kV Olot &ndash; Salt SE and SE 400\/132 kV Bescan&oacute; TTMM in Bescan&oacute;, Sant Gregori and Sant Marti de Llemena[\/mk_fancy_title][vc_column_text] GENERAL CHARACTERISTICS Promoter: ENDESA DISTRIBUCI&Oacute;N EL&Eacute;CTRICA S.L.U Location: GIRONA WORKS [&hellip;]\" \/>\n<meta property=\"og:url\" content=\"https:\/\/iplangestion.com\/en\/air-line-junction-with-132-kv-line-132-kv-olot-salt-se-and-se-400132-kv-bescano-ttmm-in-bescano-sant-gregori-and-sant-marti-de-llemena\/\" \/>\n<meta property=\"og:site_name\" content=\"iPlan Gesti\u00f3n Integral S.L.\" \/>\n<meta property=\"article:modified_time\" content=\"2015-11-12T13:57:49+00:00\" \/>\n<meta name=\"twitter:card\" content=\"summary_large_image\" \/>\n<meta name=\"twitter:label1\" content=\"Est. reading time\" \/>\n\t<meta name=\"twitter:data1\" content=\"1 minute\" \/>\n<script type=\"application\/ld+json\" class=\"yoast-schema-graph\">{\"@context\":\"https:\/\/schema.org\",\"@graph\":[{\"@type\":\"WebPage\",\"@id\":\"https:\/\/iplangestion.com\/en\/air-line-junction-with-132-kv-line-132-kv-olot-salt-se-and-se-400132-kv-bescano-ttmm-in-bescano-sant-gregori-and-sant-marti-de-llemena\/\",\"url\":\"https:\/\/iplangestion.com\/en\/air-line-junction-with-132-kv-line-132-kv-olot-salt-se-and-se-400132-kv-bescano-ttmm-in-bescano-sant-gregori-and-sant-marti-de-llemena\/\",\"name\":\"Air line junction with 132 kV line 132 kV Olot - Salt SE and SE 400\/132 kV Bescan\u00f3 TTMM in Bescan\u00f3, Sant Gregori and Sant Marti de Llemena - iPlan Gesti\u00f3n Integral S.L.\",\"isPartOf\":{\"@id\":\"https:\/\/iplangestion.com\/#website\"},\"datePublished\":\"2015-10-28T15:24:56+00:00\",\"dateModified\":\"2015-11-12T13:57:49+00:00\",\"breadcrumb\":{\"@id\":\"https:\/\/iplangestion.com\/en\/air-line-junction-with-132-kv-line-132-kv-olot-salt-se-and-se-400132-kv-bescano-ttmm-in-bescano-sant-gregori-and-sant-marti-de-llemena\/#breadcrumb\"},\"inLanguage\":\"en-US\",\"potentialAction\":[{\"@type\":\"ReadAction\",\"target\":[\"https:\/\/iplangestion.com\/en\/air-line-junction-with-132-kv-line-132-kv-olot-salt-se-and-se-400132-kv-bescano-ttmm-in-bescano-sant-gregori-and-sant-marti-de-llemena\/\"]}]},{\"@type\":\"BreadcrumbList\",\"@id\":\"https:\/\/iplangestion.com\/en\/air-line-junction-with-132-kv-line-132-kv-olot-salt-se-and-se-400132-kv-bescano-ttmm-in-bescano-sant-gregori-and-sant-marti-de-llemena\/#breadcrumb\",\"itemListElement\":[{\"@type\":\"ListItem\",\"position\":1,\"name\":\"Portada\",\"item\":\"https:\/\/iplangestion.com\/en\/\"},{\"@type\":\"ListItem\",\"position\":2,\"name\":\"Air line junction with 132 kV line 132 kV Olot &#8211; Salt SE and SE 400\/132 kV Bescan\u00f3 TTMM in Bescan\u00f3, Sant Gregori and Sant Marti de Llemena\"}]},{\"@type\":\"WebSite\",\"@id\":\"https:\/\/iplangestion.com\/#website\",\"url\":\"https:\/\/iplangestion.com\/\",\"name\":\"iPlan Gesti\u00f3n Integral S.L.\",\"description\":\"gesti\u00f3n integral de proyectos\",\"potentialAction\":[{\"@type\":\"SearchAction\",\"target\":{\"@type\":\"EntryPoint\",\"urlTemplate\":\"https:\/\/iplangestion.com\/?s={search_term_string}\"},\"query-input\":{\"@type\":\"PropertyValueSpecification\",\"valueRequired\":true,\"valueName\":\"search_term_string\"}}],\"inLanguage\":\"en-US\"}]}<\/script>\n<!-- \/ Yoast SEO plugin. -->","yoast_head_json":{"title":"Air line junction with 132 kV line 132 kV Olot - Salt SE and SE 400\/132 kV Bescan\u00f3 TTMM in Bescan\u00f3, Sant Gregori and Sant Marti de Llemena - iPlan Gesti\u00f3n Integral S.L.","robots":{"index":"index","follow":"follow","max-snippet":"max-snippet:-1","max-image-preview":"max-image-preview:large","max-video-preview":"max-video-preview:-1"},"canonical":"https:\/\/iplangestion.com\/en\/air-line-junction-with-132-kv-line-132-kv-olot-salt-se-and-se-400132-kv-bescano-ttmm-in-bescano-sant-gregori-and-sant-marti-de-llemena\/","og_locale":"en_US","og_type":"article","og_title":"Air line junction with 132 kV line 132 kV Olot - Salt SE and SE 400\/132 kV Bescan\u00f3 TTMM in Bescan\u00f3, Sant Gregori and Sant Marti de Llemena - iPlan Gesti\u00f3n Integral S.L.","og_description":"[vc_row fullwidth=&rdquo;true&rdquo;][vc_column][mk_page_title_box page_title=&rdquo;Electricity Infrastructure&rdquo; section_height=&rdquo;120&Prime; bg_image=&rdquo;http:\/\/www.iplangestion.com\/wp-content\/uploads\/banner-infraestructuras-electricas1.jpg&rdquo; bg_stretch=&rdquo;true&rdquo; text_align=&rdquo;left&rdquo; font_size=&rdquo;36&Prime; title_letter_spacing=&rdquo;1&Prime; font_color=&rdquo;#ffffff&rdquo; underline=&rdquo;false&rdquo;][vc_empty_space][\/vc_column][\/vc_row][vc_row][vc_column width=&rdquo;2\/3&Prime;][mk_fancy_title tag_name=&rdquo;h1&Prime; color=&rdquo;#81d742&Prime; size=&rdquo;28&Prime; font_weight=&rdquo;normal&rdquo; font_family=&rdquo;none&rdquo;]Air line junction with 132 kV line 132 kV Olot &ndash; Salt SE and SE 400\/132 kV Bescan&oacute; TTMM in Bescan&oacute;, Sant Gregori and Sant Marti de Llemena[\/mk_fancy_title][vc_column_text] GENERAL CHARACTERISTICS Promoter: ENDESA DISTRIBUCI&Oacute;N EL&Eacute;CTRICA S.L.U Location: GIRONA WORKS [&hellip;]","og_url":"https:\/\/iplangestion.com\/en\/air-line-junction-with-132-kv-line-132-kv-olot-salt-se-and-se-400132-kv-bescano-ttmm-in-bescano-sant-gregori-and-sant-marti-de-llemena\/","og_site_name":"iPlan Gesti\u00f3n Integral S.L.","article_modified_time":"2015-11-12T13:57:49+00:00","twitter_card":"summary_large_image","twitter_misc":{"Est. reading time":"1 minute"},"schema":{"@context":"https:\/\/schema.org","@graph":[{"@type":"WebPage","@id":"https:\/\/iplangestion.com\/en\/air-line-junction-with-132-kv-line-132-kv-olot-salt-se-and-se-400132-kv-bescano-ttmm-in-bescano-sant-gregori-and-sant-marti-de-llemena\/","url":"https:\/\/iplangestion.com\/en\/air-line-junction-with-132-kv-line-132-kv-olot-salt-se-and-se-400132-kv-bescano-ttmm-in-bescano-sant-gregori-and-sant-marti-de-llemena\/","name":"Air line junction with 132 kV line 132 kV Olot - Salt SE and SE 400\/132 kV Bescan\u00f3 TTMM in Bescan\u00f3, Sant Gregori and Sant Marti de Llemena - iPlan Gesti\u00f3n Integral S.L.","isPartOf":{"@id":"https:\/\/iplangestion.com\/#website"},"datePublished":"2015-10-28T15:24:56+00:00","dateModified":"2015-11-12T13:57:49+00:00","breadcrumb":{"@id":"https:\/\/iplangestion.com\/en\/air-line-junction-with-132-kv-line-132-kv-olot-salt-se-and-se-400132-kv-bescano-ttmm-in-bescano-sant-gregori-and-sant-marti-de-llemena\/#breadcrumb"},"inLanguage":"en-US","potentialAction":[{"@type":"ReadAction","target":["https:\/\/iplangestion.com\/en\/air-line-junction-with-132-kv-line-132-kv-olot-salt-se-and-se-400132-kv-bescano-ttmm-in-bescano-sant-gregori-and-sant-marti-de-llemena\/"]}]},{"@type":"BreadcrumbList","@id":"https:\/\/iplangestion.com\/en\/air-line-junction-with-132-kv-line-132-kv-olot-salt-se-and-se-400132-kv-bescano-ttmm-in-bescano-sant-gregori-and-sant-marti-de-llemena\/#breadcrumb","itemListElement":[{"@type":"ListItem","position":1,"name":"Portada","item":"https:\/\/iplangestion.com\/en\/"},{"@type":"ListItem","position":2,"name":"Air line junction with 132 kV line 132 kV Olot &#8211; Salt SE and SE 400\/132 kV Bescan\u00f3 TTMM in Bescan\u00f3, Sant Gregori and Sant Marti de Llemena"}]},{"@type":"WebSite","@id":"https:\/\/iplangestion.com\/#website","url":"https:\/\/iplangestion.com\/","name":"iPlan Gesti\u00f3n Integral S.L.","description":"gesti\u00f3n integral de proyectos","potentialAction":[{"@type":"SearchAction","target":{"@type":"EntryPoint","urlTemplate":"https:\/\/iplangestion.com\/?s={search_term_string}"},"query-input":{"@type":"PropertyValueSpecification","valueRequired":true,"valueName":"search_term_string"}}],"inLanguage":"en-US"}]}},"_links":{"self":[{"href":"https:\/\/iplangestion.com\/en\/wp-json\/wp\/v2\/pages\/7995","targetHints":{"allow":["GET"]}}],"collection":[{"href":"https:\/\/iplangestion.com\/en\/wp-json\/wp\/v2\/pages"}],"about":[{"href":"https:\/\/iplangestion.com\/en\/wp-json\/wp\/v2\/types\/page"}],"author":[{"embeddable":true,"href":"https:\/\/iplangestion.com\/en\/wp-json\/wp\/v2\/users\/1"}],"replies":[{"embeddable":true,"href":"https:\/\/iplangestion.com\/en\/wp-json\/wp\/v2\/comments?post=7995"}],"version-history":[{"count":0,"href":"https:\/\/iplangestion.com\/en\/wp-json\/wp\/v2\/pages\/7995\/revisions"}],"wp:attachment":[{"href":"https:\/\/iplangestion.com\/en\/wp-json\/wp\/v2\/media?parent=7995"}],"curies":[{"name":"wp","href":"https:\/\/api.w.org\/{rel}","templated":true}]}}