{"id":8100,"date":"2014-03-05T12:40:25","date_gmt":"2014-03-05T12:40:25","guid":{"rendered":"http:\/\/www.iplangestion.com\/ca\/aviso-legal\/"},"modified":"2024-04-05T13:54:38","modified_gmt":"2024-04-05T11:54:38","slug":"aviso-legal","status":"publish","type":"page","link":"https:\/\/iplangestion.com\/ca\/aviso-legal\/","title":{"rendered":"AVISO LEGAL"},"content":{"rendered":"<div class=\"wpb-content-wrapper\">[vc_row][vc_column][vc_empty_space][mk_fancy_title size=&#8221;20&#8243; txt_transform=&#8221;uppercase&#8221; font_family=&#8221;none&#8221;]Avis legal[\/mk_fancy_title][vc_column_text css=&#8221;.vc_custom_1712318073830{margin-bottom: 0px !important;}&#8221;]<strong>LLEI DE SERVEIS DE LA SOCIETAT DE LA INFORMACI\u00d3 (LSSI)<\/strong><strong>\u00a0<\/strong><\/p>\n<p>IPLAN GESTION INTEGRAL, S.L., responsable del lloc web, d&#8217;ara endavant RESPONSABLE, posa a disposici\u00f3 dels usuaris aquest document, amb el qual pret\u00e9n donar compliment a les obligacions establertes en la Llei 34\/2002, de 11 de juliol, de Serveis de la Societat de la Informaci\u00f3 i Comer\u00e7 Electr\u00f2nic (LSSICE), BOE n\u00fam. 166, aix\u00ed com informar a tots els usuaris del lloc web respecte a les condicions.<\/p>\n<p>Tota persona que accedeixi a aquest lloc web assumeix el paper d&#8217;usuari, comprometent-se a l&#8217;observan\u00e7a i compliment estricte de les disposicions aqu\u00ed disposades, aix\u00ed com a qualssevol altres disposicions legals que siguin aplicables.<\/p>\n<p>IPLAN GESTION INTEGRAL, S.L. es reserva el dret a modificar qualsevol tipus d&#8217;informaci\u00f3 que pogu\u00e9s apar\u00e8ixer en el lloc web, sense que tingui obligaci\u00f3 d\u2019avisar pr\u00e8viament o informar als usuaris d&#8217;aquestes obligacions, entenent-se com suficient la publicaci\u00f3 en el lloc web d&#8217;IPLAN GESTION INTEGRAL, S.L.<\/p>\n<ol>\n<li><strong>Dades identificatives<\/strong><\/li>\n<\/ol>\n<p><a href=\"http:\/\/Nom%20del%20domini:%20www.iplangestion.com\">Nom del domini: www.iplangestion.com<\/a><\/p>\n<p>Nom comercial: IPLAN GESTI\u00d3N INTEGRAL S.L.<\/p>\n<p>Denominaci\u00f3 social: IPLAN GESTI\u00d3N INTEGRAL S.L.<\/p>\n<p>CIF B-64906845<br \/>\nDomicili social: C\/ Almog\u00e0vers 119-123, Planta 1, 08018 Barcelona<br \/>\nTel\u00e8fon: 93 309 13 37<br \/>\nE-mail: <a href=\"mailto:dpd@iplangestion.com\">dpd@iplangestion.es<\/a><\/p>\n<p>Inscrita en el Registre Mercantil de Barcelona, Tom 40623, foli 60, fulla n\u00fam. B 369775, inscripci\u00f3 1<\/p>\n<ol start=\"2\">\n<li><strong>Objecte del lloc web<\/strong><\/li>\n<\/ol>\n<p>Aquest lloc web ha estat creat pel RESPONSABLE amb la finalitat d&#8217;informar sobre els serveis que presta, no constituint en cap cas un mitj\u00e0 d&#8217;assessorament sobre qualsevol de les \u00e0rees especificades.<\/p>\n<p>El simple acc\u00e9s no implica l&#8217;establiment de cap tipus de relaci\u00f3 comercial entre Iplan i l&#8217;usuari.<\/p>\n<ol start=\"3\">\n<li><strong>Termes y Condicions<\/strong><\/li>\n<\/ol>\n<p>Els continguts i serveis inclosos i oferts en aquest lloc web no estan destinats a aquelles persones que resideixin en aquelles jurisdiccions on no estiguin autoritzades. Nom\u00e9s s&#8217;inclouen en aquest lloc web les p\u00e0gines que apareixen dins del mapa del lloc web.<\/p>\n<p>IPLAN realitza els m\u00e0xims esfor\u00e7os per evitar errors en els continguts que es publiquen al lloc web. Aix\u00f2 no implica que la informaci\u00f3 sigui suficientment detallada, completa, exacta o actualitzada, a causa de les variacions que es puguin produir. L&#8217;\u00fas de la informaci\u00f3 facilitada en aquest lloc web \u00e9s responsabilitat exclusiva de l&#8217;usuari, no sent IPLAN en cap cas responsable dels errors o omissions que poguessin existir, aix\u00ed com de l&#8217;aplicaci\u00f3 o \u00fas espec\u00edfic que es pugui fer de la mateixa.<\/p>\n<ol start=\"4\">\n<li><strong>Exempci\u00f3 de Responsabilitat<\/strong><\/li>\n<\/ol>\n<p>El RESPONSABLE s&#8217;eximeix de qualsevol tipus de responsabilitat derivada de la informaci\u00f3 publicada al seu lloc web sempre que aquesta informaci\u00f3 hagi estat manipulada o introdu\u00efda per un tercer ali\u00e8 al mateix.<\/p>\n<p><strong>\u00das de Cookies<\/strong><\/p>\n<p>Aquest lloc web pot utilitzar cookies t\u00e8cniques (petits arxius d&#8217;informaci\u00f3 que el servidor envia a l&#8217;ordinador de qui accedeix a la p\u00e0gina) per dur a terme determinades funcions que s\u00f3n considerades imprescindibles per al bon funcionament i visualitzaci\u00f3 del lloc. Les cookies utilitzades s\u00f3n, en tot cas, de car\u00e0cter temporal, amb l&#8217;\u00fanica finalitat de fer m\u00e9s efica\u00e7 la navegaci\u00f3, i desapareixen en acabar la sessi\u00f3 de l&#8217;usuari. En cap cas, aquestes cookies proporcionen per si mateixes dades de car\u00e0cter personal i no seran utilitzades per a la recollida dels mateixos.<\/p>\n<p>Mitjan\u00e7ant l&#8217;\u00fas de cookies tamb\u00e9 \u00e9s possible que el servidor on es troba la web reconegui el navegador utilitzat per l&#8217;usuari amb la finalitat de facilitar la navegaci\u00f3, permetent, per exemple, l&#8217;acc\u00e9s dels usuaris que s&#8217;hagin registrat pr\u00e8viament a les \u00e0rees, serveis, promocions o concursos reservats exclusivament per a ells sense haver de registrar-se en cada visita. Tamb\u00e9 es poden utilitzar per mesurar l&#8217;audi\u00e8ncia, par\u00e0metres de tr\u00e0fic, monitoritzar el progr\u00e9s i nombre d&#8217;entrades, etc., estant en aquests casos cookies prescindibles t\u00e8cnicament, per\u00f2 beneficioses per a l&#8217;usuari. Aquesta p\u00e0gina web no instal\u00b7lar\u00e0 cookies prescindibles sense el consentiment previ de l&#8217;usuari.<\/p>\n<p>L&#8217;usuari t\u00e9 la possibilitat de configurar el seu navegador per ser alertat de la recepci\u00f3 de cookies i per impedir la seva instal\u00b7laci\u00f3 en el seu ordinador. Si us plau, referiu-vos a les instruccions del vostre navegador per a m\u00e9s informaci\u00f3.<strong>\u00a0<\/strong><\/p>\n<p><strong>Pol\u00edtica d\u2019enlla\u00e7os<\/strong><\/p>\n<p>Des del lloc web, pot ser redirigit a continguts de llocs web de tercers. At\u00e8s que el RESPONSABLE no pot controlar sempre els continguts introdu\u00efts per terceres persones en els seus respectius llocs web, no assumeix cap responsabilitat sobre aquests continguts. En tot cas, es procedir\u00e0 a la retirada immediata de qualsevol contingut que pogu\u00e9s contravenir la legislaci\u00f3 nacional o internacional, la moral o l&#8217;ordre p\u00fablic, procedint a la retirada immediata de la redirecci\u00f3 a aquest lloc web, informant autoritats competents el contingut en q\u00fcesti\u00f3.<\/p>\n<p>El RESPONSABLE no es responsabilitza de la informaci\u00f3 i continguts emmagatzemats, a t\u00edtol enunciatiu per\u00f2 no limitatiu, en f\u00f2rums, xats, generadors de blocs, comentaris, xarxes socials o qualsevol altre mitj\u00e0 que permeti a tercers publicar continguts d&#8217;una manera independent a la p\u00e0gina web del responsable. No obstant aix\u00f2, i en compliment del que estableixen els articles 11 i 16 de la LSSICE, es posa a disposici\u00f3 de tots els usuaris, autoritats i forces de seguretat, col\u00b7laborant activament en la retirada o, si escau, bloqueig de tots els continguts que puguin afectar o contravenir el dret nacional o internacional, els drets de terceres persones o la moral i l&#8217;ordre p\u00fablic. En el cas que l&#8217;usuari consideri que hi ha algun contingut en el lloc web que pogu\u00e9s ser susceptible d&#8217;aquesta classificaci\u00f3, si us plau notifiqui immediatament a l&#8217;administrador del lloc web.<\/p>\n<p>Aquest lloc web ha estat revisat i provat per funcionar correctament. En principi, es pot garantir un correcte funcionament 365 dies a l&#8217;any, 24 hores al dia. No obstant aix\u00f2, el responsable no descarta la possibilitat que exist\u00eds certs errors de programaci\u00f3, o que hi hagi causes de for\u00e7a major, cat\u00e0strofes naturals, vagues o circumst\u00e0ncies semblants que facin impossible l&#8217;acc\u00e9s al lloc web.<\/p>\n<p><strong>Direccions IP<\/strong><\/p>\n<p>Els servidors del lloc web podran detectar autom\u00e0ticament l&#8217;adre\u00e7a IP i el nom de domini utilitzats per l&#8217;usuari. Una adre\u00e7a IP \u00e9s un n\u00famero assignat autom\u00e0ticament a un ordinador quan aquest es connecta a Internet. Tota aquesta informaci\u00f3 es registra en un fitxer d&#8217;activitat del servidor degudament inscrit que permet el posterior processament de les dades amb la finalitat d&#8217;obtenir nom\u00e9s mesuraments estad\u00edstics que permetin con\u00e8ixer el nombre d&#8217;impressions de p\u00e0gina, el nombre de visites realitzades a servidors web, l\u2019ordre de visites, el punt d&#8217;acc\u00e9s, etc.<\/p>\n<ol start=\"5\">\n<li><strong>Propietat Intel\u00b7lectual i Industrial<\/strong><\/li>\n<\/ol>\n<p>El lloc web, incloent a t\u00edtol enunciatiu per\u00f2 no limitatiu la seva programaci\u00f3, edici\u00f3, compilaci\u00f3 i altres elements necessaris per al seu funcionament, els dissenys, logotips, text i\/o gr\u00e0fics, s\u00f3n propietat del RESPONSABLE o, si escau, disposa de llic\u00e8ncia o autoritzaci\u00f3 expressa per part dels autors. Tots els continguts del lloc web es troben degudament protegits per la normativa de propietat intel\u00b7lectual i industrial, aix\u00ed com inscrits en els registres p\u00fablics corresponents.<\/p>\n<p>Independentment de la finalitat per a la qual fossin destinats, la reproducci\u00f3 total o parcial, \u00fas, explotaci\u00f3, distribuci\u00f3 i comercialitzaci\u00f3, requereix en tot cas de l&#8217;autoritzaci\u00f3 escrita pr\u00e8via per part del RESPONSABLE. Qualsevol \u00fas no autoritzat pr\u00e8viament es considera un incompliment greu dels drets de propietat intel\u00b7lectual o industrial de l&#8217;autor.<\/p>\n<p>Els dissenys, logotips, text i\/o gr\u00e0fics aliens al RESPONSABLE i que poguessin apar\u00e8ixer en el lloc web, pertanyen als seus respectius propietaris, sent ells mateixos responsables de qualsevol possible controv\u00e8rsia que pogu\u00e9s suscitar respecte als mateixos. El responsable autoritza expressament a que tercers puguin redirigir directament als continguts concrets del lloc web, i en tot cas redirigir al lloc web principal de <a href=\"http:\/\/www.iplangestion.com\">www.iplangestion.com<\/a>.<\/p>\n<p>El RESPONSABLE reconeix a favor dels seus titulars els corresponents drets de propietat intel\u00b7lectual i industrial, no implicant la seva mera menci\u00f3 o aparici\u00f3 en el lloc web l&#8217;exist\u00e8ncia de drets o qualsevol responsabilitat per ells, ni aval, patrocini o recomanaci\u00f3 per part del mateix.<\/p>\n<p>Per realitzar qualsevol tipus d&#8217;observaci\u00f3 respecte a possibles incompliments dels drets de propietat intel\u00b7lectual o industrial, aix\u00ed com sobre qualsevol dels continguts del lloc web, pot fer-ho a trav\u00e9s del correu electr\u00f2nic <a href=\"mailto:dpd@iplangestion.com\">dpd@iplangestion.es<\/a>.<\/p>\n<ol start=\"6\">\n<li><strong>Legislaci\u00f3 y jurisdicci\u00f3<\/strong><\/li>\n<\/ol>\n<p>Per a la resoluci\u00f3 de totes les controv\u00e8rsies o q\u00fcestions relatives a aquest lloc web o de les activitats que s&#8217;hi realitzin, ser\u00e0 aplicable la legislaci\u00f3 espanyola, a la qual se sotmeten expressament les parts, sent competents per a la resoluci\u00f3 de tots els litigis derivats o relacionats amb la seva utilitzaci\u00f3 per part dels jutjats i tribunals m\u00e9s propers a Barcelona.[\/vc_column_text][\/vc_column][\/vc_row]\n<\/div>","protected":false},"excerpt":{"rendered":"<p>[vc_row][vc_column][vc_empty_space][mk_fancy_title size=&rdquo;20&Prime; txt_transform=&rdquo;uppercase&rdquo; font_family=&rdquo;none&rdquo;]Avis legal[\/mk_fancy_title][vc_column_text css=&rdquo;.vc_custom_1712318073830{margin-bottom: 0px !important;}&rdquo;]LLEI DE SERVEIS DE LA SOCIETAT DE LA INFORMACI&Oacute; (LSSI)&nbsp; IPLAN GESTION INTEGRAL, S.L., responsable del lloc web, d&rsquo;ara endavant RESPONSABLE, posa a disposici&oacute; dels usuaris aquest document, amb el qual pret&eacute;n donar compliment a les obligacions establertes en la Llei 34\/2002, de 11 de juliol, de Serveis [&hellip;]<\/p>\n","protected":false},"author":1,"featured_media":0,"parent":0,"menu_order":29,"comment_status":"closed","ping_status":"closed","template":"","meta":{"footnotes":""},"class_list":["post-8100","page","type-page","status-publish","hentry"],"yoast_head":"<!-- This site is optimized with the Yoast SEO plugin v26.8 - https:\/\/yoast.com\/product\/yoast-seo-wordpress\/ -->\n<title>AVISO LEGAL - iPlan Gesti\u00f3n Integral S.L.<\/title>\n<meta name=\"robots\" content=\"index, follow, max-snippet:-1, max-image-preview:large, max-video-preview:-1\" \/>\n<link rel=\"canonical\" href=\"https:\/\/iplangestion.com\/ca\/aviso-legal\/\" \/>\n<meta property=\"og:locale\" content=\"ca_ES\" \/>\n<meta property=\"og:type\" content=\"article\" \/>\n<meta property=\"og:title\" content=\"AVISO LEGAL - iPlan Gesti\u00f3n Integral S.L.\" \/>\n<meta property=\"og:description\" content=\"[vc_row][vc_column][vc_empty_space][mk_fancy_title size=&rdquo;20&Prime; txt_transform=&rdquo;uppercase&rdquo; font_family=&rdquo;none&rdquo;]Avis legal[\/mk_fancy_title][vc_column_text css=&rdquo;.vc_custom_1712318073830{margin-bottom: 0px !important;}&rdquo;]LLEI DE SERVEIS DE LA SOCIETAT DE LA INFORMACI&Oacute; (LSSI)&nbsp; IPLAN GESTION INTEGRAL, S.L., responsable del lloc web, d&rsquo;ara endavant RESPONSABLE, posa a disposici&oacute; dels usuaris aquest document, amb el qual pret&eacute;n donar compliment a les obligacions establertes en la Llei 34\/2002, de 11 de juliol, de Serveis [&hellip;]\" \/>\n<meta property=\"og:url\" content=\"https:\/\/iplangestion.com\/ca\/aviso-legal\/\" \/>\n<meta property=\"og:site_name\" content=\"iPlan Gesti\u00f3n Integral S.L.\" \/>\n<meta property=\"article:modified_time\" content=\"2024-04-05T11:54:38+00:00\" \/>\n<meta name=\"twitter:card\" content=\"summary_large_image\" \/>\n<meta name=\"twitter:label1\" content=\"Est. reading time\" \/>\n\t<meta name=\"twitter:data1\" content=\"7 minutes\" \/>\n<script type=\"application\/ld+json\" class=\"yoast-schema-graph\">{\"@context\":\"https:\/\/schema.org\",\"@graph\":[{\"@type\":\"WebPage\",\"@id\":\"https:\/\/iplangestion.com\/ca\/aviso-legal\/\",\"url\":\"https:\/\/iplangestion.com\/ca\/aviso-legal\/\",\"name\":\"AVISO LEGAL - iPlan Gesti\u00f3n Integral S.L.\",\"isPartOf\":{\"@id\":\"https:\/\/iplangestion.com\/#website\"},\"datePublished\":\"2014-03-05T12:40:25+00:00\",\"dateModified\":\"2024-04-05T11:54:38+00:00\",\"breadcrumb\":{\"@id\":\"https:\/\/iplangestion.com\/ca\/aviso-legal\/#breadcrumb\"},\"inLanguage\":\"ca\",\"potentialAction\":[{\"@type\":\"ReadAction\",\"target\":[\"https:\/\/iplangestion.com\/ca\/aviso-legal\/\"]}]},{\"@type\":\"BreadcrumbList\",\"@id\":\"https:\/\/iplangestion.com\/ca\/aviso-legal\/#breadcrumb\",\"itemListElement\":[{\"@type\":\"ListItem\",\"position\":1,\"name\":\"Portada\",\"item\":\"https:\/\/iplangestion.com\/ca\/\"},{\"@type\":\"ListItem\",\"position\":2,\"name\":\"AVISO LEGAL\"}]},{\"@type\":\"WebSite\",\"@id\":\"https:\/\/iplangestion.com\/#website\",\"url\":\"https:\/\/iplangestion.com\/\",\"name\":\"iPlan Gesti\u00f3n Integral S.L.\",\"description\":\"Gesti\u00f3n integral de proyectos\",\"potentialAction\":[{\"@type\":\"SearchAction\",\"target\":{\"@type\":\"EntryPoint\",\"urlTemplate\":\"https:\/\/iplangestion.com\/?s={search_term_string}\"},\"query-input\":{\"@type\":\"PropertyValueSpecification\",\"valueRequired\":true,\"valueName\":\"search_term_string\"}}],\"inLanguage\":\"ca\"}]}<\/script>\n<!-- \/ Yoast SEO plugin. -->","yoast_head_json":{"title":"AVISO LEGAL - iPlan Gesti\u00f3n Integral S.L.","robots":{"index":"index","follow":"follow","max-snippet":"max-snippet:-1","max-image-preview":"max-image-preview:large","max-video-preview":"max-video-preview:-1"},"canonical":"https:\/\/iplangestion.com\/ca\/aviso-legal\/","og_locale":"ca_ES","og_type":"article","og_title":"AVISO LEGAL - iPlan Gesti\u00f3n Integral S.L.","og_description":"[vc_row][vc_column][vc_empty_space][mk_fancy_title size=&rdquo;20&Prime; txt_transform=&rdquo;uppercase&rdquo; font_family=&rdquo;none&rdquo;]Avis legal[\/mk_fancy_title][vc_column_text css=&rdquo;.vc_custom_1712318073830{margin-bottom: 0px !important;}&rdquo;]LLEI DE SERVEIS DE LA SOCIETAT DE LA INFORMACI&Oacute; (LSSI)&nbsp; IPLAN GESTION INTEGRAL, S.L., responsable del lloc web, d&rsquo;ara endavant RESPONSABLE, posa a disposici&oacute; dels usuaris aquest document, amb el qual pret&eacute;n donar compliment a les obligacions establertes en la Llei 34\/2002, de 11 de juliol, de Serveis [&hellip;]","og_url":"https:\/\/iplangestion.com\/ca\/aviso-legal\/","og_site_name":"iPlan Gesti\u00f3n Integral S.L.","article_modified_time":"2024-04-05T11:54:38+00:00","twitter_card":"summary_large_image","twitter_misc":{"Est. reading time":"7 minutes"},"schema":{"@context":"https:\/\/schema.org","@graph":[{"@type":"WebPage","@id":"https:\/\/iplangestion.com\/ca\/aviso-legal\/","url":"https:\/\/iplangestion.com\/ca\/aviso-legal\/","name":"AVISO LEGAL - iPlan Gesti\u00f3n Integral S.L.","isPartOf":{"@id":"https:\/\/iplangestion.com\/#website"},"datePublished":"2014-03-05T12:40:25+00:00","dateModified":"2024-04-05T11:54:38+00:00","breadcrumb":{"@id":"https:\/\/iplangestion.com\/ca\/aviso-legal\/#breadcrumb"},"inLanguage":"ca","potentialAction":[{"@type":"ReadAction","target":["https:\/\/iplangestion.com\/ca\/aviso-legal\/"]}]},{"@type":"BreadcrumbList","@id":"https:\/\/iplangestion.com\/ca\/aviso-legal\/#breadcrumb","itemListElement":[{"@type":"ListItem","position":1,"name":"Portada","item":"https:\/\/iplangestion.com\/ca\/"},{"@type":"ListItem","position":2,"name":"AVISO LEGAL"}]},{"@type":"WebSite","@id":"https:\/\/iplangestion.com\/#website","url":"https:\/\/iplangestion.com\/","name":"iPlan Gesti\u00f3n Integral S.L.","description":"Gesti\u00f3n integral de proyectos","potentialAction":[{"@type":"SearchAction","target":{"@type":"EntryPoint","urlTemplate":"https:\/\/iplangestion.com\/?s={search_term_string}"},"query-input":{"@type":"PropertyValueSpecification","valueRequired":true,"valueName":"search_term_string"}}],"inLanguage":"ca"}]}},"_links":{"self":[{"href":"https:\/\/iplangestion.com\/ca\/wp-json\/wp\/v2\/pages\/8100","targetHints":{"allow":["GET"]}}],"collection":[{"href":"https:\/\/iplangestion.com\/ca\/wp-json\/wp\/v2\/pages"}],"about":[{"href":"https:\/\/iplangestion.com\/ca\/wp-json\/wp\/v2\/types\/page"}],"author":[{"embeddable":true,"href":"https:\/\/iplangestion.com\/ca\/wp-json\/wp\/v2\/users\/1"}],"replies":[{"embeddable":true,"href":"https:\/\/iplangestion.com\/ca\/wp-json\/wp\/v2\/comments?post=8100"}],"version-history":[{"count":0,"href":"https:\/\/iplangestion.com\/ca\/wp-json\/wp\/v2\/pages\/8100\/revisions"}],"wp:attachment":[{"href":"https:\/\/iplangestion.com\/ca\/wp-json\/wp\/v2\/media?parent=8100"}],"curies":[{"name":"wp","href":"https:\/\/api.w.org\/{rel}","templated":true}]}}