{"id":7761,"date":"2015-11-07T13:09:45","date_gmt":"2015-11-07T13:09:45","guid":{"rendered":"http:\/\/www.iplangestion.com\/ca\/plan-especial-laat-220-kv-begues-can-jardi\/"},"modified":"2015-11-08T19:39:38","modified_gmt":"2015-11-08T19:39:38","slug":"pla-especial-laat-220-kv-begues-can-jardi","status":"publish","type":"page","link":"https:\/\/iplangestion.com\/ca\/pla-especial-laat-220-kv-begues-can-jardi\/","title":{"rendered":"PLA ESPECIAL  LAAT 220 kV Begues-Can Jard\u00ed"},"content":{"rendered":"<div class=\"wpb-content-wrapper\">[vc_row fullwidth=&#8221;true&#8221;][vc_column][mk_page_title_box page_title=&#8221;Infraestructures El\u00e9ctriques&#8221; section_height=&#8221;120&#8243; bg_image=&#8221;http:\/\/www.iplangestion.com\/wp-content\/uploads\/banner-infraestructuras-electricas1.jpg&#8221; bg_stretch=&#8221;true&#8221; text_align=&#8221;left&#8221; font_size=&#8221;36&#8243; title_letter_spacing=&#8221;1&#8243; font_color=&#8221;#ffffff&#8221; underline=&#8221;false&#8221;][vc_empty_space][\/vc_column][\/vc_row][vc_row][vc_column width=&#8221;2\/3&#8243;][mk_fancy_title tag_name=&#8221;h1&#8243; color=&#8221;#81d742&#8243; size=&#8221;28&#8243; font_weight=&#8221;normal&#8221; font_family=&#8221;none&#8221;]PLA ESPECIAL LAAT 220 kV Begues-Can Jard\u00ed [\/mk_fancy_title][vc_column_text]\n<h5>CARACTER\u00cdSTIQUES GENERALS<\/h5>\n<ul>\n<li>Promotor: RED EL\u00c9CTRICA DE ESPA\u00d1A S.A.<\/li>\n<li>Municipis afectats: Rub\u00ed, Castellbisbal i Terrassa<\/li>\n<\/ul>\n<h5>TREBALLS REALITZATS<\/h5>\n<ul>\n<li>Identificaci\u00f3 de condicionants ambientals, socials i t\u00e8cnics<\/li>\n<li>Tramitaci\u00f3 del Projecte<\/li>\n<li>Redacci\u00f3 de Pla Especial, Informe Ambiental i Estudi d\u2019Impacte i integraci\u00f3 paisatg\u00edstica i edici\u00f3 de documentaci\u00f3<\/li>\n<\/ul>\n<h5>DADES D\u2019INTER\u00c8S<\/h5>\n<ul>\n<li>Longitud tram a substituir: 5.180 m<\/li>\n<li>N\u00ba de recolzaments: 17<\/li>\n<\/ul>\n[\/vc_column_text][\/vc_column][vc_column width=&#8221;1\/3&#8243;][mk_image_slideshow images=&#8221;6569,6566,6563,7087,6560,6557,6554,6551,6548,7090,6884,6887,7071,7074,7064,7061&#8243; image_width=&#8221;400&#8243; animation_speed=&#8221;1671&#8243; slideshow_speed=&#8221;4088&#8243;][mk_button dimension=&#8221;two&#8221; size=&#8221;medium&#8221; url=&#8221;\/ca\/infraestructures-electriques\/&#8221;]Tornar al llistat[\/mk_button][\/vc_column][\/vc_row]\n<\/div>","protected":false},"excerpt":{"rendered":"<p>[vc_row fullwidth=&rdquo;true&rdquo;][vc_column][mk_page_title_box page_title=&rdquo;Infraestructures El&eacute;ctriques&rdquo; section_height=&rdquo;120&Prime; bg_image=&rdquo;http:\/\/www.iplangestion.com\/wp-content\/uploads\/banner-infraestructuras-electricas1.jpg&rdquo; bg_stretch=&rdquo;true&rdquo; text_align=&rdquo;left&rdquo; font_size=&rdquo;36&Prime; title_letter_spacing=&rdquo;1&Prime; font_color=&rdquo;#ffffff&rdquo; underline=&rdquo;false&rdquo;][vc_empty_space][\/vc_column][\/vc_row][vc_row][vc_column width=&rdquo;2\/3&Prime;][mk_fancy_title tag_name=&rdquo;h1&Prime; color=&rdquo;#81d742&Prime; size=&rdquo;28&Prime; font_weight=&rdquo;normal&rdquo; font_family=&rdquo;none&rdquo;]PLA ESPECIAL LAAT 220 kV Begues-Can Jard&iacute; [\/mk_fancy_title][vc_column_text] CARACTER&Iacute;STIQUES GENERALS Promotor: RED EL&Eacute;CTRICA DE ESPA&Ntilde;A S.A. Municipis afectats: Rub&iacute;, Castellbisbal i Terrassa TREBALLS REALITZATS Identificaci&oacute; de condicionants ambientals, socials i t&egrave;cnics Tramitaci&oacute; del Projecte Redacci&oacute; de Pla Especial, [&hellip;]<\/p>\n","protected":false},"author":1,"featured_media":0,"parent":0,"menu_order":0,"comment_status":"closed","ping_status":"closed","template":"","meta":{"footnotes":""},"class_list":["post-7761","page","type-page","status-publish","hentry"],"yoast_head":"<!-- This site is optimized with the Yoast SEO plugin v26.8 - https:\/\/yoast.com\/product\/yoast-seo-wordpress\/ -->\n<title>PLA ESPECIAL LAAT 220 kV Begues-Can Jard\u00ed - iPlan Gesti\u00f3n Integral S.L.<\/title>\n<meta name=\"robots\" content=\"index, follow, max-snippet:-1, max-image-preview:large, max-video-preview:-1\" \/>\n<link rel=\"canonical\" href=\"https:\/\/iplangestion.com\/ca\/pla-especial-laat-220-kv-begues-can-jardi\/\" \/>\n<meta property=\"og:locale\" content=\"ca_ES\" \/>\n<meta property=\"og:type\" content=\"article\" \/>\n<meta property=\"og:title\" content=\"PLA ESPECIAL LAAT 220 kV Begues-Can Jard\u00ed - iPlan Gesti\u00f3n Integral S.L.\" \/>\n<meta property=\"og:description\" content=\"[vc_row fullwidth=&rdquo;true&rdquo;][vc_column][mk_page_title_box page_title=&rdquo;Infraestructures El&eacute;ctriques&rdquo; section_height=&rdquo;120&Prime; bg_image=&rdquo;http:\/\/www.iplangestion.com\/wp-content\/uploads\/banner-infraestructuras-electricas1.jpg&rdquo; bg_stretch=&rdquo;true&rdquo; text_align=&rdquo;left&rdquo; font_size=&rdquo;36&Prime; title_letter_spacing=&rdquo;1&Prime; font_color=&rdquo;#ffffff&rdquo; underline=&rdquo;false&rdquo;][vc_empty_space][\/vc_column][\/vc_row][vc_row][vc_column width=&rdquo;2\/3&Prime;][mk_fancy_title tag_name=&rdquo;h1&Prime; color=&rdquo;#81d742&Prime; size=&rdquo;28&Prime; font_weight=&rdquo;normal&rdquo; font_family=&rdquo;none&rdquo;]PLA ESPECIAL LAAT 220 kV Begues-Can Jard&iacute; [\/mk_fancy_title][vc_column_text] CARACTER&Iacute;STIQUES GENERALS Promotor: RED EL&Eacute;CTRICA DE ESPA&Ntilde;A S.A. Municipis afectats: Rub&iacute;, Castellbisbal i Terrassa TREBALLS REALITZATS Identificaci&oacute; de condicionants ambientals, socials i t&egrave;cnics Tramitaci&oacute; del Projecte Redacci&oacute; de Pla Especial, [&hellip;]\" \/>\n<meta property=\"og:url\" content=\"https:\/\/iplangestion.com\/ca\/pla-especial-laat-220-kv-begues-can-jardi\/\" \/>\n<meta property=\"og:site_name\" content=\"iPlan Gesti\u00f3n Integral S.L.\" \/>\n<meta property=\"article:modified_time\" content=\"2015-11-08T19:39:38+00:00\" \/>\n<meta name=\"twitter:card\" content=\"summary_large_image\" \/>\n<meta name=\"twitter:label1\" content=\"Est. reading time\" \/>\n\t<meta name=\"twitter:data1\" content=\"1 minute\" \/>\n<script type=\"application\/ld+json\" class=\"yoast-schema-graph\">{\"@context\":\"https:\/\/schema.org\",\"@graph\":[{\"@type\":\"WebPage\",\"@id\":\"https:\/\/iplangestion.com\/ca\/pla-especial-laat-220-kv-begues-can-jardi\/\",\"url\":\"https:\/\/iplangestion.com\/ca\/pla-especial-laat-220-kv-begues-can-jardi\/\",\"name\":\"PLA ESPECIAL LAAT 220 kV Begues-Can Jard\u00ed - iPlan Gesti\u00f3n Integral S.L.\",\"isPartOf\":{\"@id\":\"https:\/\/iplangestion.com\/#website\"},\"datePublished\":\"2015-11-07T13:09:45+00:00\",\"dateModified\":\"2015-11-08T19:39:38+00:00\",\"breadcrumb\":{\"@id\":\"https:\/\/iplangestion.com\/ca\/pla-especial-laat-220-kv-begues-can-jardi\/#breadcrumb\"},\"inLanguage\":\"ca\",\"potentialAction\":[{\"@type\":\"ReadAction\",\"target\":[\"https:\/\/iplangestion.com\/ca\/pla-especial-laat-220-kv-begues-can-jardi\/\"]}]},{\"@type\":\"BreadcrumbList\",\"@id\":\"https:\/\/iplangestion.com\/ca\/pla-especial-laat-220-kv-begues-can-jardi\/#breadcrumb\",\"itemListElement\":[{\"@type\":\"ListItem\",\"position\":1,\"name\":\"Portada\",\"item\":\"https:\/\/iplangestion.com\/ca\/\"},{\"@type\":\"ListItem\",\"position\":2,\"name\":\"PLA ESPECIAL LAAT 220 kV Begues-Can Jard\u00ed\"}]},{\"@type\":\"WebSite\",\"@id\":\"https:\/\/iplangestion.com\/#website\",\"url\":\"https:\/\/iplangestion.com\/\",\"name\":\"iPlan Gesti\u00f3n Integral S.L.\",\"description\":\"Gesti\u00f3n integral de proyectos\",\"potentialAction\":[{\"@type\":\"SearchAction\",\"target\":{\"@type\":\"EntryPoint\",\"urlTemplate\":\"https:\/\/iplangestion.com\/?s={search_term_string}\"},\"query-input\":{\"@type\":\"PropertyValueSpecification\",\"valueRequired\":true,\"valueName\":\"search_term_string\"}}],\"inLanguage\":\"ca\"}]}<\/script>\n<!-- \/ Yoast SEO plugin. -->","yoast_head_json":{"title":"PLA ESPECIAL LAAT 220 kV Begues-Can Jard\u00ed - iPlan Gesti\u00f3n Integral S.L.","robots":{"index":"index","follow":"follow","max-snippet":"max-snippet:-1","max-image-preview":"max-image-preview:large","max-video-preview":"max-video-preview:-1"},"canonical":"https:\/\/iplangestion.com\/ca\/pla-especial-laat-220-kv-begues-can-jardi\/","og_locale":"ca_ES","og_type":"article","og_title":"PLA ESPECIAL LAAT 220 kV Begues-Can Jard\u00ed - iPlan Gesti\u00f3n Integral S.L.","og_description":"[vc_row fullwidth=&rdquo;true&rdquo;][vc_column][mk_page_title_box page_title=&rdquo;Infraestructures El&eacute;ctriques&rdquo; section_height=&rdquo;120&Prime; bg_image=&rdquo;http:\/\/www.iplangestion.com\/wp-content\/uploads\/banner-infraestructuras-electricas1.jpg&rdquo; bg_stretch=&rdquo;true&rdquo; text_align=&rdquo;left&rdquo; font_size=&rdquo;36&Prime; title_letter_spacing=&rdquo;1&Prime; font_color=&rdquo;#ffffff&rdquo; underline=&rdquo;false&rdquo;][vc_empty_space][\/vc_column][\/vc_row][vc_row][vc_column width=&rdquo;2\/3&Prime;][mk_fancy_title tag_name=&rdquo;h1&Prime; color=&rdquo;#81d742&Prime; size=&rdquo;28&Prime; font_weight=&rdquo;normal&rdquo; font_family=&rdquo;none&rdquo;]PLA ESPECIAL LAAT 220 kV Begues-Can Jard&iacute; [\/mk_fancy_title][vc_column_text] CARACTER&Iacute;STIQUES GENERALS Promotor: RED EL&Eacute;CTRICA DE ESPA&Ntilde;A S.A. Municipis afectats: Rub&iacute;, Castellbisbal i Terrassa TREBALLS REALITZATS Identificaci&oacute; de condicionants ambientals, socials i t&egrave;cnics Tramitaci&oacute; del Projecte Redacci&oacute; de Pla Especial, [&hellip;]","og_url":"https:\/\/iplangestion.com\/ca\/pla-especial-laat-220-kv-begues-can-jardi\/","og_site_name":"iPlan Gesti\u00f3n Integral S.L.","article_modified_time":"2015-11-08T19:39:38+00:00","twitter_card":"summary_large_image","twitter_misc":{"Est. reading time":"1 minute"},"schema":{"@context":"https:\/\/schema.org","@graph":[{"@type":"WebPage","@id":"https:\/\/iplangestion.com\/ca\/pla-especial-laat-220-kv-begues-can-jardi\/","url":"https:\/\/iplangestion.com\/ca\/pla-especial-laat-220-kv-begues-can-jardi\/","name":"PLA ESPECIAL LAAT 220 kV Begues-Can Jard\u00ed - iPlan Gesti\u00f3n Integral S.L.","isPartOf":{"@id":"https:\/\/iplangestion.com\/#website"},"datePublished":"2015-11-07T13:09:45+00:00","dateModified":"2015-11-08T19:39:38+00:00","breadcrumb":{"@id":"https:\/\/iplangestion.com\/ca\/pla-especial-laat-220-kv-begues-can-jardi\/#breadcrumb"},"inLanguage":"ca","potentialAction":[{"@type":"ReadAction","target":["https:\/\/iplangestion.com\/ca\/pla-especial-laat-220-kv-begues-can-jardi\/"]}]},{"@type":"BreadcrumbList","@id":"https:\/\/iplangestion.com\/ca\/pla-especial-laat-220-kv-begues-can-jardi\/#breadcrumb","itemListElement":[{"@type":"ListItem","position":1,"name":"Portada","item":"https:\/\/iplangestion.com\/ca\/"},{"@type":"ListItem","position":2,"name":"PLA ESPECIAL LAAT 220 kV Begues-Can Jard\u00ed"}]},{"@type":"WebSite","@id":"https:\/\/iplangestion.com\/#website","url":"https:\/\/iplangestion.com\/","name":"iPlan Gesti\u00f3n Integral S.L.","description":"Gesti\u00f3n integral de proyectos","potentialAction":[{"@type":"SearchAction","target":{"@type":"EntryPoint","urlTemplate":"https:\/\/iplangestion.com\/?s={search_term_string}"},"query-input":{"@type":"PropertyValueSpecification","valueRequired":true,"valueName":"search_term_string"}}],"inLanguage":"ca"}]}},"_links":{"self":[{"href":"https:\/\/iplangestion.com\/ca\/wp-json\/wp\/v2\/pages\/7761","targetHints":{"allow":["GET"]}}],"collection":[{"href":"https:\/\/iplangestion.com\/ca\/wp-json\/wp\/v2\/pages"}],"about":[{"href":"https:\/\/iplangestion.com\/ca\/wp-json\/wp\/v2\/types\/page"}],"author":[{"embeddable":true,"href":"https:\/\/iplangestion.com\/ca\/wp-json\/wp\/v2\/users\/1"}],"replies":[{"embeddable":true,"href":"https:\/\/iplangestion.com\/ca\/wp-json\/wp\/v2\/comments?post=7761"}],"version-history":[{"count":0,"href":"https:\/\/iplangestion.com\/ca\/wp-json\/wp\/v2\/pages\/7761\/revisions"}],"wp:attachment":[{"href":"https:\/\/iplangestion.com\/ca\/wp-json\/wp\/v2\/media?parent=7761"}],"curies":[{"name":"wp","href":"https:\/\/api.w.org\/{rel}","templated":true}]}}