{"id":7675,"date":"2013-09-13T11:19:56","date_gmt":"2013-09-13T11:19:56","guid":{"rendered":"http:\/\/www.iplangestion.com\/ca\/medioambiente\/"},"modified":"2015-11-08T19:32:03","modified_gmt":"2015-11-08T19:32:03","slug":"medi-ambient","status":"publish","type":"page","link":"https:\/\/iplangestion.com\/ca\/medi-ambient\/","title":{"rendered":"Medi Ambient"},"content":{"rendered":"<div class=\"wpb-content-wrapper\">[vc_row fullwidth=&#8221;true&#8221;][vc_column][mk_page_title_box page_title=&#8221;Medi Ambient&#8221; section_height=&#8221;120&#8243; bg_image=&#8221;http:\/\/www.iplangestion.com\/wp-content\/uploads\/banner-medio-ambiente-e1445868447512.jpg&#8221; bg_stretch=&#8221;true&#8221; text_align=&#8221;left&#8221; font_size=&#8221;36&#8243; title_letter_spacing=&#8221;1&#8243; font_color=&#8221;#ffffff&#8221;][vc_empty_space][\/vc_column][\/vc_row][vc_row][vc_column][vc_column_text]<strong>IPLAN<\/strong> compta amb un Departament de Medi ambient, format per un equip multidisciplinari de t\u00e8cnics amb experi\u00e8ncia en el camp de les Assist\u00e8ncies de l&#8217;Enginyeria Mediambiental.<\/p>\n<p>Aquest coneixement de l&#8217;aplicaci\u00f3 pr\u00e0ctica de la teoria ha fomentat el desenvolupament d&#8217;altres treballs de car\u00e0cter ambiental en fase de projecte amb un alt valor afegit.[\/vc_column_text][mk_fancy_title color=&#8221;#56962e&#8221; size=&#8221;22&#8243; font_weight=&#8221;normal&#8221; margin_bottom=&#8221;5&#8243; font_family=&#8221;none&#8221;]\u00c0REES D&#8217;ACTUACI\u00d3[\/mk_fancy_title][mk_custom_box border_color=&#8221;#d3d3d3&#8243; predefined_bg=&#8221;1&#8243; padding_vertical=&#8221;20&#8243; min_height=&#8221;50&#8243;][vc_row_inner][vc_column_inner width=&#8221;2\/3&#8243;][mk_fancy_title color=&#8221;#56962e&#8221; size=&#8221;22&#8243; font_weight=&#8221;normal&#8221; margin_bottom=&#8221;5&#8243; font_family=&#8221;none&#8221;]En fase de projecte[\/mk_fancy_title][mk_custom_list]\n<ul>\n<li>Estudis d&#8217;impacte ambiental<\/li>\n<li>Treballs de planificaci\u00f3 territorial i Avaluaci\u00f3 ambiental de plans i programa<\/li>\n<li>Estudis d&#8217;impacte i integraci\u00f3 paisatg\u00edstica<\/li>\n<li>Ambientalitzaci\u00f3 d&#8217;edificis, implantaci\u00f3 d&#8217;energies renovables i canvi clim\u00e0tic<\/li>\n<li>Restauraci\u00f3 d&#8217;espais i annexos de mesures correctores<\/li>\n<li>Estudis de gesti\u00f3 de residus de la construcci\u00f3 i demolici\u00f3<\/li>\n<li>Planes de prevenci\u00f3 d&#8217;incendis forestals.<\/li>\n<li>Tramitaci\u00f3 de llic\u00e8ncies i autoritzacions ambientals<\/li>\n<li>Estudis de car\u00e0cter ambiental divers adaptats a les necessitats del client<\/li>\n<\/ul>\n[\/mk_custom_list][\/vc_column_inner][vc_column_inner width=&#8221;1\/3&#8243;][mk_padding_divider size=&#8221;60&#8243;][mk_image_slideshow images=&#8221;6500,6496&#8243; image_width=&#8221;400&#8243; image_height=&#8221;230&#8243;][\/vc_column_inner][\/vc_row_inner][\/mk_custom_box][vc_empty_space][mk_custom_box border_color=&#8221;#d3d3d3&#8243; predefined_bg=&#8221;1&#8243; padding_vertical=&#8221;20&#8243; min_height=&#8221;50&#8243;][vc_row_inner][vc_column_inner width=&#8221;2\/3&#8243;][mk_fancy_title color=&#8221;#56962e&#8221; size=&#8221;22&#8243; font_weight=&#8221;normal&#8221; margin_bottom=&#8221;5&#8243; font_family=&#8221;none&#8221;]En fase d&#8217;execuci\u00f3[\/mk_fancy_title][mk_custom_list]\n<ul>\n<li>Elaboraci\u00f3 i revisi\u00f3 de Programes de Vigil\u00e0ncia ambiental d&#8217;obres i Planes de gesti\u00f3 ambiental<\/li>\n<li>Seguiment i supervisi\u00f3 ambiental d&#8217;obres d&#8217;acord amb els est\u00e0ndards requerits pel client<\/li>\n<li>Direccions ambientals d&#8217;obres<\/li>\n<li>Elaboraci\u00f3 d&#8217;informes de seguiment per al client, l&#8217;administraci\u00f3 o altres organismes que ho requereixin<\/li>\n<li>Seguiment i avaluaci\u00f3 de fauna o vegetaci\u00f3 sensible en fase d&#8217;obres<\/li>\n<\/ul>\n[\/mk_custom_list][\/vc_column_inner][vc_column_inner width=&#8221;1\/3&#8243;][mk_padding_divider size=&#8221;60&#8243;][mk_image_slideshow images=&#8221;6493,549&#8243; image_width=&#8221;400&#8243; image_height=&#8221;230&#8243;][\/vc_column_inner][\/vc_row_inner][\/mk_custom_box][\/vc_column][\/vc_row]\n<\/div>","protected":false},"excerpt":{"rendered":"<p>[vc_row fullwidth=&rdquo;true&rdquo;][vc_column][mk_page_title_box page_title=&rdquo;Medi Ambient&rdquo; section_height=&rdquo;120&Prime; bg_image=&rdquo;http:\/\/www.iplangestion.com\/wp-content\/uploads\/banner-medio-ambiente-e1445868447512.jpg&rdquo; bg_stretch=&rdquo;true&rdquo; text_align=&rdquo;left&rdquo; font_size=&rdquo;36&Prime; title_letter_spacing=&rdquo;1&Prime; font_color=&rdquo;#ffffff&rdquo;][vc_empty_space][\/vc_column][\/vc_row][vc_row][vc_column][vc_column_text]IPLAN compta amb un Departament de Medi ambient, format per un equip multidisciplinari de t&egrave;cnics amb experi&egrave;ncia en el camp de les Assist&egrave;ncies de l&rsquo;Enginyeria Mediambiental. Aquest coneixement de l&rsquo;aplicaci&oacute; pr&agrave;ctica de la teoria ha fomentat el desenvolupament d&rsquo;altres treballs de car&agrave;cter ambiental en fase [&hellip;]<\/p>\n","protected":false},"author":1,"featured_media":0,"parent":0,"menu_order":43,"comment_status":"closed","ping_status":"closed","template":"","meta":{"footnotes":""},"class_list":["post-7675","page","type-page","status-publish","hentry"],"yoast_head":"<!-- This site is optimized with the Yoast SEO plugin v26.8 - https:\/\/yoast.com\/product\/yoast-seo-wordpress\/ -->\n<title>Medi Ambient - iPlan Gesti\u00f3n Integral S.L.<\/title>\n<meta name=\"robots\" content=\"index, follow, max-snippet:-1, max-image-preview:large, max-video-preview:-1\" \/>\n<link rel=\"canonical\" href=\"https:\/\/iplangestion.com\/ca\/medi-ambient\/\" \/>\n<meta property=\"og:locale\" content=\"ca_ES\" \/>\n<meta property=\"og:type\" content=\"article\" \/>\n<meta property=\"og:title\" content=\"Medi Ambient - iPlan Gesti\u00f3n Integral S.L.\" \/>\n<meta property=\"og:description\" content=\"[vc_row fullwidth=&rdquo;true&rdquo;][vc_column][mk_page_title_box page_title=&rdquo;Medi Ambient&rdquo; section_height=&rdquo;120&Prime; bg_image=&rdquo;http:\/\/www.iplangestion.com\/wp-content\/uploads\/banner-medio-ambiente-e1445868447512.jpg&rdquo; bg_stretch=&rdquo;true&rdquo; text_align=&rdquo;left&rdquo; font_size=&rdquo;36&Prime; title_letter_spacing=&rdquo;1&Prime; font_color=&rdquo;#ffffff&rdquo;][vc_empty_space][\/vc_column][\/vc_row][vc_row][vc_column][vc_column_text]IPLAN compta amb un Departament de Medi ambient, format per un equip multidisciplinari de t&egrave;cnics amb experi&egrave;ncia en el camp de les Assist&egrave;ncies de l&rsquo;Enginyeria Mediambiental. Aquest coneixement de l&rsquo;aplicaci&oacute; pr&agrave;ctica de la teoria ha fomentat el desenvolupament d&rsquo;altres treballs de car&agrave;cter ambiental en fase [&hellip;]\" \/>\n<meta property=\"og:url\" content=\"https:\/\/iplangestion.com\/ca\/medi-ambient\/\" \/>\n<meta property=\"og:site_name\" content=\"iPlan Gesti\u00f3n Integral S.L.\" \/>\n<meta property=\"article:modified_time\" content=\"2015-11-08T19:32:03+00:00\" \/>\n<meta name=\"twitter:card\" content=\"summary_large_image\" \/>\n<meta name=\"twitter:label1\" content=\"Est. reading time\" \/>\n\t<meta name=\"twitter:data1\" content=\"2 minutes\" \/>\n<script type=\"application\/ld+json\" class=\"yoast-schema-graph\">{\"@context\":\"https:\/\/schema.org\",\"@graph\":[{\"@type\":\"WebPage\",\"@id\":\"https:\/\/iplangestion.com\/ca\/medi-ambient\/\",\"url\":\"https:\/\/iplangestion.com\/ca\/medi-ambient\/\",\"name\":\"Medi Ambient - iPlan Gesti\u00f3n Integral S.L.\",\"isPartOf\":{\"@id\":\"https:\/\/iplangestion.com\/#website\"},\"datePublished\":\"2013-09-13T11:19:56+00:00\",\"dateModified\":\"2015-11-08T19:32:03+00:00\",\"breadcrumb\":{\"@id\":\"https:\/\/iplangestion.com\/ca\/medi-ambient\/#breadcrumb\"},\"inLanguage\":\"ca\",\"potentialAction\":[{\"@type\":\"ReadAction\",\"target\":[\"https:\/\/iplangestion.com\/ca\/medi-ambient\/\"]}]},{\"@type\":\"BreadcrumbList\",\"@id\":\"https:\/\/iplangestion.com\/ca\/medi-ambient\/#breadcrumb\",\"itemListElement\":[{\"@type\":\"ListItem\",\"position\":1,\"name\":\"Portada\",\"item\":\"https:\/\/iplangestion.com\/ca\/\"},{\"@type\":\"ListItem\",\"position\":2,\"name\":\"Medi Ambient\"}]},{\"@type\":\"WebSite\",\"@id\":\"https:\/\/iplangestion.com\/#website\",\"url\":\"https:\/\/iplangestion.com\/\",\"name\":\"iPlan Gesti\u00f3n Integral S.L.\",\"description\":\"Gesti\u00f3n integral de proyectos\",\"potentialAction\":[{\"@type\":\"SearchAction\",\"target\":{\"@type\":\"EntryPoint\",\"urlTemplate\":\"https:\/\/iplangestion.com\/?s={search_term_string}\"},\"query-input\":{\"@type\":\"PropertyValueSpecification\",\"valueRequired\":true,\"valueName\":\"search_term_string\"}}],\"inLanguage\":\"ca\"}]}<\/script>\n<!-- \/ Yoast SEO plugin. -->","yoast_head_json":{"title":"Medi Ambient - iPlan Gesti\u00f3n Integral S.L.","robots":{"index":"index","follow":"follow","max-snippet":"max-snippet:-1","max-image-preview":"max-image-preview:large","max-video-preview":"max-video-preview:-1"},"canonical":"https:\/\/iplangestion.com\/ca\/medi-ambient\/","og_locale":"ca_ES","og_type":"article","og_title":"Medi Ambient - iPlan Gesti\u00f3n Integral S.L.","og_description":"[vc_row fullwidth=&rdquo;true&rdquo;][vc_column][mk_page_title_box page_title=&rdquo;Medi Ambient&rdquo; section_height=&rdquo;120&Prime; bg_image=&rdquo;http:\/\/www.iplangestion.com\/wp-content\/uploads\/banner-medio-ambiente-e1445868447512.jpg&rdquo; bg_stretch=&rdquo;true&rdquo; text_align=&rdquo;left&rdquo; font_size=&rdquo;36&Prime; title_letter_spacing=&rdquo;1&Prime; font_color=&rdquo;#ffffff&rdquo;][vc_empty_space][\/vc_column][\/vc_row][vc_row][vc_column][vc_column_text]IPLAN compta amb un Departament de Medi ambient, format per un equip multidisciplinari de t&egrave;cnics amb experi&egrave;ncia en el camp de les Assist&egrave;ncies de l&rsquo;Enginyeria Mediambiental. Aquest coneixement de l&rsquo;aplicaci&oacute; pr&agrave;ctica de la teoria ha fomentat el desenvolupament d&rsquo;altres treballs de car&agrave;cter ambiental en fase [&hellip;]","og_url":"https:\/\/iplangestion.com\/ca\/medi-ambient\/","og_site_name":"iPlan Gesti\u00f3n Integral S.L.","article_modified_time":"2015-11-08T19:32:03+00:00","twitter_card":"summary_large_image","twitter_misc":{"Est. reading time":"2 minutes"},"schema":{"@context":"https:\/\/schema.org","@graph":[{"@type":"WebPage","@id":"https:\/\/iplangestion.com\/ca\/medi-ambient\/","url":"https:\/\/iplangestion.com\/ca\/medi-ambient\/","name":"Medi Ambient - iPlan Gesti\u00f3n Integral S.L.","isPartOf":{"@id":"https:\/\/iplangestion.com\/#website"},"datePublished":"2013-09-13T11:19:56+00:00","dateModified":"2015-11-08T19:32:03+00:00","breadcrumb":{"@id":"https:\/\/iplangestion.com\/ca\/medi-ambient\/#breadcrumb"},"inLanguage":"ca","potentialAction":[{"@type":"ReadAction","target":["https:\/\/iplangestion.com\/ca\/medi-ambient\/"]}]},{"@type":"BreadcrumbList","@id":"https:\/\/iplangestion.com\/ca\/medi-ambient\/#breadcrumb","itemListElement":[{"@type":"ListItem","position":1,"name":"Portada","item":"https:\/\/iplangestion.com\/ca\/"},{"@type":"ListItem","position":2,"name":"Medi Ambient"}]},{"@type":"WebSite","@id":"https:\/\/iplangestion.com\/#website","url":"https:\/\/iplangestion.com\/","name":"iPlan Gesti\u00f3n Integral S.L.","description":"Gesti\u00f3n integral de proyectos","potentialAction":[{"@type":"SearchAction","target":{"@type":"EntryPoint","urlTemplate":"https:\/\/iplangestion.com\/?s={search_term_string}"},"query-input":{"@type":"PropertyValueSpecification","valueRequired":true,"valueName":"search_term_string"}}],"inLanguage":"ca"}]}},"_links":{"self":[{"href":"https:\/\/iplangestion.com\/ca\/wp-json\/wp\/v2\/pages\/7675","targetHints":{"allow":["GET"]}}],"collection":[{"href":"https:\/\/iplangestion.com\/ca\/wp-json\/wp\/v2\/pages"}],"about":[{"href":"https:\/\/iplangestion.com\/ca\/wp-json\/wp\/v2\/types\/page"}],"author":[{"embeddable":true,"href":"https:\/\/iplangestion.com\/ca\/wp-json\/wp\/v2\/users\/1"}],"replies":[{"embeddable":true,"href":"https:\/\/iplangestion.com\/ca\/wp-json\/wp\/v2\/comments?post=7675"}],"version-history":[{"count":0,"href":"https:\/\/iplangestion.com\/ca\/wp-json\/wp\/v2\/pages\/7675\/revisions"}],"wp:attachment":[{"href":"https:\/\/iplangestion.com\/ca\/wp-json\/wp\/v2\/media?parent=7675"}],"curies":[{"name":"wp","href":"https:\/\/api.w.org\/{rel}","templated":true}]}}