{"id":7673,"date":"2013-09-13T11:19:07","date_gmt":"2013-09-13T11:19:07","guid":{"rendered":"http:\/\/www.iplangestion.com\/ca\/seguridad-y-salud\/"},"modified":"2015-11-08T19:32:03","modified_gmt":"2015-11-08T19:32:03","slug":"seguridad-y-salud","status":"publish","type":"page","link":"https:\/\/iplangestion.com\/ca\/seguridad-y-salud\/","title":{"rendered":"Seguretat i Salut"},"content":{"rendered":"<div class=\"wpb-content-wrapper\">[vc_row fullwidth=&#8221;true&#8221;][vc_column][mk_page_title_box page_title=&#8221;Seguretat i Salut&#8221; section_height=&#8221;120&#8243; bg_image=&#8221;http:\/\/www.iplangestion.com\/wp-content\/uploads\/banner-secur2_Seguridad-y-salud-e1445868290107.jpg&#8221; bg_stretch=&#8221;true&#8221; text_align=&#8221;left&#8221; font_size=&#8221;36&#8243; title_letter_spacing=&#8221;1&#8243; font_color=&#8221;#ffffff&#8221;][vc_empty_space][\/vc_column][\/vc_row][vc_row][vc_column][vc_column_text]<strong>IPLAN<\/strong> compta amb un Departament de Seguretat i Salut, amb \u00e0mplia experi\u00e8ncia en l&#8217;\u00e0rea de prevenci\u00f3 de riscos laborals.[\/vc_column_text][mk_custom_box border_color=&#8221;#d3d3d3&#8243; predefined_bg=&#8221;1&#8243; padding_vertical=&#8221;15&#8243; margin_bottom=&#8221;5&#8243; min_height=&#8221;40&#8243;][vc_row_inner][vc_column_inner width=&#8221;2\/3&#8243;][mk_padding_divider size=&#8221;20&#8243;][mk_custom_list]\n<ul>\n<li>Coordinaci\u00f3 de seguretat i salut dels diferents projectes, el desenvolupament dels quals dep\u00e8n de la coordinaci\u00f3 de les diferents activitats de l&#8217;obra com a garantia que els contractistes i la resta d&#8217;entitats apliquin els principis b\u00e0sics de prevenci\u00f3 i seguretat laboral.<\/li>\n<li>Desenvolupament d&#8217;estudis i plans de seguretat.<\/li>\n<li>Organitzaci\u00f3 de la coordinaci\u00f3 d&#8217;activitats empresarials.<\/li>\n<li>Assist\u00e8ncia t\u00e8cnica en seguretat i salut laboral.<\/li>\n<li>Auditories dels sistemes de gesti\u00f3 preventius.<\/li>\n<\/ul>\n[\/mk_custom_list][\/vc_column_inner][vc_column_inner width=&#8221;1\/3&#8243;][mk_padding_divider size=&#8221;20&#8243;][mk_image_slideshow images=&#8221;6476,6473&#8243; image_width=&#8221;400&#8243; image_height=&#8221;230&#8243;][\/vc_column_inner][\/vc_row_inner][\/mk_custom_box][\/vc_column][\/vc_row]\n<\/div>","protected":false},"excerpt":{"rendered":"<p>[vc_row fullwidth=&rdquo;true&rdquo;][vc_column][mk_page_title_box page_title=&rdquo;Seguretat i Salut&rdquo; section_height=&rdquo;120&Prime; bg_image=&rdquo;http:\/\/www.iplangestion.com\/wp-content\/uploads\/banner-secur2_Seguridad-y-salud-e1445868290107.jpg&rdquo; bg_stretch=&rdquo;true&rdquo; text_align=&rdquo;left&rdquo; font_size=&rdquo;36&Prime; title_letter_spacing=&rdquo;1&Prime; font_color=&rdquo;#ffffff&rdquo;][vc_empty_space][\/vc_column][\/vc_row][vc_row][vc_column][vc_column_text]IPLAN compta amb un Departament de Seguretat i Salut, amb &agrave;mplia experi&egrave;ncia en l&rsquo;&agrave;rea de prevenci&oacute; de riscos laborals.[\/vc_column_text][mk_custom_box border_color=&rdquo;#d3d3d3&Prime; predefined_bg=&rdquo;1&Prime; padding_vertical=&rdquo;15&Prime; margin_bottom=&rdquo;5&Prime; min_height=&rdquo;40&Prime;][vc_row_inner][vc_column_inner width=&rdquo;2\/3&Prime;][mk_padding_divider size=&rdquo;20&Prime;][mk_custom_list] Coordinaci&oacute; de seguretat i salut dels diferents projectes, el desenvolupament dels quals dep&egrave;n de la coordinaci&oacute; de les [&hellip;]<\/p>\n","protected":false},"author":1,"featured_media":0,"parent":0,"menu_order":44,"comment_status":"closed","ping_status":"closed","template":"","meta":{"footnotes":""},"class_list":["post-7673","page","type-page","status-publish","hentry"],"yoast_head":"<!-- This site is optimized with the Yoast SEO plugin v26.8 - https:\/\/yoast.com\/product\/yoast-seo-wordpress\/ -->\n<title>Seguretat i Salut - iPlan Gesti\u00f3n Integral S.L.<\/title>\n<meta name=\"robots\" content=\"index, follow, max-snippet:-1, max-image-preview:large, max-video-preview:-1\" \/>\n<link rel=\"canonical\" href=\"https:\/\/iplangestion.com\/ca\/seguridad-y-salud\/\" \/>\n<meta property=\"og:locale\" content=\"ca_ES\" \/>\n<meta property=\"og:type\" content=\"article\" \/>\n<meta property=\"og:title\" content=\"Seguretat i Salut - iPlan Gesti\u00f3n Integral S.L.\" \/>\n<meta property=\"og:description\" content=\"[vc_row fullwidth=&rdquo;true&rdquo;][vc_column][mk_page_title_box page_title=&rdquo;Seguretat i Salut&rdquo; section_height=&rdquo;120&Prime; bg_image=&rdquo;http:\/\/www.iplangestion.com\/wp-content\/uploads\/banner-secur2_Seguridad-y-salud-e1445868290107.jpg&rdquo; bg_stretch=&rdquo;true&rdquo; text_align=&rdquo;left&rdquo; font_size=&rdquo;36&Prime; title_letter_spacing=&rdquo;1&Prime; font_color=&rdquo;#ffffff&rdquo;][vc_empty_space][\/vc_column][\/vc_row][vc_row][vc_column][vc_column_text]IPLAN compta amb un Departament de Seguretat i Salut, amb &agrave;mplia experi&egrave;ncia en l&rsquo;&agrave;rea de prevenci&oacute; de riscos laborals.[\/vc_column_text][mk_custom_box border_color=&rdquo;#d3d3d3&Prime; predefined_bg=&rdquo;1&Prime; padding_vertical=&rdquo;15&Prime; margin_bottom=&rdquo;5&Prime; min_height=&rdquo;40&Prime;][vc_row_inner][vc_column_inner width=&rdquo;2\/3&Prime;][mk_padding_divider size=&rdquo;20&Prime;][mk_custom_list] Coordinaci&oacute; de seguretat i salut dels diferents projectes, el desenvolupament dels quals dep&egrave;n de la coordinaci&oacute; de les [&hellip;]\" \/>\n<meta property=\"og:url\" content=\"https:\/\/iplangestion.com\/ca\/seguridad-y-salud\/\" \/>\n<meta property=\"og:site_name\" content=\"iPlan Gesti\u00f3n Integral S.L.\" \/>\n<meta property=\"article:modified_time\" content=\"2015-11-08T19:32:03+00:00\" \/>\n<meta name=\"twitter:card\" content=\"summary_large_image\" \/>\n<meta name=\"twitter:label1\" content=\"Est. reading time\" \/>\n\t<meta name=\"twitter:data1\" content=\"1 minute\" \/>\n<script type=\"application\/ld+json\" class=\"yoast-schema-graph\">{\"@context\":\"https:\/\/schema.org\",\"@graph\":[{\"@type\":\"WebPage\",\"@id\":\"https:\/\/iplangestion.com\/ca\/seguridad-y-salud\/\",\"url\":\"https:\/\/iplangestion.com\/ca\/seguridad-y-salud\/\",\"name\":\"Seguretat i Salut - iPlan Gesti\u00f3n Integral S.L.\",\"isPartOf\":{\"@id\":\"https:\/\/iplangestion.com\/#website\"},\"datePublished\":\"2013-09-13T11:19:07+00:00\",\"dateModified\":\"2015-11-08T19:32:03+00:00\",\"breadcrumb\":{\"@id\":\"https:\/\/iplangestion.com\/ca\/seguridad-y-salud\/#breadcrumb\"},\"inLanguage\":\"ca\",\"potentialAction\":[{\"@type\":\"ReadAction\",\"target\":[\"https:\/\/iplangestion.com\/ca\/seguridad-y-salud\/\"]}]},{\"@type\":\"BreadcrumbList\",\"@id\":\"https:\/\/iplangestion.com\/ca\/seguridad-y-salud\/#breadcrumb\",\"itemListElement\":[{\"@type\":\"ListItem\",\"position\":1,\"name\":\"Portada\",\"item\":\"https:\/\/iplangestion.com\/ca\/\"},{\"@type\":\"ListItem\",\"position\":2,\"name\":\"Seguretat i Salut\"}]},{\"@type\":\"WebSite\",\"@id\":\"https:\/\/iplangestion.com\/#website\",\"url\":\"https:\/\/iplangestion.com\/\",\"name\":\"iPlan Gesti\u00f3n Integral S.L.\",\"description\":\"Gesti\u00f3n integral de proyectos\",\"potentialAction\":[{\"@type\":\"SearchAction\",\"target\":{\"@type\":\"EntryPoint\",\"urlTemplate\":\"https:\/\/iplangestion.com\/?s={search_term_string}\"},\"query-input\":{\"@type\":\"PropertyValueSpecification\",\"valueRequired\":true,\"valueName\":\"search_term_string\"}}],\"inLanguage\":\"ca\"}]}<\/script>\n<!-- \/ Yoast SEO plugin. -->","yoast_head_json":{"title":"Seguretat i Salut - iPlan Gesti\u00f3n Integral S.L.","robots":{"index":"index","follow":"follow","max-snippet":"max-snippet:-1","max-image-preview":"max-image-preview:large","max-video-preview":"max-video-preview:-1"},"canonical":"https:\/\/iplangestion.com\/ca\/seguridad-y-salud\/","og_locale":"ca_ES","og_type":"article","og_title":"Seguretat i Salut - iPlan Gesti\u00f3n Integral S.L.","og_description":"[vc_row fullwidth=&rdquo;true&rdquo;][vc_column][mk_page_title_box page_title=&rdquo;Seguretat i Salut&rdquo; section_height=&rdquo;120&Prime; bg_image=&rdquo;http:\/\/www.iplangestion.com\/wp-content\/uploads\/banner-secur2_Seguridad-y-salud-e1445868290107.jpg&rdquo; bg_stretch=&rdquo;true&rdquo; text_align=&rdquo;left&rdquo; font_size=&rdquo;36&Prime; title_letter_spacing=&rdquo;1&Prime; font_color=&rdquo;#ffffff&rdquo;][vc_empty_space][\/vc_column][\/vc_row][vc_row][vc_column][vc_column_text]IPLAN compta amb un Departament de Seguretat i Salut, amb &agrave;mplia experi&egrave;ncia en l&rsquo;&agrave;rea de prevenci&oacute; de riscos laborals.[\/vc_column_text][mk_custom_box border_color=&rdquo;#d3d3d3&Prime; predefined_bg=&rdquo;1&Prime; padding_vertical=&rdquo;15&Prime; margin_bottom=&rdquo;5&Prime; min_height=&rdquo;40&Prime;][vc_row_inner][vc_column_inner width=&rdquo;2\/3&Prime;][mk_padding_divider size=&rdquo;20&Prime;][mk_custom_list] Coordinaci&oacute; de seguretat i salut dels diferents projectes, el desenvolupament dels quals dep&egrave;n de la coordinaci&oacute; de les [&hellip;]","og_url":"https:\/\/iplangestion.com\/ca\/seguridad-y-salud\/","og_site_name":"iPlan Gesti\u00f3n Integral S.L.","article_modified_time":"2015-11-08T19:32:03+00:00","twitter_card":"summary_large_image","twitter_misc":{"Est. reading time":"1 minute"},"schema":{"@context":"https:\/\/schema.org","@graph":[{"@type":"WebPage","@id":"https:\/\/iplangestion.com\/ca\/seguridad-y-salud\/","url":"https:\/\/iplangestion.com\/ca\/seguridad-y-salud\/","name":"Seguretat i Salut - iPlan Gesti\u00f3n Integral S.L.","isPartOf":{"@id":"https:\/\/iplangestion.com\/#website"},"datePublished":"2013-09-13T11:19:07+00:00","dateModified":"2015-11-08T19:32:03+00:00","breadcrumb":{"@id":"https:\/\/iplangestion.com\/ca\/seguridad-y-salud\/#breadcrumb"},"inLanguage":"ca","potentialAction":[{"@type":"ReadAction","target":["https:\/\/iplangestion.com\/ca\/seguridad-y-salud\/"]}]},{"@type":"BreadcrumbList","@id":"https:\/\/iplangestion.com\/ca\/seguridad-y-salud\/#breadcrumb","itemListElement":[{"@type":"ListItem","position":1,"name":"Portada","item":"https:\/\/iplangestion.com\/ca\/"},{"@type":"ListItem","position":2,"name":"Seguretat i Salut"}]},{"@type":"WebSite","@id":"https:\/\/iplangestion.com\/#website","url":"https:\/\/iplangestion.com\/","name":"iPlan Gesti\u00f3n Integral S.L.","description":"Gesti\u00f3n integral de proyectos","potentialAction":[{"@type":"SearchAction","target":{"@type":"EntryPoint","urlTemplate":"https:\/\/iplangestion.com\/?s={search_term_string}"},"query-input":{"@type":"PropertyValueSpecification","valueRequired":true,"valueName":"search_term_string"}}],"inLanguage":"ca"}]}},"_links":{"self":[{"href":"https:\/\/iplangestion.com\/ca\/wp-json\/wp\/v2\/pages\/7673","targetHints":{"allow":["GET"]}}],"collection":[{"href":"https:\/\/iplangestion.com\/ca\/wp-json\/wp\/v2\/pages"}],"about":[{"href":"https:\/\/iplangestion.com\/ca\/wp-json\/wp\/v2\/types\/page"}],"author":[{"embeddable":true,"href":"https:\/\/iplangestion.com\/ca\/wp-json\/wp\/v2\/users\/1"}],"replies":[{"embeddable":true,"href":"https:\/\/iplangestion.com\/ca\/wp-json\/wp\/v2\/comments?post=7673"}],"version-history":[{"count":0,"href":"https:\/\/iplangestion.com\/ca\/wp-json\/wp\/v2\/pages\/7673\/revisions"}],"wp:attachment":[{"href":"https:\/\/iplangestion.com\/ca\/wp-json\/wp\/v2\/media?parent=7673"}],"curies":[{"name":"wp","href":"https:\/\/api.w.org\/{rel}","templated":true}]}}