{"id":7670,"date":"2013-09-13T11:18:53","date_gmt":"2013-09-13T11:18:53","guid":{"rendered":"http:\/\/www.iplangestion.com\/ca\/expropiaciones\/"},"modified":"2015-11-08T19:32:03","modified_gmt":"2015-11-08T19:32:03","slug":"expropiacions","status":"publish","type":"page","link":"https:\/\/iplangestion.com\/ca\/expropiacions\/","title":{"rendered":"Expropiacions"},"content":{"rendered":"<div class=\"wpb-content-wrapper\">[vc_row fullwidth=&#8221;true&#8221;][vc_column][mk_page_title_box page_title=&#8221;Expropiacions&#8221; section_height=&#8221;120&#8243; bg_image=&#8221;http:\/\/www.iplangestion.com\/wp-content\/uploads\/banner-expropiaciones-e1445867195768.jpg&#8221; bg_stretch=&#8221;true&#8221; text_align=&#8221;left&#8221; font_size=&#8221;36&#8243; title_letter_spacing=&#8221;1&#8243; font_color=&#8221;#ffffff&#8221;][vc_empty_space][\/vc_column][\/vc_row][vc_row][vc_column][vc_column_text]<strong>IPLAN <\/strong>prepara la documentaci\u00f3 precisa i realitza les gestions necess\u00e0ries per assegurar l&#8217;\u00e8xit en tot el proc\u00e9s d\u2019expropiaci\u00f3:[\/vc_column_text][mk_custom_box border_color=&#8221;#d3d3d3&#8243; predefined_bg=&#8221;1&#8243; padding_vertical=&#8221;20&#8243; min_height=&#8221;50&#8243;][vc_row_inner][vc_column_inner width=&#8221;2\/3&#8243;][mk_custom_list]\n<ul>\n<li>Declaraci\u00f3 d&#8217;Utilitat P\u00fablica<\/li>\n<li>Treballs de camp: Valoracions i Peritatges<\/li>\n<li>Mutu Acord<\/li>\n<li>Expedient d&#8217;Expropiaci\u00f3<\/li>\n<li>Expedient de Just Preu<\/li>\n<li>Aixecament d&#8217;Actes Pr\u00e8vies i Ocupaci\u00f3<\/li>\n<li>Aixecament d&#8217;Actes de Pagament<\/li>\n<li>Realitzaci\u00f3 de fulls d&#8217;apreuament<\/li>\n<li>Inscripci\u00f3 en el Registre de la Propietat<\/li>\n<\/ul>\n[\/mk_custom_list][\/vc_column_inner][vc_column_inner width=&#8221;1\/3&#8243;][mk_image_slideshow images=&#8221;545,561,451,431&#8243; image_width=&#8221;400&#8243; image_height=&#8221;230&#8243;][\/vc_column_inner][\/vc_row_inner][\/mk_custom_box][\/vc_column][\/vc_row]\n<\/div>","protected":false},"excerpt":{"rendered":"<p>[vc_row fullwidth=&rdquo;true&rdquo;][vc_column][mk_page_title_box page_title=&rdquo;Expropiacions&rdquo; section_height=&rdquo;120&Prime; bg_image=&rdquo;http:\/\/www.iplangestion.com\/wp-content\/uploads\/banner-expropiaciones-e1445867195768.jpg&rdquo; bg_stretch=&rdquo;true&rdquo; text_align=&rdquo;left&rdquo; font_size=&rdquo;36&Prime; title_letter_spacing=&rdquo;1&Prime; font_color=&rdquo;#ffffff&rdquo;][vc_empty_space][\/vc_column][\/vc_row][vc_row][vc_column][vc_column_text]IPLAN prepara la documentaci&oacute; precisa i realitza les gestions necess&agrave;ries per assegurar l&rsquo;&egrave;xit en tot el proc&eacute;s d&rsquo;expropiaci&oacute;:[\/vc_column_text][mk_custom_box border_color=&rdquo;#d3d3d3&Prime; predefined_bg=&rdquo;1&Prime; padding_vertical=&rdquo;20&Prime; min_height=&rdquo;50&Prime;][vc_row_inner][vc_column_inner width=&rdquo;2\/3&Prime;][mk_custom_list] Declaraci&oacute; d&rsquo;Utilitat P&uacute;blica Treballs de camp: Valoracions i Peritatges Mutu Acord Expedient d&rsquo;Expropiaci&oacute; Expedient de Just Preu Aixecament d&rsquo;Actes Pr&egrave;vies i Ocupaci&oacute; Aixecament [&hellip;]<\/p>\n","protected":false},"author":1,"featured_media":437,"parent":0,"menu_order":45,"comment_status":"closed","ping_status":"closed","template":"","meta":{"footnotes":""},"class_list":["post-7670","page","type-page","status-publish","has-post-thumbnail","hentry"],"yoast_head":"<!-- This site is optimized with the Yoast SEO plugin v26.8 - https:\/\/yoast.com\/product\/yoast-seo-wordpress\/ -->\n<title>Expropiacions - iPlan Gesti\u00f3n Integral S.L.<\/title>\n<meta name=\"robots\" content=\"index, follow, max-snippet:-1, max-image-preview:large, max-video-preview:-1\" \/>\n<link rel=\"canonical\" href=\"https:\/\/iplangestion.com\/ca\/expropiacions\/\" \/>\n<meta property=\"og:locale\" content=\"ca_ES\" \/>\n<meta property=\"og:type\" content=\"article\" \/>\n<meta property=\"og:title\" content=\"Expropiacions - iPlan Gesti\u00f3n Integral S.L.\" \/>\n<meta property=\"og:description\" content=\"[vc_row fullwidth=&rdquo;true&rdquo;][vc_column][mk_page_title_box page_title=&rdquo;Expropiacions&rdquo; section_height=&rdquo;120&Prime; bg_image=&rdquo;http:\/\/www.iplangestion.com\/wp-content\/uploads\/banner-expropiaciones-e1445867195768.jpg&rdquo; bg_stretch=&rdquo;true&rdquo; text_align=&rdquo;left&rdquo; font_size=&rdquo;36&Prime; title_letter_spacing=&rdquo;1&Prime; font_color=&rdquo;#ffffff&rdquo;][vc_empty_space][\/vc_column][\/vc_row][vc_row][vc_column][vc_column_text]IPLAN prepara la documentaci&oacute; precisa i realitza les gestions necess&agrave;ries per assegurar l&rsquo;&egrave;xit en tot el proc&eacute;s d&rsquo;expropiaci&oacute;:[\/vc_column_text][mk_custom_box border_color=&rdquo;#d3d3d3&Prime; predefined_bg=&rdquo;1&Prime; padding_vertical=&rdquo;20&Prime; min_height=&rdquo;50&Prime;][vc_row_inner][vc_column_inner width=&rdquo;2\/3&Prime;][mk_custom_list] Declaraci&oacute; d&rsquo;Utilitat P&uacute;blica Treballs de camp: Valoracions i Peritatges Mutu Acord Expedient d&rsquo;Expropiaci&oacute; Expedient de Just Preu Aixecament d&rsquo;Actes Pr&egrave;vies i Ocupaci&oacute; Aixecament [&hellip;]\" \/>\n<meta property=\"og:url\" content=\"https:\/\/iplangestion.com\/ca\/expropiacions\/\" \/>\n<meta property=\"og:site_name\" content=\"iPlan Gesti\u00f3n Integral S.L.\" \/>\n<meta property=\"article:modified_time\" content=\"2015-11-08T19:32:03+00:00\" \/>\n<meta property=\"og:image\" content=\"https:\/\/iplangestion.com\/wp-content\/uploads\/lega987.jpg\" \/>\n\t<meta property=\"og:image:width\" content=\"500\" \/>\n\t<meta property=\"og:image:height\" content=\"375\" \/>\n\t<meta property=\"og:image:type\" content=\"image\/jpeg\" \/>\n<meta name=\"twitter:card\" content=\"summary_large_image\" \/>\n<meta name=\"twitter:label1\" content=\"Est. reading time\" \/>\n\t<meta name=\"twitter:data1\" content=\"1 minute\" \/>\n<script type=\"application\/ld+json\" class=\"yoast-schema-graph\">{\"@context\":\"https:\/\/schema.org\",\"@graph\":[{\"@type\":\"WebPage\",\"@id\":\"https:\/\/iplangestion.com\/ca\/expropiacions\/\",\"url\":\"https:\/\/iplangestion.com\/ca\/expropiacions\/\",\"name\":\"Expropiacions - iPlan Gesti\u00f3n Integral S.L.\",\"isPartOf\":{\"@id\":\"https:\/\/iplangestion.com\/#website\"},\"primaryImageOfPage\":{\"@id\":\"https:\/\/iplangestion.com\/ca\/expropiacions\/#primaryimage\"},\"image\":{\"@id\":\"https:\/\/iplangestion.com\/ca\/expropiacions\/#primaryimage\"},\"thumbnailUrl\":\"https:\/\/iplangestion.com\/wp-content\/uploads\/lega987.jpg\",\"datePublished\":\"2013-09-13T11:18:53+00:00\",\"dateModified\":\"2015-11-08T19:32:03+00:00\",\"breadcrumb\":{\"@id\":\"https:\/\/iplangestion.com\/ca\/expropiacions\/#breadcrumb\"},\"inLanguage\":\"ca\",\"potentialAction\":[{\"@type\":\"ReadAction\",\"target\":[\"https:\/\/iplangestion.com\/ca\/expropiacions\/\"]}]},{\"@type\":\"ImageObject\",\"inLanguage\":\"ca\",\"@id\":\"https:\/\/iplangestion.com\/ca\/expropiacions\/#primaryimage\",\"url\":\"https:\/\/iplangestion.com\/wp-content\/uploads\/lega987.jpg\",\"contentUrl\":\"https:\/\/iplangestion.com\/wp-content\/uploads\/lega987.jpg\",\"width\":500,\"height\":375},{\"@type\":\"BreadcrumbList\",\"@id\":\"https:\/\/iplangestion.com\/ca\/expropiacions\/#breadcrumb\",\"itemListElement\":[{\"@type\":\"ListItem\",\"position\":1,\"name\":\"Portada\",\"item\":\"https:\/\/iplangestion.com\/ca\/\"},{\"@type\":\"ListItem\",\"position\":2,\"name\":\"Expropiacions\"}]},{\"@type\":\"WebSite\",\"@id\":\"https:\/\/iplangestion.com\/#website\",\"url\":\"https:\/\/iplangestion.com\/\",\"name\":\"iPlan Gesti\u00f3n Integral S.L.\",\"description\":\"Gesti\u00f3n integral de proyectos\",\"potentialAction\":[{\"@type\":\"SearchAction\",\"target\":{\"@type\":\"EntryPoint\",\"urlTemplate\":\"https:\/\/iplangestion.com\/?s={search_term_string}\"},\"query-input\":{\"@type\":\"PropertyValueSpecification\",\"valueRequired\":true,\"valueName\":\"search_term_string\"}}],\"inLanguage\":\"ca\"}]}<\/script>\n<!-- \/ Yoast SEO plugin. -->","yoast_head_json":{"title":"Expropiacions - iPlan Gesti\u00f3n Integral S.L.","robots":{"index":"index","follow":"follow","max-snippet":"max-snippet:-1","max-image-preview":"max-image-preview:large","max-video-preview":"max-video-preview:-1"},"canonical":"https:\/\/iplangestion.com\/ca\/expropiacions\/","og_locale":"ca_ES","og_type":"article","og_title":"Expropiacions - iPlan Gesti\u00f3n Integral S.L.","og_description":"[vc_row fullwidth=&rdquo;true&rdquo;][vc_column][mk_page_title_box page_title=&rdquo;Expropiacions&rdquo; section_height=&rdquo;120&Prime; bg_image=&rdquo;http:\/\/www.iplangestion.com\/wp-content\/uploads\/banner-expropiaciones-e1445867195768.jpg&rdquo; bg_stretch=&rdquo;true&rdquo; text_align=&rdquo;left&rdquo; font_size=&rdquo;36&Prime; title_letter_spacing=&rdquo;1&Prime; font_color=&rdquo;#ffffff&rdquo;][vc_empty_space][\/vc_column][\/vc_row][vc_row][vc_column][vc_column_text]IPLAN prepara la documentaci&oacute; precisa i realitza les gestions necess&agrave;ries per assegurar l&rsquo;&egrave;xit en tot el proc&eacute;s d&rsquo;expropiaci&oacute;:[\/vc_column_text][mk_custom_box border_color=&rdquo;#d3d3d3&Prime; predefined_bg=&rdquo;1&Prime; padding_vertical=&rdquo;20&Prime; min_height=&rdquo;50&Prime;][vc_row_inner][vc_column_inner width=&rdquo;2\/3&Prime;][mk_custom_list] Declaraci&oacute; d&rsquo;Utilitat P&uacute;blica Treballs de camp: Valoracions i Peritatges Mutu Acord Expedient d&rsquo;Expropiaci&oacute; Expedient de Just Preu Aixecament d&rsquo;Actes Pr&egrave;vies i Ocupaci&oacute; Aixecament [&hellip;]","og_url":"https:\/\/iplangestion.com\/ca\/expropiacions\/","og_site_name":"iPlan Gesti\u00f3n Integral S.L.","article_modified_time":"2015-11-08T19:32:03+00:00","og_image":[{"width":500,"height":375,"url":"https:\/\/iplangestion.com\/wp-content\/uploads\/lega987.jpg","type":"image\/jpeg"}],"twitter_card":"summary_large_image","twitter_misc":{"Est. reading time":"1 minute"},"schema":{"@context":"https:\/\/schema.org","@graph":[{"@type":"WebPage","@id":"https:\/\/iplangestion.com\/ca\/expropiacions\/","url":"https:\/\/iplangestion.com\/ca\/expropiacions\/","name":"Expropiacions - iPlan Gesti\u00f3n Integral S.L.","isPartOf":{"@id":"https:\/\/iplangestion.com\/#website"},"primaryImageOfPage":{"@id":"https:\/\/iplangestion.com\/ca\/expropiacions\/#primaryimage"},"image":{"@id":"https:\/\/iplangestion.com\/ca\/expropiacions\/#primaryimage"},"thumbnailUrl":"https:\/\/iplangestion.com\/wp-content\/uploads\/lega987.jpg","datePublished":"2013-09-13T11:18:53+00:00","dateModified":"2015-11-08T19:32:03+00:00","breadcrumb":{"@id":"https:\/\/iplangestion.com\/ca\/expropiacions\/#breadcrumb"},"inLanguage":"ca","potentialAction":[{"@type":"ReadAction","target":["https:\/\/iplangestion.com\/ca\/expropiacions\/"]}]},{"@type":"ImageObject","inLanguage":"ca","@id":"https:\/\/iplangestion.com\/ca\/expropiacions\/#primaryimage","url":"https:\/\/iplangestion.com\/wp-content\/uploads\/lega987.jpg","contentUrl":"https:\/\/iplangestion.com\/wp-content\/uploads\/lega987.jpg","width":500,"height":375},{"@type":"BreadcrumbList","@id":"https:\/\/iplangestion.com\/ca\/expropiacions\/#breadcrumb","itemListElement":[{"@type":"ListItem","position":1,"name":"Portada","item":"https:\/\/iplangestion.com\/ca\/"},{"@type":"ListItem","position":2,"name":"Expropiacions"}]},{"@type":"WebSite","@id":"https:\/\/iplangestion.com\/#website","url":"https:\/\/iplangestion.com\/","name":"iPlan Gesti\u00f3n Integral S.L.","description":"Gesti\u00f3n integral de proyectos","potentialAction":[{"@type":"SearchAction","target":{"@type":"EntryPoint","urlTemplate":"https:\/\/iplangestion.com\/?s={search_term_string}"},"query-input":{"@type":"PropertyValueSpecification","valueRequired":true,"valueName":"search_term_string"}}],"inLanguage":"ca"}]}},"_links":{"self":[{"href":"https:\/\/iplangestion.com\/ca\/wp-json\/wp\/v2\/pages\/7670","targetHints":{"allow":["GET"]}}],"collection":[{"href":"https:\/\/iplangestion.com\/ca\/wp-json\/wp\/v2\/pages"}],"about":[{"href":"https:\/\/iplangestion.com\/ca\/wp-json\/wp\/v2\/types\/page"}],"author":[{"embeddable":true,"href":"https:\/\/iplangestion.com\/ca\/wp-json\/wp\/v2\/users\/1"}],"replies":[{"embeddable":true,"href":"https:\/\/iplangestion.com\/ca\/wp-json\/wp\/v2\/comments?post=7670"}],"version-history":[{"count":0,"href":"https:\/\/iplangestion.com\/ca\/wp-json\/wp\/v2\/pages\/7670\/revisions"}],"wp:featuredmedia":[{"embeddable":true,"href":"https:\/\/iplangestion.com\/ca\/wp-json\/wp\/v2\/media\/437"}],"wp:attachment":[{"href":"https:\/\/iplangestion.com\/ca\/wp-json\/wp\/v2\/media?parent=7670"}],"curies":[{"name":"wp","href":"https:\/\/api.w.org\/{rel}","templated":true}]}}