{"id":7667,"date":"2013-09-13T11:18:41","date_gmt":"2013-09-13T11:18:41","guid":{"rendered":"http:\/\/www.iplangestion.com\/ca\/legalizaciones\/"},"modified":"2015-11-08T19:32:03","modified_gmt":"2015-11-08T19:32:03","slug":"legalitzacions","status":"publish","type":"page","link":"https:\/\/iplangestion.com\/ca\/legalitzacions\/","title":{"rendered":"Legalitzacions"},"content":{"rendered":"<div class=\"wpb-content-wrapper\">[vc_row fullwidth=&#8221;true&#8221;][vc_column][mk_page_title_box page_title=&#8221;Legalitzacions&#8221; section_height=&#8221;120&#8243; bg_image=&#8221;http:\/\/www.iplangestion.com\/wp-content\/uploads\/banner-legalizaciones-e1445867024964.jpg&#8221; bg_stretch=&#8221;true&#8221; text_align=&#8221;left&#8221; font_size=&#8221;36&#8243; title_letter_spacing=&#8221;1&#8243; font_color=&#8221;#ffffff&#8221;][vc_empty_space][\/vc_column][\/vc_row][vc_row][vc_column][vc_column_text]<strong>IPLAN <\/strong>realitza totes les gestions i tramitacions necess\u00e0ries per aconseguir amb \u00e8xit la legalitzaci\u00f3 de tot tipus d&#8217;instal\u00b7lacions, aportant un assessorament especialitzat (legal o t\u00e8cnic) per a l\u2019assoliment dels objectius marcats en cada projecte, minimitzant temps, cost i riscos.<strong><br \/>\nIPLAN <\/strong>ofereix un coneixement extens i una llarga experi\u00e8ncia en la preparaci\u00f3, revisi\u00f3 i gesti\u00f3, entre d\u2019altres, de les seg\u00fcents actuacions<span style=\"line-height: 1.5;\">:<\/span>[\/vc_column_text][mk_custom_box border_color=&#8221;#d3d3d3&#8243; predefined_bg=&#8221;1&#8243; padding_vertical=&#8221;20&#8243; min_height=&#8221;30&#8243;][vc_row_inner][vc_column_inner width=&#8221;2\/3&#8243;][mk_custom_list]\n<ul>\n<li>Autoritzaci\u00f3 administrativa, aprovaci\u00f3 de projecte i declaraci\u00f3 d&#8217;utilitat p\u00fablica.<\/li>\n<li>Adequacions al planejament urban\u00edstic (instruments urban\u00edstics com a plans especials)<\/li>\n<li>Llic\u00e8ncies d&#8217;obres, ambientals, activitats<\/li>\n<li>Autoritzacions de creuaments<\/li>\n<li>Condicionants d&#8217;obra<\/li>\n<li>Informes i assessorament jur\u00eddic<\/li>\n<li>Gesti\u00f3 i compra de terrenys<\/li>\n<li>Informes pericials<\/li>\n<\/ul>\n[\/mk_custom_list][\/vc_column_inner][vc_column_inner width=&#8221;1\/3&#8243;][mk_padding_divider][mk_image_slideshow images=&#8221;561,451,541&#8243; image_width=&#8221;400&#8243; image_height=&#8221;230&#8243;][\/vc_column_inner][\/vc_row_inner][\/mk_custom_box][\/vc_column][\/vc_row]\n<\/div>","protected":false},"excerpt":{"rendered":"<p>[vc_row fullwidth=&rdquo;true&rdquo;][vc_column][mk_page_title_box page_title=&rdquo;Legalitzacions&rdquo; section_height=&rdquo;120&Prime; bg_image=&rdquo;http:\/\/www.iplangestion.com\/wp-content\/uploads\/banner-legalizaciones-e1445867024964.jpg&rdquo; bg_stretch=&rdquo;true&rdquo; text_align=&rdquo;left&rdquo; font_size=&rdquo;36&Prime; title_letter_spacing=&rdquo;1&Prime; font_color=&rdquo;#ffffff&rdquo;][vc_empty_space][\/vc_column][\/vc_row][vc_row][vc_column][vc_column_text]IPLAN realitza totes les gestions i tramitacions necess&agrave;ries per aconseguir amb &egrave;xit la legalitzaci&oacute; de tot tipus d&rsquo;instal&middot;lacions, aportant un assessorament especialitzat (legal o t&egrave;cnic) per a l&rsquo;assoliment dels objectius marcats en cada projecte, minimitzant temps, cost i riscos. IPLAN ofereix un coneixement extens i una [&hellip;]<\/p>\n","protected":false},"author":1,"featured_media":433,"parent":0,"menu_order":46,"comment_status":"closed","ping_status":"closed","template":"","meta":{"footnotes":""},"class_list":["post-7667","page","type-page","status-publish","has-post-thumbnail","hentry"],"yoast_head":"<!-- This site is optimized with the Yoast SEO plugin v26.8 - https:\/\/yoast.com\/product\/yoast-seo-wordpress\/ -->\n<title>Legalitzacions - iPlan Gesti\u00f3n Integral S.L.<\/title>\n<meta name=\"robots\" content=\"index, follow, max-snippet:-1, max-image-preview:large, max-video-preview:-1\" \/>\n<link rel=\"canonical\" href=\"https:\/\/iplangestion.com\/ca\/legalitzacions\/\" \/>\n<meta property=\"og:locale\" content=\"ca_ES\" \/>\n<meta property=\"og:type\" content=\"article\" \/>\n<meta property=\"og:title\" content=\"Legalitzacions - iPlan Gesti\u00f3n Integral S.L.\" \/>\n<meta property=\"og:description\" content=\"[vc_row fullwidth=&rdquo;true&rdquo;][vc_column][mk_page_title_box page_title=&rdquo;Legalitzacions&rdquo; section_height=&rdquo;120&Prime; bg_image=&rdquo;http:\/\/www.iplangestion.com\/wp-content\/uploads\/banner-legalizaciones-e1445867024964.jpg&rdquo; bg_stretch=&rdquo;true&rdquo; text_align=&rdquo;left&rdquo; font_size=&rdquo;36&Prime; title_letter_spacing=&rdquo;1&Prime; font_color=&rdquo;#ffffff&rdquo;][vc_empty_space][\/vc_column][\/vc_row][vc_row][vc_column][vc_column_text]IPLAN realitza totes les gestions i tramitacions necess&agrave;ries per aconseguir amb &egrave;xit la legalitzaci&oacute; de tot tipus d&rsquo;instal&middot;lacions, aportant un assessorament especialitzat (legal o t&egrave;cnic) per a l&rsquo;assoliment dels objectius marcats en cada projecte, minimitzant temps, cost i riscos. IPLAN ofereix un coneixement extens i una [&hellip;]\" \/>\n<meta property=\"og:url\" content=\"https:\/\/iplangestion.com\/ca\/legalitzacions\/\" \/>\n<meta property=\"og:site_name\" content=\"iPlan Gesti\u00f3n Integral S.L.\" \/>\n<meta property=\"article:modified_time\" content=\"2015-11-08T19:32:03+00:00\" \/>\n<meta property=\"og:image\" content=\"https:\/\/iplangestion.com\/wp-content\/uploads\/75.jpg\" \/>\n\t<meta property=\"og:image:width\" content=\"360\" \/>\n\t<meta property=\"og:image:height\" content=\"232\" \/>\n\t<meta property=\"og:image:type\" content=\"image\/jpeg\" \/>\n<meta name=\"twitter:card\" content=\"summary_large_image\" \/>\n<meta name=\"twitter:label1\" content=\"Est. reading time\" \/>\n\t<meta name=\"twitter:data1\" content=\"1 minute\" \/>\n<script type=\"application\/ld+json\" class=\"yoast-schema-graph\">{\"@context\":\"https:\/\/schema.org\",\"@graph\":[{\"@type\":\"WebPage\",\"@id\":\"https:\/\/iplangestion.com\/ca\/legalitzacions\/\",\"url\":\"https:\/\/iplangestion.com\/ca\/legalitzacions\/\",\"name\":\"Legalitzacions - iPlan Gesti\u00f3n Integral S.L.\",\"isPartOf\":{\"@id\":\"https:\/\/iplangestion.com\/#website\"},\"primaryImageOfPage\":{\"@id\":\"https:\/\/iplangestion.com\/ca\/legalitzacions\/#primaryimage\"},\"image\":{\"@id\":\"https:\/\/iplangestion.com\/ca\/legalitzacions\/#primaryimage\"},\"thumbnailUrl\":\"https:\/\/iplangestion.com\/wp-content\/uploads\/75.jpg\",\"datePublished\":\"2013-09-13T11:18:41+00:00\",\"dateModified\":\"2015-11-08T19:32:03+00:00\",\"breadcrumb\":{\"@id\":\"https:\/\/iplangestion.com\/ca\/legalitzacions\/#breadcrumb\"},\"inLanguage\":\"ca\",\"potentialAction\":[{\"@type\":\"ReadAction\",\"target\":[\"https:\/\/iplangestion.com\/ca\/legalitzacions\/\"]}]},{\"@type\":\"ImageObject\",\"inLanguage\":\"ca\",\"@id\":\"https:\/\/iplangestion.com\/ca\/legalitzacions\/#primaryimage\",\"url\":\"https:\/\/iplangestion.com\/wp-content\/uploads\/75.jpg\",\"contentUrl\":\"https:\/\/iplangestion.com\/wp-content\/uploads\/75.jpg\",\"width\":360,\"height\":232},{\"@type\":\"BreadcrumbList\",\"@id\":\"https:\/\/iplangestion.com\/ca\/legalitzacions\/#breadcrumb\",\"itemListElement\":[{\"@type\":\"ListItem\",\"position\":1,\"name\":\"Portada\",\"item\":\"https:\/\/iplangestion.com\/ca\/\"},{\"@type\":\"ListItem\",\"position\":2,\"name\":\"Legalitzacions\"}]},{\"@type\":\"WebSite\",\"@id\":\"https:\/\/iplangestion.com\/#website\",\"url\":\"https:\/\/iplangestion.com\/\",\"name\":\"iPlan Gesti\u00f3n Integral S.L.\",\"description\":\"Gesti\u00f3n integral de proyectos\",\"potentialAction\":[{\"@type\":\"SearchAction\",\"target\":{\"@type\":\"EntryPoint\",\"urlTemplate\":\"https:\/\/iplangestion.com\/?s={search_term_string}\"},\"query-input\":{\"@type\":\"PropertyValueSpecification\",\"valueRequired\":true,\"valueName\":\"search_term_string\"}}],\"inLanguage\":\"ca\"}]}<\/script>\n<!-- \/ Yoast SEO plugin. -->","yoast_head_json":{"title":"Legalitzacions - iPlan Gesti\u00f3n Integral S.L.","robots":{"index":"index","follow":"follow","max-snippet":"max-snippet:-1","max-image-preview":"max-image-preview:large","max-video-preview":"max-video-preview:-1"},"canonical":"https:\/\/iplangestion.com\/ca\/legalitzacions\/","og_locale":"ca_ES","og_type":"article","og_title":"Legalitzacions - iPlan Gesti\u00f3n Integral S.L.","og_description":"[vc_row fullwidth=&rdquo;true&rdquo;][vc_column][mk_page_title_box page_title=&rdquo;Legalitzacions&rdquo; section_height=&rdquo;120&Prime; bg_image=&rdquo;http:\/\/www.iplangestion.com\/wp-content\/uploads\/banner-legalizaciones-e1445867024964.jpg&rdquo; bg_stretch=&rdquo;true&rdquo; text_align=&rdquo;left&rdquo; font_size=&rdquo;36&Prime; title_letter_spacing=&rdquo;1&Prime; font_color=&rdquo;#ffffff&rdquo;][vc_empty_space][\/vc_column][\/vc_row][vc_row][vc_column][vc_column_text]IPLAN realitza totes les gestions i tramitacions necess&agrave;ries per aconseguir amb &egrave;xit la legalitzaci&oacute; de tot tipus d&rsquo;instal&middot;lacions, aportant un assessorament especialitzat (legal o t&egrave;cnic) per a l&rsquo;assoliment dels objectius marcats en cada projecte, minimitzant temps, cost i riscos. IPLAN ofereix un coneixement extens i una [&hellip;]","og_url":"https:\/\/iplangestion.com\/ca\/legalitzacions\/","og_site_name":"iPlan Gesti\u00f3n Integral S.L.","article_modified_time":"2015-11-08T19:32:03+00:00","og_image":[{"width":360,"height":232,"url":"https:\/\/iplangestion.com\/wp-content\/uploads\/75.jpg","type":"image\/jpeg"}],"twitter_card":"summary_large_image","twitter_misc":{"Est. reading time":"1 minute"},"schema":{"@context":"https:\/\/schema.org","@graph":[{"@type":"WebPage","@id":"https:\/\/iplangestion.com\/ca\/legalitzacions\/","url":"https:\/\/iplangestion.com\/ca\/legalitzacions\/","name":"Legalitzacions - iPlan Gesti\u00f3n Integral S.L.","isPartOf":{"@id":"https:\/\/iplangestion.com\/#website"},"primaryImageOfPage":{"@id":"https:\/\/iplangestion.com\/ca\/legalitzacions\/#primaryimage"},"image":{"@id":"https:\/\/iplangestion.com\/ca\/legalitzacions\/#primaryimage"},"thumbnailUrl":"https:\/\/iplangestion.com\/wp-content\/uploads\/75.jpg","datePublished":"2013-09-13T11:18:41+00:00","dateModified":"2015-11-08T19:32:03+00:00","breadcrumb":{"@id":"https:\/\/iplangestion.com\/ca\/legalitzacions\/#breadcrumb"},"inLanguage":"ca","potentialAction":[{"@type":"ReadAction","target":["https:\/\/iplangestion.com\/ca\/legalitzacions\/"]}]},{"@type":"ImageObject","inLanguage":"ca","@id":"https:\/\/iplangestion.com\/ca\/legalitzacions\/#primaryimage","url":"https:\/\/iplangestion.com\/wp-content\/uploads\/75.jpg","contentUrl":"https:\/\/iplangestion.com\/wp-content\/uploads\/75.jpg","width":360,"height":232},{"@type":"BreadcrumbList","@id":"https:\/\/iplangestion.com\/ca\/legalitzacions\/#breadcrumb","itemListElement":[{"@type":"ListItem","position":1,"name":"Portada","item":"https:\/\/iplangestion.com\/ca\/"},{"@type":"ListItem","position":2,"name":"Legalitzacions"}]},{"@type":"WebSite","@id":"https:\/\/iplangestion.com\/#website","url":"https:\/\/iplangestion.com\/","name":"iPlan Gesti\u00f3n Integral S.L.","description":"Gesti\u00f3n integral de proyectos","potentialAction":[{"@type":"SearchAction","target":{"@type":"EntryPoint","urlTemplate":"https:\/\/iplangestion.com\/?s={search_term_string}"},"query-input":{"@type":"PropertyValueSpecification","valueRequired":true,"valueName":"search_term_string"}}],"inLanguage":"ca"}]}},"_links":{"self":[{"href":"https:\/\/iplangestion.com\/ca\/wp-json\/wp\/v2\/pages\/7667","targetHints":{"allow":["GET"]}}],"collection":[{"href":"https:\/\/iplangestion.com\/ca\/wp-json\/wp\/v2\/pages"}],"about":[{"href":"https:\/\/iplangestion.com\/ca\/wp-json\/wp\/v2\/types\/page"}],"author":[{"embeddable":true,"href":"https:\/\/iplangestion.com\/ca\/wp-json\/wp\/v2\/users\/1"}],"replies":[{"embeddable":true,"href":"https:\/\/iplangestion.com\/ca\/wp-json\/wp\/v2\/comments?post=7667"}],"version-history":[{"count":0,"href":"https:\/\/iplangestion.com\/ca\/wp-json\/wp\/v2\/pages\/7667\/revisions"}],"wp:featuredmedia":[{"embeddable":true,"href":"https:\/\/iplangestion.com\/ca\/wp-json\/wp\/v2\/media\/433"}],"wp:attachment":[{"href":"https:\/\/iplangestion.com\/ca\/wp-json\/wp\/v2\/media?parent=7667"}],"curies":[{"name":"wp","href":"https:\/\/api.w.org\/{rel}","templated":true}]}}