{"id":7657,"date":"2013-09-13T11:24:43","date_gmt":"2013-09-13T11:24:43","guid":{"rendered":"http:\/\/www.iplangestion.com\/ca\/ingenieria-de-proyectos\/"},"modified":"2015-11-17T10:45:40","modified_gmt":"2015-11-17T10:45:40","slug":"enginyeria-consultoria","status":"publish","type":"page","link":"https:\/\/iplangestion.com\/ca\/enginyeria-consultoria\/","title":{"rendered":"Enginyeria Consultoria"},"content":{"rendered":"<div class=\"wpb-content-wrapper\">[vc_row fullwidth=&#8221;true&#8221;][vc_column][mk_page_title_box page_title=&#8221;Enginyeria Consultoria&#8221; section_height=&#8221;120&#8243; bg_image=&#8221;http:\/\/www.iplangestion.com\/wp-content\/uploads\/banner-ingenieria-consultoria1234567-e1445865046443.jpg&#8221; bg_stretch=&#8221;true&#8221; text_align=&#8221;left&#8221; font_size=&#8221;36&#8243; title_letter_spacing=&#8221;1&#8243; font_color=&#8221;#ffffff&#8221;][vc_empty_space][\/vc_column][\/vc_row][vc_row][vc_column][vc_column_text]<strong>IPLAN,<\/strong>\u00a0ofereix als seus clients, un servei \u00e0gil, din\u00e0mic i de m\u00e0xima qualitat, realitzant des d\u2019<strong>estudis de viabilitat<\/strong> o <strong>Enginyeria B\u00e0sica<\/strong> fins a <strong>Projectes de Detall<\/strong> amb tot el seu contingut. L&#8217;experi\u00e8ncia dels t\u00e8cnics d\u2019IPLAN fa possible l&#8217;optimitzaci\u00f3 dels Projectes tenint en compte les necessitats dels clients.[\/vc_column_text][mk_custom_box border_color=&#8221;#d3d3d3&#8243; predefined_bg=&#8221;1&#8243; padding_vertical=&#8221;20&#8243; min_height=&#8221;50&#8243;][vc_row_inner][vc_column_inner width=&#8221;1\/2&#8243;][mk_custom_list]\n<ul>\n<li>Subestacions el\u00e8ctriques<\/li>\n<li>L\u00ednies el\u00e8ctriques d&#8217;Alta, Mitja i Baixa Tensi\u00f3.<\/li>\n<li>Centres de Distribuci\u00f3<\/li>\n<li>Instal\u00b7lacions el\u00e8ctriques industrials i sector terciari<\/li>\n<li>Control i Proteccions<\/li>\n<li>Telecontrol<\/li>\n<li>Comunicacions<\/li>\n<li>Edificaci\u00f3 i Urbanitzaci\u00f3<\/li>\n<li>Naus industrials<\/li>\n<li>Estudis b\u00e0sics de Seguretat i Salut<\/li>\n<li>Estudis d&#8217;Impacte Ambiental<\/li>\n<li>Plans de Manteniment<\/li>\n<\/ul>\n[\/mk_custom_list][\/vc_column_inner][vc_column_inner width=&#8221;1\/2&#8243;][mk_padding_divider size=&#8221;50&#8243;][mk_image_slideshow images=&#8221;561,451&#8243; image_width=&#8221;400&#8243; image_height=&#8221;230&#8243;][\/vc_column_inner][\/vc_row_inner][\/mk_custom_box][\/vc_column][\/vc_row]\n<\/div>","protected":false},"excerpt":{"rendered":"<p>[vc_row fullwidth=&rdquo;true&rdquo;][vc_column][mk_page_title_box page_title=&rdquo;Enginyeria Consultoria&rdquo; section_height=&rdquo;120&Prime; bg_image=&rdquo;http:\/\/www.iplangestion.com\/wp-content\/uploads\/banner-ingenieria-consultoria1234567-e1445865046443.jpg&rdquo; bg_stretch=&rdquo;true&rdquo; text_align=&rdquo;left&rdquo; font_size=&rdquo;36&Prime; title_letter_spacing=&rdquo;1&Prime; font_color=&rdquo;#ffffff&rdquo;][vc_empty_space][\/vc_column][\/vc_row][vc_row][vc_column][vc_column_text]IPLAN,&nbsp;ofereix als seus clients, un servei &agrave;gil, din&agrave;mic i de m&agrave;xima qualitat, realitzant des d&rsquo;estudis de viabilitat o Enginyeria B&agrave;sica fins a Projectes de Detall amb tot el seu contingut. L&rsquo;experi&egrave;ncia dels t&egrave;cnics d&rsquo;IPLAN fa possible l&rsquo;optimitzaci&oacute; dels Projectes tenint en compte les necessitats dels [&hellip;]<\/p>\n","protected":false},"author":1,"featured_media":449,"parent":0,"menu_order":42,"comment_status":"closed","ping_status":"closed","template":"","meta":{"footnotes":""},"class_list":["post-7657","page","type-page","status-publish","has-post-thumbnail","hentry"],"yoast_head":"<!-- This site is optimized with the Yoast SEO plugin v26.8 - https:\/\/yoast.com\/product\/yoast-seo-wordpress\/ -->\n<title>Enginyeria Consultoria - iPlan Gesti\u00f3n Integral S.L.<\/title>\n<meta name=\"robots\" content=\"index, follow, max-snippet:-1, max-image-preview:large, max-video-preview:-1\" \/>\n<link rel=\"canonical\" href=\"https:\/\/iplangestion.com\/ca\/enginyeria-consultoria\/\" \/>\n<meta property=\"og:locale\" content=\"ca_ES\" \/>\n<meta property=\"og:type\" content=\"article\" \/>\n<meta property=\"og:title\" content=\"Enginyeria Consultoria - iPlan Gesti\u00f3n Integral S.L.\" \/>\n<meta property=\"og:description\" content=\"[vc_row fullwidth=&rdquo;true&rdquo;][vc_column][mk_page_title_box page_title=&rdquo;Enginyeria Consultoria&rdquo; section_height=&rdquo;120&Prime; bg_image=&rdquo;http:\/\/www.iplangestion.com\/wp-content\/uploads\/banner-ingenieria-consultoria1234567-e1445865046443.jpg&rdquo; bg_stretch=&rdquo;true&rdquo; text_align=&rdquo;left&rdquo; font_size=&rdquo;36&Prime; title_letter_spacing=&rdquo;1&Prime; font_color=&rdquo;#ffffff&rdquo;][vc_empty_space][\/vc_column][\/vc_row][vc_row][vc_column][vc_column_text]IPLAN,&nbsp;ofereix als seus clients, un servei &agrave;gil, din&agrave;mic i de m&agrave;xima qualitat, realitzant des d&rsquo;estudis de viabilitat o Enginyeria B&agrave;sica fins a Projectes de Detall amb tot el seu contingut. L&rsquo;experi&egrave;ncia dels t&egrave;cnics d&rsquo;IPLAN fa possible l&rsquo;optimitzaci&oacute; dels Projectes tenint en compte les necessitats dels [&hellip;]\" \/>\n<meta property=\"og:url\" content=\"https:\/\/iplangestion.com\/ca\/enginyeria-consultoria\/\" \/>\n<meta property=\"og:site_name\" content=\"iPlan Gesti\u00f3n Integral S.L.\" \/>\n<meta property=\"article:modified_time\" content=\"2015-11-17T10:45:40+00:00\" \/>\n<meta property=\"og:image\" content=\"https:\/\/iplangestion.com\/wp-content\/uploads\/EngCivil-20131127115850.jpg\" \/>\n\t<meta property=\"og:image:width\" content=\"400\" \/>\n\t<meta property=\"og:image:height\" content=\"250\" \/>\n\t<meta property=\"og:image:type\" content=\"image\/jpeg\" \/>\n<meta name=\"twitter:card\" content=\"summary_large_image\" \/>\n<meta name=\"twitter:label1\" content=\"Est. reading time\" \/>\n\t<meta name=\"twitter:data1\" content=\"1 minute\" \/>\n<script type=\"application\/ld+json\" class=\"yoast-schema-graph\">{\"@context\":\"https:\/\/schema.org\",\"@graph\":[{\"@type\":\"WebPage\",\"@id\":\"https:\/\/iplangestion.com\/ca\/enginyeria-consultoria\/\",\"url\":\"https:\/\/iplangestion.com\/ca\/enginyeria-consultoria\/\",\"name\":\"Enginyeria Consultoria - iPlan Gesti\u00f3n Integral S.L.\",\"isPartOf\":{\"@id\":\"https:\/\/iplangestion.com\/#website\"},\"primaryImageOfPage\":{\"@id\":\"https:\/\/iplangestion.com\/ca\/enginyeria-consultoria\/#primaryimage\"},\"image\":{\"@id\":\"https:\/\/iplangestion.com\/ca\/enginyeria-consultoria\/#primaryimage\"},\"thumbnailUrl\":\"https:\/\/iplangestion.com\/wp-content\/uploads\/EngCivil-20131127115850.jpg\",\"datePublished\":\"2013-09-13T11:24:43+00:00\",\"dateModified\":\"2015-11-17T10:45:40+00:00\",\"breadcrumb\":{\"@id\":\"https:\/\/iplangestion.com\/ca\/enginyeria-consultoria\/#breadcrumb\"},\"inLanguage\":\"ca\",\"potentialAction\":[{\"@type\":\"ReadAction\",\"target\":[\"https:\/\/iplangestion.com\/ca\/enginyeria-consultoria\/\"]}]},{\"@type\":\"ImageObject\",\"inLanguage\":\"ca\",\"@id\":\"https:\/\/iplangestion.com\/ca\/enginyeria-consultoria\/#primaryimage\",\"url\":\"https:\/\/iplangestion.com\/wp-content\/uploads\/EngCivil-20131127115850.jpg\",\"contentUrl\":\"https:\/\/iplangestion.com\/wp-content\/uploads\/EngCivil-20131127115850.jpg\",\"width\":400,\"height\":250},{\"@type\":\"BreadcrumbList\",\"@id\":\"https:\/\/iplangestion.com\/ca\/enginyeria-consultoria\/#breadcrumb\",\"itemListElement\":[{\"@type\":\"ListItem\",\"position\":1,\"name\":\"Portada\",\"item\":\"https:\/\/iplangestion.com\/ca\/\"},{\"@type\":\"ListItem\",\"position\":2,\"name\":\"Enginyeria Consultoria\"}]},{\"@type\":\"WebSite\",\"@id\":\"https:\/\/iplangestion.com\/#website\",\"url\":\"https:\/\/iplangestion.com\/\",\"name\":\"iPlan Gesti\u00f3n Integral S.L.\",\"description\":\"Gesti\u00f3n integral de proyectos\",\"potentialAction\":[{\"@type\":\"SearchAction\",\"target\":{\"@type\":\"EntryPoint\",\"urlTemplate\":\"https:\/\/iplangestion.com\/?s={search_term_string}\"},\"query-input\":{\"@type\":\"PropertyValueSpecification\",\"valueRequired\":true,\"valueName\":\"search_term_string\"}}],\"inLanguage\":\"ca\"}]}<\/script>\n<!-- \/ Yoast SEO plugin. -->","yoast_head_json":{"title":"Enginyeria Consultoria - iPlan Gesti\u00f3n Integral S.L.","robots":{"index":"index","follow":"follow","max-snippet":"max-snippet:-1","max-image-preview":"max-image-preview:large","max-video-preview":"max-video-preview:-1"},"canonical":"https:\/\/iplangestion.com\/ca\/enginyeria-consultoria\/","og_locale":"ca_ES","og_type":"article","og_title":"Enginyeria Consultoria - iPlan Gesti\u00f3n Integral S.L.","og_description":"[vc_row fullwidth=&rdquo;true&rdquo;][vc_column][mk_page_title_box page_title=&rdquo;Enginyeria Consultoria&rdquo; section_height=&rdquo;120&Prime; bg_image=&rdquo;http:\/\/www.iplangestion.com\/wp-content\/uploads\/banner-ingenieria-consultoria1234567-e1445865046443.jpg&rdquo; bg_stretch=&rdquo;true&rdquo; text_align=&rdquo;left&rdquo; font_size=&rdquo;36&Prime; title_letter_spacing=&rdquo;1&Prime; font_color=&rdquo;#ffffff&rdquo;][vc_empty_space][\/vc_column][\/vc_row][vc_row][vc_column][vc_column_text]IPLAN,&nbsp;ofereix als seus clients, un servei &agrave;gil, din&agrave;mic i de m&agrave;xima qualitat, realitzant des d&rsquo;estudis de viabilitat o Enginyeria B&agrave;sica fins a Projectes de Detall amb tot el seu contingut. L&rsquo;experi&egrave;ncia dels t&egrave;cnics d&rsquo;IPLAN fa possible l&rsquo;optimitzaci&oacute; dels Projectes tenint en compte les necessitats dels [&hellip;]","og_url":"https:\/\/iplangestion.com\/ca\/enginyeria-consultoria\/","og_site_name":"iPlan Gesti\u00f3n Integral S.L.","article_modified_time":"2015-11-17T10:45:40+00:00","og_image":[{"width":400,"height":250,"url":"https:\/\/iplangestion.com\/wp-content\/uploads\/EngCivil-20131127115850.jpg","type":"image\/jpeg"}],"twitter_card":"summary_large_image","twitter_misc":{"Est. reading time":"1 minute"},"schema":{"@context":"https:\/\/schema.org","@graph":[{"@type":"WebPage","@id":"https:\/\/iplangestion.com\/ca\/enginyeria-consultoria\/","url":"https:\/\/iplangestion.com\/ca\/enginyeria-consultoria\/","name":"Enginyeria Consultoria - iPlan Gesti\u00f3n Integral S.L.","isPartOf":{"@id":"https:\/\/iplangestion.com\/#website"},"primaryImageOfPage":{"@id":"https:\/\/iplangestion.com\/ca\/enginyeria-consultoria\/#primaryimage"},"image":{"@id":"https:\/\/iplangestion.com\/ca\/enginyeria-consultoria\/#primaryimage"},"thumbnailUrl":"https:\/\/iplangestion.com\/wp-content\/uploads\/EngCivil-20131127115850.jpg","datePublished":"2013-09-13T11:24:43+00:00","dateModified":"2015-11-17T10:45:40+00:00","breadcrumb":{"@id":"https:\/\/iplangestion.com\/ca\/enginyeria-consultoria\/#breadcrumb"},"inLanguage":"ca","potentialAction":[{"@type":"ReadAction","target":["https:\/\/iplangestion.com\/ca\/enginyeria-consultoria\/"]}]},{"@type":"ImageObject","inLanguage":"ca","@id":"https:\/\/iplangestion.com\/ca\/enginyeria-consultoria\/#primaryimage","url":"https:\/\/iplangestion.com\/wp-content\/uploads\/EngCivil-20131127115850.jpg","contentUrl":"https:\/\/iplangestion.com\/wp-content\/uploads\/EngCivil-20131127115850.jpg","width":400,"height":250},{"@type":"BreadcrumbList","@id":"https:\/\/iplangestion.com\/ca\/enginyeria-consultoria\/#breadcrumb","itemListElement":[{"@type":"ListItem","position":1,"name":"Portada","item":"https:\/\/iplangestion.com\/ca\/"},{"@type":"ListItem","position":2,"name":"Enginyeria Consultoria"}]},{"@type":"WebSite","@id":"https:\/\/iplangestion.com\/#website","url":"https:\/\/iplangestion.com\/","name":"iPlan Gesti\u00f3n Integral S.L.","description":"Gesti\u00f3n integral de proyectos","potentialAction":[{"@type":"SearchAction","target":{"@type":"EntryPoint","urlTemplate":"https:\/\/iplangestion.com\/?s={search_term_string}"},"query-input":{"@type":"PropertyValueSpecification","valueRequired":true,"valueName":"search_term_string"}}],"inLanguage":"ca"}]}},"_links":{"self":[{"href":"https:\/\/iplangestion.com\/ca\/wp-json\/wp\/v2\/pages\/7657","targetHints":{"allow":["GET"]}}],"collection":[{"href":"https:\/\/iplangestion.com\/ca\/wp-json\/wp\/v2\/pages"}],"about":[{"href":"https:\/\/iplangestion.com\/ca\/wp-json\/wp\/v2\/types\/page"}],"author":[{"embeddable":true,"href":"https:\/\/iplangestion.com\/ca\/wp-json\/wp\/v2\/users\/1"}],"replies":[{"embeddable":true,"href":"https:\/\/iplangestion.com\/ca\/wp-json\/wp\/v2\/comments?post=7657"}],"version-history":[{"count":0,"href":"https:\/\/iplangestion.com\/ca\/wp-json\/wp\/v2\/pages\/7657\/revisions"}],"wp:featuredmedia":[{"embeddable":true,"href":"https:\/\/iplangestion.com\/ca\/wp-json\/wp\/v2\/media\/449"}],"wp:attachment":[{"href":"https:\/\/iplangestion.com\/ca\/wp-json\/wp\/v2\/media?parent=7657"}],"curies":[{"name":"wp","href":"https:\/\/api.w.org\/{rel}","templated":true}]}}