{"id":7652,"date":"2013-06-05T16:02:06","date_gmt":"2013-06-05T16:02:06","guid":{"rendered":"http:\/\/www.iplangestion.com\/ca\/experiencia\/"},"modified":"2018-06-26T15:22:46","modified_gmt":"2018-06-26T15:22:46","slug":"certificacions-homologacions-i-associacions","status":"publish","type":"page","link":"https:\/\/iplangestion.com\/ca\/certificacions-homologacions-i-associacions\/","title":{"rendered":"Certificacions, Homologacions i Associacions"},"content":{"rendered":"<div class=\"wpb-content-wrapper\">[vc_row fullwidth=&#8221;true&#8221;][vc_column][mk_page_title_box page_title=&#8221;Certificacions, Homologacions i Associacions&#8221; section_height=&#8221;120&#8243; bg_image=&#8221;http:\/\/www.iplangestion.com\/wp-content\/uploads\/banner-calificaciones-homologacione-e1445864286842.jpg&#8221; bg_stretch=&#8221;true&#8221; text_align=&#8221;left&#8221; font_size=&#8221;36&#8243; title_letter_spacing=&#8221;1&#8243; font_color=&#8221;#ffffff&#8221;][vc_empty_space][\/vc_column][\/vc_row][vc_row][vc_column][vc_column_text]<strong>IPLAN GESTION INTEGRAL S.L.<\/strong> , assumeix el comprom\u00eds davant els seus clients i treballadors, de ser l\u00edder en la qualitat dels serveis que subministra.<\/p>\n<p>La implantaci\u00f3 d&#8217;aquestes normes de car\u00e0cter internacional permet una gesti\u00f3 de serveis amb els mateixos criteris d&#8217;efic\u00e0cia que utilitzen les organitzacions empresarials capdavanteres i d\u00f3na garanties de qualitat en els processos de treball que s\u2019utilitzen, dedicant els esfor\u00e7os a millorar cont\u00ednuament la qualitat de tot el que es realitza.<\/p>\n<p><a href=\"http:\/\/www.iplangestion.com\/wp-content\/uploads\/politica-de-qualitat.pdf\">Veure pol\u00edtica de qualitat<\/a>[\/vc_column_text][\/vc_column][\/vc_row][vc_row][vc_column][mk_divider style=&#8221;single_dotted&#8221; margin_top=&#8221;25&#8243; margin_bottom=&#8221;25&#8243;][\/vc_column][\/vc_row][vc_row][vc_column][vc_row_inner][vc_column_inner width=&#8221;1\/4&#8243;][vc_empty_space][vc_single_image image=&#8221;385&#8243; img_size=&#8221;medium&#8221; add_caption=&#8221;yes&#8221; onclick=&#8221;custom_link&#8221; img_link_target=&#8221;_blank&#8221; link=&#8221;http:\/\/www.iplangestion.com\/wp-content\/uploads\/ISO-9001-2008_1.pdf&#8221;][\/vc_column_inner][vc_column_inner width=&#8221;3\/4&#8243;][mk_fancy_title color=&#8221;#56962e&#8221; size=&#8221;26&#8243; font_weight=&#8221;normal&#8221; margin_bottom=&#8221;0&#8243; font_family=&#8221;none&#8221;]ISO 9001 : 2008[\/mk_fancy_title][vc_column_text margin_bottom=&#8221;15&#8243;]<strong>IPLAN GESTION INTEGRAL S.L.,<\/strong> compta des del 21 de juliol de 2009 amb reconeixement a la seva feina a favor de la Qualitat en forma d&#8217;Acreditaci\u00f3 de <strong>Qualitat ISO 9001<\/strong>, despr\u00e9s d&#8217;haver superat amb \u00e8xit l&#8217;auditoria de certificaci\u00f3, realitzada per l&#8217;empresa BUREAU VERITAS. Aquest certificat compr\u00e8n totes les activitats de la companyia per l&#8217;assegurament de la Qualitat en el desenvolupament de la seva activitat.[\/vc_column_text][\/vc_column_inner][\/vc_row_inner][vc_row_inner][vc_column_inner width=&#8221;1\/4&#8243;][vc_empty_space height=&#8221;25px&#8221;][vc_single_image image=&#8221;391&#8243; img_size=&#8221;medium&#8221; add_caption=&#8221;yes&#8221; onclick=&#8221;custom_link&#8221; img_link_target=&#8221;_blank&#8221; link=&#8221;http:\/\/www.iplangestion.com\/wp-content\/uploads\/ISO-14001-2004_1.pdf&#8221;][\/vc_column_inner][vc_column_inner width=&#8221;3\/4&#8243;][mk_fancy_title color=&#8221;#56962e&#8221; size=&#8221;26&#8243; font_weight=&#8221;normal&#8221; margin_bottom=&#8221;0&#8243; font_family=&#8221;none&#8221;]ISO 14001 : 2004[\/mk_fancy_title][vc_column_text margin_bottom=&#8221;30&#8243;]<strong>PLAN GESTION INTEGRAL S.L.<\/strong>, compta des del 21 de juliol de 2009 amb la Certificaci\u00f3 de Registre d&#8217;Empresa al Medi Ambient <strong>ISO 14001<\/strong>, despr\u00e9s d&#8217;haver superat amb \u00e8xit l&#8217;auditoria realitzada per l&#8217;empresa *BUREAU *VERITAS, per a les activitats que es realitzen al centre.[\/vc_column_text][\/vc_column_inner][\/vc_row_inner][vc_row_inner][vc_column_inner width=&#8221;1\/4&#8243;][vc_single_image image=&#8221;397&#8243; img_size=&#8221;medium&#8221; add_caption=&#8221;yes&#8221; onclick=&#8221;custom_link&#8221; img_link_target=&#8221;_blank&#8221; link=&#8221;http:\/\/www.iplangestion.com\/wp-content\/uploads\/OSHAS-18001-2007.pdf&#8221;][\/vc_column_inner][vc_column_inner width=&#8221;3\/4&#8243;][mk_fancy_title color=&#8221;#56962e&#8221; size=&#8221;26&#8243; font_weight=&#8221;normal&#8221; margin_bottom=&#8221;0&#8243; font_family=&#8221;none&#8221;]OHSAS 18001:2007[\/mk_fancy_title][vc_column_text]<strong>IPLAN GESTION INTEGRAL S.L.<\/strong>, compta des del 12 de juny de 2012 amb la Certificaci\u00f3 <strong>OSHAS 18001:2007<\/strong> de Seguretat i Salut, despr\u00e9s d&#8217;haver superat amb \u00e8xit l&#8217;auditoria realitzada per l&#8217;empresa BUREAU VERITAS.[\/vc_column_text][\/vc_column_inner][\/vc_row_inner][\/vc_column][\/vc_row][vc_row][vc_column][mk_divider style=&#8221;single_dotted&#8221; margin_top=&#8221;5&#8243; margin_bottom=&#8221;5&#8243;][vc_empty_space height=&#8221;55px&#8221;][\/vc_column][\/vc_row][mk_page_section bg_color=&#8221;#ffffff&#8221; min_height=&#8221;80&#8243; padding_top=&#8221;0&#8243; padding_bottom=&#8221;0&#8243; sidebar=&#8221;sidebar-1&#8243;][vc_column width=&#8221;1\/4&#8243;][vc_single_image image=&#8221;8773&#8243; img_size=&#8221;200&#215;148&#8243; alignment=&#8221;center&#8221; style=&#8221;vc_box_shadow_border&#8221; onclick=&#8221;custom_link&#8221; link=&#8221;http:\/\/www.iplangestion.com\/wp-content\/uploads\/cert_3010_ei_572_rev1.pdf&#8221;][vc_empty_space height=&#8221;45px&#8221;][\/vc_column][vc_column width=&#8221;3\/4&#8243;][mk_fancy_title color=&#8221;#56962e&#8221; size=&#8221;26&#8243; margin_bottom=&#8221;0&#8243; font_family=&#8221;none&#8221;]<a href=\"http:\/\/www.iplangestion.com\/wp-content\/uploads\/cert_3010_ei_572_rev1.pdf\">ENAC\u00a0<\/a>[\/mk_fancy_title][vc_column_text css=&#8221;.vc_custom_1530008754086{margin-bottom: 0px !important;}&#8221;]<strong>IPLAN GESTION INTEGRAL S.L.\u00a0<\/strong>des del 25 de novembre de 2016 disposa de la certificaci\u00f3 <strong>ISO \/ IEC<\/strong> 17020: 2012 com a entitat amb capacitat t\u00e8cnica per a la realitzaci\u00f3 d&#8217;Inspeccions en el camp de Reglamentaci\u00f3 El\u00e8ctrica d&#8217;alta tensi\u00f3, segons el Decret 328\/2001, emesa per l&#8217;Entitat Nacional d&#8217; acreditaci\u00f3 ENAC.[\/vc_column_text][vc_empty_space height=&#8221;48px&#8221;][\/vc_column][\/mk_page_section][vc_row][vc_column][mk_divider style=&#8221;single_dotted&#8221; margin_top=&#8221;5&#8243; margin_bottom=&#8221;5&#8243;][vc_empty_space height=&#8221;55px&#8221;][\/vc_column][\/vc_row][mk_page_section bg_color=&#8221;#ffffff&#8221; min_height=&#8221;80&#8243; padding_top=&#8221;0&#8243; padding_bottom=&#8221;0&#8243; sidebar=&#8221;sidebar-1&#8243;][vc_column width=&#8221;1\/4&#8243;][vc_single_image image=&#8221;8802&#8243; img_size=&#8221;200&#215;148&#8243; alignment=&#8221;center&#8221; style=&#8221;vc_box_shadow_border&#8221;][vc_empty_space height=&#8221;45px&#8221;][\/vc_column][vc_column width=&#8221;3\/4&#8243;][mk_fancy_title color=&#8221;#56962e&#8221; size=&#8221;26&#8243; font_weight=&#8221;normal&#8221; margin_bottom=&#8221;0&#8243; font_family=&#8221;none&#8221;]Achilles[\/mk_fancy_title][vc_column_text css=&#8221;.vc_custom_1530026563750{margin-bottom: 0px !important;}&#8221;]<strong>IPLAN GESTION INTEGRAL S.L.<\/strong>, forma part del registre <strong>Achilles<\/strong>, prove\u00efdor global de serveis integrats per a la gesti\u00f3 de prove\u00efdors i la cadena de compres en les families Repro y Protrans.[\/vc_column_text][vc_empty_space height=&#8221;48px&#8221;][mk_fancy_title color=&#8221;#56962e&#8221; size=&#8221;26&#8243; font_weight=&#8221;normal&#8221; margin_bottom=&#8221;0&#8243; font_family=&#8221;none&#8221;]<a href=\"\/wp-content\/uploads\/certificado_adhesion-Pacto-Mundial.pdf\" target=\"_blank\" rel=\"noopener\">Red Pacto Mundial Espa\u00f1a<\/a>[\/mk_fancy_title][vc_column_text]<strong>IPLAN GESTION INTEGRAL S.L.<\/strong>,\u00a0s&#8217;ha adherit el <strong>Pacte Mundial, una iniciativa internacional proposada per les Nacions Unides<\/strong>, que t\u00e9 com a objectiu aconseguir un comprom\u00eds voluntari de les entitats en refer\u00e8ncia a la responsabilitat social, per mitj\u00e0 de la implantaci\u00f3 de Deu Principis basats en drets humans, laborals, mediambientals i de lluita contra la corrupci\u00f3.[\/vc_column_text][\/vc_column][\/mk_page_section]\n<\/div>","protected":false},"excerpt":{"rendered":"<p>[vc_row fullwidth=&rdquo;true&rdquo;][vc_column][mk_page_title_box page_title=&rdquo;Certificacions, Homologacions i Associacions&rdquo; section_height=&rdquo;120&Prime; bg_image=&rdquo;http:\/\/www.iplangestion.com\/wp-content\/uploads\/banner-calificaciones-homologacione-e1445864286842.jpg&rdquo; bg_stretch=&rdquo;true&rdquo; text_align=&rdquo;left&rdquo; font_size=&rdquo;36&Prime; title_letter_spacing=&rdquo;1&Prime; font_color=&rdquo;#ffffff&rdquo;][vc_empty_space][\/vc_column][\/vc_row][vc_row][vc_column][vc_column_text]IPLAN GESTION INTEGRAL S.L. , assumeix el comprom&iacute;s davant els seus clients i treballadors, de ser l&iacute;der en la qualitat dels serveis que subministra. La implantaci&oacute; d&rsquo;aquestes normes de car&agrave;cter internacional permet una gesti&oacute; de serveis amb els mateixos criteris d&rsquo;efic&agrave;cia que utilitzen [&hellip;]<\/p>\n","protected":false},"author":1,"featured_media":0,"parent":0,"menu_order":53,"comment_status":"closed","ping_status":"closed","template":"","meta":{"footnotes":""},"class_list":["post-7652","page","type-page","status-publish","hentry"],"yoast_head":"<!-- This site is optimized with the Yoast SEO plugin v26.8 - https:\/\/yoast.com\/product\/yoast-seo-wordpress\/ -->\n<title>Certificacions, Homologacions i Associacions - iPlan Gesti\u00f3n Integral S.L.<\/title>\n<meta name=\"robots\" content=\"index, follow, max-snippet:-1, max-image-preview:large, max-video-preview:-1\" \/>\n<link rel=\"canonical\" href=\"https:\/\/iplangestion.com\/ca\/certificacions-homologacions-i-associacions\/\" \/>\n<meta property=\"og:locale\" content=\"ca_ES\" \/>\n<meta property=\"og:type\" content=\"article\" \/>\n<meta property=\"og:title\" content=\"Certificacions, Homologacions i Associacions - iPlan Gesti\u00f3n Integral S.L.\" \/>\n<meta property=\"og:description\" content=\"[vc_row fullwidth=&rdquo;true&rdquo;][vc_column][mk_page_title_box page_title=&rdquo;Certificacions, Homologacions i Associacions&rdquo; section_height=&rdquo;120&Prime; bg_image=&rdquo;http:\/\/www.iplangestion.com\/wp-content\/uploads\/banner-calificaciones-homologacione-e1445864286842.jpg&rdquo; bg_stretch=&rdquo;true&rdquo; text_align=&rdquo;left&rdquo; font_size=&rdquo;36&Prime; title_letter_spacing=&rdquo;1&Prime; font_color=&rdquo;#ffffff&rdquo;][vc_empty_space][\/vc_column][\/vc_row][vc_row][vc_column][vc_column_text]IPLAN GESTION INTEGRAL S.L. , assumeix el comprom&iacute;s davant els seus clients i treballadors, de ser l&iacute;der en la qualitat dels serveis que subministra. La implantaci&oacute; d&rsquo;aquestes normes de car&agrave;cter internacional permet una gesti&oacute; de serveis amb els mateixos criteris d&rsquo;efic&agrave;cia que utilitzen [&hellip;]\" \/>\n<meta property=\"og:url\" content=\"https:\/\/iplangestion.com\/ca\/certificacions-homologacions-i-associacions\/\" \/>\n<meta property=\"og:site_name\" content=\"iPlan Gesti\u00f3n Integral S.L.\" \/>\n<meta property=\"article:modified_time\" content=\"2018-06-26T15:22:46+00:00\" \/>\n<meta name=\"twitter:card\" content=\"summary_large_image\" \/>\n<meta name=\"twitter:label1\" content=\"Est. reading time\" \/>\n\t<meta name=\"twitter:data1\" content=\"5 minutes\" \/>\n<script type=\"application\/ld+json\" class=\"yoast-schema-graph\">{\"@context\":\"https:\/\/schema.org\",\"@graph\":[{\"@type\":\"WebPage\",\"@id\":\"https:\/\/iplangestion.com\/ca\/certificacions-homologacions-i-associacions\/\",\"url\":\"https:\/\/iplangestion.com\/ca\/certificacions-homologacions-i-associacions\/\",\"name\":\"Certificacions, Homologacions i Associacions - iPlan Gesti\u00f3n Integral S.L.\",\"isPartOf\":{\"@id\":\"https:\/\/iplangestion.com\/#website\"},\"datePublished\":\"2013-06-05T16:02:06+00:00\",\"dateModified\":\"2018-06-26T15:22:46+00:00\",\"breadcrumb\":{\"@id\":\"https:\/\/iplangestion.com\/ca\/certificacions-homologacions-i-associacions\/#breadcrumb\"},\"inLanguage\":\"ca\",\"potentialAction\":[{\"@type\":\"ReadAction\",\"target\":[\"https:\/\/iplangestion.com\/ca\/certificacions-homologacions-i-associacions\/\"]}]},{\"@type\":\"BreadcrumbList\",\"@id\":\"https:\/\/iplangestion.com\/ca\/certificacions-homologacions-i-associacions\/#breadcrumb\",\"itemListElement\":[{\"@type\":\"ListItem\",\"position\":1,\"name\":\"Portada\",\"item\":\"https:\/\/iplangestion.com\/ca\/\"},{\"@type\":\"ListItem\",\"position\":2,\"name\":\"Certificacions, Homologacions i Associacions\"}]},{\"@type\":\"WebSite\",\"@id\":\"https:\/\/iplangestion.com\/#website\",\"url\":\"https:\/\/iplangestion.com\/\",\"name\":\"iPlan Gesti\u00f3n Integral S.L.\",\"description\":\"Gesti\u00f3n integral de proyectos\",\"potentialAction\":[{\"@type\":\"SearchAction\",\"target\":{\"@type\":\"EntryPoint\",\"urlTemplate\":\"https:\/\/iplangestion.com\/?s={search_term_string}\"},\"query-input\":{\"@type\":\"PropertyValueSpecification\",\"valueRequired\":true,\"valueName\":\"search_term_string\"}}],\"inLanguage\":\"ca\"}]}<\/script>\n<!-- \/ Yoast SEO plugin. -->","yoast_head_json":{"title":"Certificacions, Homologacions i Associacions - iPlan Gesti\u00f3n Integral S.L.","robots":{"index":"index","follow":"follow","max-snippet":"max-snippet:-1","max-image-preview":"max-image-preview:large","max-video-preview":"max-video-preview:-1"},"canonical":"https:\/\/iplangestion.com\/ca\/certificacions-homologacions-i-associacions\/","og_locale":"ca_ES","og_type":"article","og_title":"Certificacions, Homologacions i Associacions - iPlan Gesti\u00f3n Integral S.L.","og_description":"[vc_row fullwidth=&rdquo;true&rdquo;][vc_column][mk_page_title_box page_title=&rdquo;Certificacions, Homologacions i Associacions&rdquo; section_height=&rdquo;120&Prime; bg_image=&rdquo;http:\/\/www.iplangestion.com\/wp-content\/uploads\/banner-calificaciones-homologacione-e1445864286842.jpg&rdquo; bg_stretch=&rdquo;true&rdquo; text_align=&rdquo;left&rdquo; font_size=&rdquo;36&Prime; title_letter_spacing=&rdquo;1&Prime; font_color=&rdquo;#ffffff&rdquo;][vc_empty_space][\/vc_column][\/vc_row][vc_row][vc_column][vc_column_text]IPLAN GESTION INTEGRAL S.L. , assumeix el comprom&iacute;s davant els seus clients i treballadors, de ser l&iacute;der en la qualitat dels serveis que subministra. La implantaci&oacute; d&rsquo;aquestes normes de car&agrave;cter internacional permet una gesti&oacute; de serveis amb els mateixos criteris d&rsquo;efic&agrave;cia que utilitzen [&hellip;]","og_url":"https:\/\/iplangestion.com\/ca\/certificacions-homologacions-i-associacions\/","og_site_name":"iPlan Gesti\u00f3n Integral S.L.","article_modified_time":"2018-06-26T15:22:46+00:00","twitter_card":"summary_large_image","twitter_misc":{"Est. reading time":"5 minutes"},"schema":{"@context":"https:\/\/schema.org","@graph":[{"@type":"WebPage","@id":"https:\/\/iplangestion.com\/ca\/certificacions-homologacions-i-associacions\/","url":"https:\/\/iplangestion.com\/ca\/certificacions-homologacions-i-associacions\/","name":"Certificacions, Homologacions i Associacions - iPlan Gesti\u00f3n Integral S.L.","isPartOf":{"@id":"https:\/\/iplangestion.com\/#website"},"datePublished":"2013-06-05T16:02:06+00:00","dateModified":"2018-06-26T15:22:46+00:00","breadcrumb":{"@id":"https:\/\/iplangestion.com\/ca\/certificacions-homologacions-i-associacions\/#breadcrumb"},"inLanguage":"ca","potentialAction":[{"@type":"ReadAction","target":["https:\/\/iplangestion.com\/ca\/certificacions-homologacions-i-associacions\/"]}]},{"@type":"BreadcrumbList","@id":"https:\/\/iplangestion.com\/ca\/certificacions-homologacions-i-associacions\/#breadcrumb","itemListElement":[{"@type":"ListItem","position":1,"name":"Portada","item":"https:\/\/iplangestion.com\/ca\/"},{"@type":"ListItem","position":2,"name":"Certificacions, Homologacions i Associacions"}]},{"@type":"WebSite","@id":"https:\/\/iplangestion.com\/#website","url":"https:\/\/iplangestion.com\/","name":"iPlan Gesti\u00f3n Integral S.L.","description":"Gesti\u00f3n integral de proyectos","potentialAction":[{"@type":"SearchAction","target":{"@type":"EntryPoint","urlTemplate":"https:\/\/iplangestion.com\/?s={search_term_string}"},"query-input":{"@type":"PropertyValueSpecification","valueRequired":true,"valueName":"search_term_string"}}],"inLanguage":"ca"}]}},"_links":{"self":[{"href":"https:\/\/iplangestion.com\/ca\/wp-json\/wp\/v2\/pages\/7652","targetHints":{"allow":["GET"]}}],"collection":[{"href":"https:\/\/iplangestion.com\/ca\/wp-json\/wp\/v2\/pages"}],"about":[{"href":"https:\/\/iplangestion.com\/ca\/wp-json\/wp\/v2\/types\/page"}],"author":[{"embeddable":true,"href":"https:\/\/iplangestion.com\/ca\/wp-json\/wp\/v2\/users\/1"}],"replies":[{"embeddable":true,"href":"https:\/\/iplangestion.com\/ca\/wp-json\/wp\/v2\/comments?post=7652"}],"version-history":[{"count":0,"href":"https:\/\/iplangestion.com\/ca\/wp-json\/wp\/v2\/pages\/7652\/revisions"}],"wp:attachment":[{"href":"https:\/\/iplangestion.com\/ca\/wp-json\/wp\/v2\/media?parent=7652"}],"curies":[{"name":"wp","href":"https:\/\/api.w.org\/{rel}","templated":true}]}}