{"id":7647,"date":"2013-06-05T16:01:58","date_gmt":"2013-06-05T16:01:58","guid":{"rendered":"http:\/\/www.iplangestion.com\/ca\/servicios\/"},"modified":"2015-11-11T11:36:14","modified_gmt":"2015-11-11T11:36:14","slug":"equip-huma-i-mitjans-tecnics","status":"publish","type":"page","link":"https:\/\/iplangestion.com\/ca\/equip-huma-i-mitjans-tecnics\/","title":{"rendered":"Equip hum\u00e0 i mitjans t\u00e8cnics"},"content":{"rendered":"<div class=\"wpb-content-wrapper\">[vc_row fullwidth=&#8221;true&#8221;][vc_column][mk_page_title_box page_title=&#8221;Equip hum\u00e0 i mitjans t\u00e8cnics&#8221; section_height=&#8221;120&#8243; bg_image=&#8221;http:\/\/www.iplangestion.com\/wp-content\/uploads\/banner-equipo-humano1-e1445862012893.jpg&#8221; bg_stretch=&#8221;true&#8221; text_align=&#8221;left&#8221; font_size=&#8221;36&#8243; title_letter_spacing=&#8221;1&#8243; font_color=&#8221;#ffffff&#8221;][vc_empty_space][\/vc_column][\/vc_row][vc_row][vc_column width=&#8221;2\/3&#8243;][vc_empty_space][vc_column_text]Format per un grup multidisciplinari de professionals de les diferents \u00e0rees d\u2019 Enginyeria i de la Gesti\u00f3 de Projectes.[\/vc_column_text][\/vc_column][vc_column width=&#8221;1\/3&#8243;][mk_chart percent=&#8221;90&#8243; content_type=&#8221;icon&#8221; icon=&#8221;mk-li-graph&#8221; icon_color=&#8221;#444444&#8243; desc=&#8221;M\u00c9S DE 10 ANYS D\u2019EXPERI\u00c8NCIA&#8221; desc_color=&#8221;#444444&#8243;][\/vc_column][\/vc_row][vc_row][vc_column][vc_tta_tabs][vc_tta_section i_type=&#8221;openiconic&#8221; i_icon_openiconic=&#8221;vc-oi vc-oi-user&#8221; title=&#8221;EQUIP T\u00c8CNIC&#8221; tab_id=&#8221;1445340920768-8b60beba-4fed&#8221; add_icon=&#8221;true&#8221;][vc_row_inner][vc_column_inner width=&#8221;2\/3&#8243;][mk_custom_list style=&#8221;e328&#8243;]\n<ul>\n<li>Enginyers industrials<\/li>\n<li>Enginyers el\u00e8ctrics<\/li>\n<li>Enginyers agr\u00f2noms<\/li>\n<li>Enginyers civils<\/li>\n<li>Enginyers de control<\/li>\n<li>Enginyers de sistemes i inform\u00e0tica<\/li>\n<li>Llicenciats ci\u00e8ncies ambientals<\/li>\n<li>Llicenciats en dret<\/li>\n<li>Llicenciats en geologia<\/li>\n<li>Arquitectes<\/li>\n<li>Delineants<\/li>\n<li>Administratius<\/li>\n<\/ul>\n[\/mk_custom_list][\/vc_column_inner][vc_column_inner width=&#8221;1\/3&#8243;][mk_padding_divider][mk_image src=&#8221;http:\/\/www.iplangestion.com\/wp-content\/uploads\/shutterstock_122817211-NAVE-HOMBRES-CASCO.jpg&#8221; image_width=&#8221;400&#8243; crop=&#8221;false&#8221; frame_style=&#8221;rounded&#8221;][\/vc_column_inner][\/vc_row_inner][\/vc_tta_section][vc_tta_section i_type=&#8221;openiconic&#8221; i_icon_openiconic=&#8221;vc-oi vc-oi-chart-bar&#8221; title=&#8221;MITJANS&#8221; tab_id=&#8221;1445340920977-63395d74-6494&#8243; add_icon=&#8221;true&#8221;][vc_row_inner][vc_column_inner width=&#8221;2\/3&#8243;][mk_custom_list style=&#8221;e328&#8243;]\n<ul>\n<li>Flota de vehicles.<\/li>\n<li>Programes disponibles:<\/li>\n<li>MS, Office professional<\/li>\n<li>Prest, TCQ, Arktec, SA<\/li>\n<li>Dmelect, ProPlan, MatLab, PSPice, Femm,<\/li>\n<li>AutoCad, Oracle, SolidWorks, SolidEdge, Proengineer<\/li>\n<li>Dialux, Daisalux, EmerLight<\/li>\n<li>ArcGIS<\/li>\n<li>PLS-CADD<\/li>\n<li>ETAP<\/li>\n<\/ul>\n[\/mk_custom_list][\/vc_column_inner][vc_column_inner width=&#8221;1\/3&#8243;][mk_padding_divider size=&#8221;20&#8243;][mk_image src=&#8221;http:\/\/www.iplangestion.com\/wp-content\/uploads\/7.jpg&#8221; crop=&#8221;false&#8221; frame_style=&#8221;rounded&#8221;][\/vc_column_inner][\/vc_row_inner][\/vc_tta_section][\/vc_tta_tabs][\/vc_column][\/vc_row]\n<\/div>","protected":false},"excerpt":{"rendered":"<p>[vc_row fullwidth=&rdquo;true&rdquo;][vc_column][mk_page_title_box page_title=&rdquo;Equip hum&agrave; i mitjans t&egrave;cnics&rdquo; section_height=&rdquo;120&Prime; bg_image=&rdquo;http:\/\/www.iplangestion.com\/wp-content\/uploads\/banner-equipo-humano1-e1445862012893.jpg&rdquo; bg_stretch=&rdquo;true&rdquo; text_align=&rdquo;left&rdquo; font_size=&rdquo;36&Prime; title_letter_spacing=&rdquo;1&Prime; font_color=&rdquo;#ffffff&rdquo;][vc_empty_space][\/vc_column][\/vc_row][vc_row][vc_column width=&rdquo;2\/3&Prime;][vc_empty_space][vc_column_text]Format per un grup multidisciplinari de professionals de les diferents &agrave;rees d&rsquo; Enginyeria i de la Gesti&oacute; de Projectes.[\/vc_column_text][\/vc_column][vc_column width=&rdquo;1\/3&Prime;][mk_chart percent=&rdquo;90&Prime; content_type=&rdquo;icon&rdquo; icon=&rdquo;mk-li-graph&rdquo; icon_color=&rdquo;#444444&Prime; desc=&rdquo;M&Eacute;S DE 10 ANYS D&rsquo;EXPERI&Egrave;NCIA&rdquo; desc_color=&rdquo;#444444&Prime;][\/vc_column][\/vc_row][vc_row][vc_column][vc_tta_tabs][vc_tta_section i_type=&rdquo;openiconic&rdquo; i_icon_openiconic=&rdquo;vc-oi vc-oi-user&rdquo; title=&rdquo;EQUIP T&Egrave;CNIC&rdquo; tab_id=&rdquo;1445340920768-8b60beba-4fed&rdquo; add_icon=&rdquo;true&rdquo;][vc_row_inner][vc_column_inner width=&rdquo;2\/3&Prime;][mk_custom_list style=&rdquo;e328&Prime;] Enginyers industrials [&hellip;]<\/p>\n","protected":false},"author":1,"featured_media":0,"parent":0,"menu_order":54,"comment_status":"closed","ping_status":"closed","template":"","meta":{"footnotes":""},"class_list":["post-7647","page","type-page","status-publish","hentry"],"yoast_head":"<!-- This site is optimized with the Yoast SEO plugin v26.8 - https:\/\/yoast.com\/product\/yoast-seo-wordpress\/ -->\n<title>Equip hum\u00e0 i mitjans t\u00e8cnics - iPlan Gesti\u00f3n Integral S.L.<\/title>\n<meta name=\"robots\" content=\"index, follow, max-snippet:-1, max-image-preview:large, max-video-preview:-1\" \/>\n<link rel=\"canonical\" href=\"https:\/\/iplangestion.com\/ca\/equip-huma-i-mitjans-tecnics\/\" \/>\n<meta property=\"og:locale\" content=\"ca_ES\" \/>\n<meta property=\"og:type\" content=\"article\" \/>\n<meta property=\"og:title\" content=\"Equip hum\u00e0 i mitjans t\u00e8cnics - iPlan Gesti\u00f3n Integral S.L.\" \/>\n<meta property=\"og:description\" content=\"[vc_row fullwidth=&rdquo;true&rdquo;][vc_column][mk_page_title_box page_title=&rdquo;Equip hum&agrave; i mitjans t&egrave;cnics&rdquo; section_height=&rdquo;120&Prime; bg_image=&rdquo;http:\/\/www.iplangestion.com\/wp-content\/uploads\/banner-equipo-humano1-e1445862012893.jpg&rdquo; bg_stretch=&rdquo;true&rdquo; text_align=&rdquo;left&rdquo; font_size=&rdquo;36&Prime; title_letter_spacing=&rdquo;1&Prime; font_color=&rdquo;#ffffff&rdquo;][vc_empty_space][\/vc_column][\/vc_row][vc_row][vc_column width=&rdquo;2\/3&Prime;][vc_empty_space][vc_column_text]Format per un grup multidisciplinari de professionals de les diferents &agrave;rees d&rsquo; Enginyeria i de la Gesti&oacute; de Projectes.[\/vc_column_text][\/vc_column][vc_column width=&rdquo;1\/3&Prime;][mk_chart percent=&rdquo;90&Prime; content_type=&rdquo;icon&rdquo; icon=&rdquo;mk-li-graph&rdquo; icon_color=&rdquo;#444444&Prime; desc=&rdquo;M&Eacute;S DE 10 ANYS D&rsquo;EXPERI&Egrave;NCIA&rdquo; desc_color=&rdquo;#444444&Prime;][\/vc_column][\/vc_row][vc_row][vc_column][vc_tta_tabs][vc_tta_section i_type=&rdquo;openiconic&rdquo; i_icon_openiconic=&rdquo;vc-oi vc-oi-user&rdquo; title=&rdquo;EQUIP T&Egrave;CNIC&rdquo; tab_id=&rdquo;1445340920768-8b60beba-4fed&rdquo; add_icon=&rdquo;true&rdquo;][vc_row_inner][vc_column_inner width=&rdquo;2\/3&Prime;][mk_custom_list style=&rdquo;e328&Prime;] Enginyers industrials [&hellip;]\" \/>\n<meta property=\"og:url\" content=\"https:\/\/iplangestion.com\/ca\/equip-huma-i-mitjans-tecnics\/\" \/>\n<meta property=\"og:site_name\" content=\"iPlan Gesti\u00f3n Integral S.L.\" \/>\n<meta property=\"article:modified_time\" content=\"2015-11-11T11:36:14+00:00\" \/>\n<meta name=\"twitter:card\" content=\"summary_large_image\" \/>\n<meta name=\"twitter:label1\" content=\"Est. reading time\" \/>\n\t<meta name=\"twitter:data1\" content=\"2 minutes\" \/>\n<script type=\"application\/ld+json\" class=\"yoast-schema-graph\">{\"@context\":\"https:\/\/schema.org\",\"@graph\":[{\"@type\":\"WebPage\",\"@id\":\"https:\/\/iplangestion.com\/ca\/equip-huma-i-mitjans-tecnics\/\",\"url\":\"https:\/\/iplangestion.com\/ca\/equip-huma-i-mitjans-tecnics\/\",\"name\":\"Equip hum\u00e0 i mitjans t\u00e8cnics - iPlan Gesti\u00f3n Integral S.L.\",\"isPartOf\":{\"@id\":\"https:\/\/iplangestion.com\/#website\"},\"datePublished\":\"2013-06-05T16:01:58+00:00\",\"dateModified\":\"2015-11-11T11:36:14+00:00\",\"breadcrumb\":{\"@id\":\"https:\/\/iplangestion.com\/ca\/equip-huma-i-mitjans-tecnics\/#breadcrumb\"},\"inLanguage\":\"ca\",\"potentialAction\":[{\"@type\":\"ReadAction\",\"target\":[\"https:\/\/iplangestion.com\/ca\/equip-huma-i-mitjans-tecnics\/\"]}]},{\"@type\":\"BreadcrumbList\",\"@id\":\"https:\/\/iplangestion.com\/ca\/equip-huma-i-mitjans-tecnics\/#breadcrumb\",\"itemListElement\":[{\"@type\":\"ListItem\",\"position\":1,\"name\":\"Portada\",\"item\":\"https:\/\/iplangestion.com\/ca\/\"},{\"@type\":\"ListItem\",\"position\":2,\"name\":\"Equip hum\u00e0 i mitjans t\u00e8cnics\"}]},{\"@type\":\"WebSite\",\"@id\":\"https:\/\/iplangestion.com\/#website\",\"url\":\"https:\/\/iplangestion.com\/\",\"name\":\"iPlan Gesti\u00f3n Integral S.L.\",\"description\":\"Gesti\u00f3n integral de proyectos\",\"potentialAction\":[{\"@type\":\"SearchAction\",\"target\":{\"@type\":\"EntryPoint\",\"urlTemplate\":\"https:\/\/iplangestion.com\/?s={search_term_string}\"},\"query-input\":{\"@type\":\"PropertyValueSpecification\",\"valueRequired\":true,\"valueName\":\"search_term_string\"}}],\"inLanguage\":\"ca\"}]}<\/script>\n<!-- \/ Yoast SEO plugin. -->","yoast_head_json":{"title":"Equip hum\u00e0 i mitjans t\u00e8cnics - iPlan Gesti\u00f3n Integral S.L.","robots":{"index":"index","follow":"follow","max-snippet":"max-snippet:-1","max-image-preview":"max-image-preview:large","max-video-preview":"max-video-preview:-1"},"canonical":"https:\/\/iplangestion.com\/ca\/equip-huma-i-mitjans-tecnics\/","og_locale":"ca_ES","og_type":"article","og_title":"Equip hum\u00e0 i mitjans t\u00e8cnics - iPlan Gesti\u00f3n Integral S.L.","og_description":"[vc_row fullwidth=&rdquo;true&rdquo;][vc_column][mk_page_title_box page_title=&rdquo;Equip hum&agrave; i mitjans t&egrave;cnics&rdquo; section_height=&rdquo;120&Prime; bg_image=&rdquo;http:\/\/www.iplangestion.com\/wp-content\/uploads\/banner-equipo-humano1-e1445862012893.jpg&rdquo; bg_stretch=&rdquo;true&rdquo; text_align=&rdquo;left&rdquo; font_size=&rdquo;36&Prime; title_letter_spacing=&rdquo;1&Prime; font_color=&rdquo;#ffffff&rdquo;][vc_empty_space][\/vc_column][\/vc_row][vc_row][vc_column width=&rdquo;2\/3&Prime;][vc_empty_space][vc_column_text]Format per un grup multidisciplinari de professionals de les diferents &agrave;rees d&rsquo; Enginyeria i de la Gesti&oacute; de Projectes.[\/vc_column_text][\/vc_column][vc_column width=&rdquo;1\/3&Prime;][mk_chart percent=&rdquo;90&Prime; content_type=&rdquo;icon&rdquo; icon=&rdquo;mk-li-graph&rdquo; icon_color=&rdquo;#444444&Prime; desc=&rdquo;M&Eacute;S DE 10 ANYS D&rsquo;EXPERI&Egrave;NCIA&rdquo; desc_color=&rdquo;#444444&Prime;][\/vc_column][\/vc_row][vc_row][vc_column][vc_tta_tabs][vc_tta_section i_type=&rdquo;openiconic&rdquo; i_icon_openiconic=&rdquo;vc-oi vc-oi-user&rdquo; title=&rdquo;EQUIP T&Egrave;CNIC&rdquo; tab_id=&rdquo;1445340920768-8b60beba-4fed&rdquo; add_icon=&rdquo;true&rdquo;][vc_row_inner][vc_column_inner width=&rdquo;2\/3&Prime;][mk_custom_list style=&rdquo;e328&Prime;] Enginyers industrials [&hellip;]","og_url":"https:\/\/iplangestion.com\/ca\/equip-huma-i-mitjans-tecnics\/","og_site_name":"iPlan Gesti\u00f3n Integral S.L.","article_modified_time":"2015-11-11T11:36:14+00:00","twitter_card":"summary_large_image","twitter_misc":{"Est. reading time":"2 minutes"},"schema":{"@context":"https:\/\/schema.org","@graph":[{"@type":"WebPage","@id":"https:\/\/iplangestion.com\/ca\/equip-huma-i-mitjans-tecnics\/","url":"https:\/\/iplangestion.com\/ca\/equip-huma-i-mitjans-tecnics\/","name":"Equip hum\u00e0 i mitjans t\u00e8cnics - iPlan Gesti\u00f3n Integral S.L.","isPartOf":{"@id":"https:\/\/iplangestion.com\/#website"},"datePublished":"2013-06-05T16:01:58+00:00","dateModified":"2015-11-11T11:36:14+00:00","breadcrumb":{"@id":"https:\/\/iplangestion.com\/ca\/equip-huma-i-mitjans-tecnics\/#breadcrumb"},"inLanguage":"ca","potentialAction":[{"@type":"ReadAction","target":["https:\/\/iplangestion.com\/ca\/equip-huma-i-mitjans-tecnics\/"]}]},{"@type":"BreadcrumbList","@id":"https:\/\/iplangestion.com\/ca\/equip-huma-i-mitjans-tecnics\/#breadcrumb","itemListElement":[{"@type":"ListItem","position":1,"name":"Portada","item":"https:\/\/iplangestion.com\/ca\/"},{"@type":"ListItem","position":2,"name":"Equip hum\u00e0 i mitjans t\u00e8cnics"}]},{"@type":"WebSite","@id":"https:\/\/iplangestion.com\/#website","url":"https:\/\/iplangestion.com\/","name":"iPlan Gesti\u00f3n Integral S.L.","description":"Gesti\u00f3n integral de proyectos","potentialAction":[{"@type":"SearchAction","target":{"@type":"EntryPoint","urlTemplate":"https:\/\/iplangestion.com\/?s={search_term_string}"},"query-input":{"@type":"PropertyValueSpecification","valueRequired":true,"valueName":"search_term_string"}}],"inLanguage":"ca"}]}},"_links":{"self":[{"href":"https:\/\/iplangestion.com\/ca\/wp-json\/wp\/v2\/pages\/7647","targetHints":{"allow":["GET"]}}],"collection":[{"href":"https:\/\/iplangestion.com\/ca\/wp-json\/wp\/v2\/pages"}],"about":[{"href":"https:\/\/iplangestion.com\/ca\/wp-json\/wp\/v2\/types\/page"}],"author":[{"embeddable":true,"href":"https:\/\/iplangestion.com\/ca\/wp-json\/wp\/v2\/users\/1"}],"replies":[{"embeddable":true,"href":"https:\/\/iplangestion.com\/ca\/wp-json\/wp\/v2\/comments?post=7647"}],"version-history":[{"count":0,"href":"https:\/\/iplangestion.com\/ca\/wp-json\/wp\/v2\/pages\/7647\/revisions"}],"wp:attachment":[{"href":"https:\/\/iplangestion.com\/ca\/wp-json\/wp\/v2\/media?parent=7647"}],"curies":[{"name":"wp","href":"https:\/\/api.w.org\/{rel}","templated":true}]}}