{"id":6371,"date":"2015-09-18T17:18:25","date_gmt":"2015-09-18T17:18:25","guid":{"rendered":"http:\/\/www.iplangestion.com\/ca\/inicio\/"},"modified":"2024-09-16T12:42:08","modified_gmt":"2024-09-16T10:42:08","slug":"inicio","status":"publish","type":"page","link":"https:\/\/iplangestion.com\/ca\/","title":{"rendered":"Inici"},"content":{"rendered":"<div class=\"wpb-content-wrapper\">[vc_row fullwidth=&#8221;true&#8221; fullwidth_content=&#8221;false&#8221; equal_columns=&#8221;true&#8221; column_padding=&#8221;3&#8243; css=&#8221;.vc_custom_1596122371328{padding-top: 50px !important;padding-bottom: 50px !important;background-color: #f0f0f0 !important;}&#8221;][vc_column css=&#8221;.vc_custom_1589811493131{background-color: #f0f0f0 !important;}&#8221;][mk_fancy_title size=&#8221;20&#8243; force_font_size=&#8221;true&#8221; size_smallscreen=&#8221;20&#8243; size_phone=&#8221;20&#8243; line_height=&#8221;70&#8243; font_weight=&#8221;400&#8243; font_style=&#8221;normal&#8221; txt_transform=&#8221;uppercase&#8221; margin_top=&#8221;&#8221; font_family=&#8221;none&#8221; align=&#8221;center&#8221;]A IPLAN ENS APASSIONA L&#8217;ENGINYERIA[\/mk_fancy_title][vc_column_text align=&#8221;center&#8221; css=&#8221;.vc_custom_1697015838971{margin-bottom: 0px !important;padding-right: 40px !important;padding-left: 40px !important;}&#8221;]Oferim serveis d&#8217;Enginyeria de projectes desenvolupats en el sector energ\u00e8tic i d&#8217;obra civil, principalment, a m\u00e9s de tenir experi\u00e8ncia en els \u00e0mbits de les energies renovables i el medi ambient.<\/p>\n<p>Formem part de <a href=\"https:\/\/www.vulcain-eng.com\/en\">Vulcain Engineering Group<\/a>, una companyia internacional francesa de consultoria i enginyeria amb un enfocament multisectorial que treballa en diferents sectors de les infraestructures i de l&#8217;energia.<\/p>\n<p>Comptem amb un equip multidisciplinari de professionals de les diferents \u00e0rees de l&#8217;enginyeria i de la gesti\u00f3 de projectes, amb un alt grau d&#8217;especialitzaci\u00f3, professionalitat, capacitat anal\u00edtica i experi\u00e8ncia, la qual cosa ens permet complir amb qualitat i \u00e8xit.<\/p>\n<p>Promovem una cultura de treball transparent, respectuosa i igualit\u00e0ria, on l&#8217;enfocament principal \u00e9s el nostre equip hum\u00e0 i la millora cont\u00ednua de l&#8217;empresa, sempre en comprom\u00eds amb el medi ambient i la seguretat.[\/vc_column_text][\/vc_column][\/vc_row][vc_row fullwidth=&#8221;true&#8221; css=&#8221;.vc_custom_1726483314148{margin-top: 0px !important;padding-top: 0px !important;}&#8221;][vc_column width=&#8221;1\/6&#8243;][\/vc_column][vc_column width=&#8221;2\/3&#8243;][vc_video link=&#8221;https:\/\/www.youtube.com\/watch?v=kvkw_dCNuoQ&#8221;][\/vc_column][vc_column width=&#8221;1\/6&#8243;][\/vc_column][\/vc_row][vc_row fullwidth=&#8221;true&#8221; css=&#8221;.vc_custom_1602580746474{margin-top: 0px !important;padding-top: 0px !important;}&#8221;][vc_column][vc_empty_space height=&#8221;50px&#8221;][\/vc_column][\/vc_row][vc_row fullwidth=&#8221;true&#8221; fullwidth_content=&#8221;false&#8221; equal_columns=&#8221;true&#8221; column_padding=&#8221;3&#8243; css=&#8221;.vc_custom_1596122380125{padding-top: 50px !important;padding-bottom: 50px !important;background-color: #dedede !important;}&#8221;][vc_column][mk_padding_divider size=&#8221;10&#8243;][mk_fancy_title size=&#8221;20&#8243; force_font_size=&#8221;true&#8221; size_smallscreen=&#8221;20&#8243; size_tablet=&#8221;20&#8243; size_phone=&#8221;20&#8243; font_weight=&#8221;400&#8243; font_style=&#8221;normal&#8221; txt_transform=&#8221;uppercase&#8221; margin_top=&#8221;&#8221; font_family=&#8221;none&#8221; align=&#8221;center&#8221;]PERQU\u00c8 NOSALTRES?[\/mk_fancy_title][vc_row_inner][vc_column_inner width=&#8221;1\/4&#8243;][mk_chart percent=&#8221;100&#8243; track_color=&#8221;#ffffff&#8221; line_width=&#8221;15&#8243; content_type=&#8221;custom_text&#8221; custom_text=&#8221;100%&#8221; desc=&#8221;PROFESSIONALITAT &amp; CAPACITAT ANAL\u00cdTICA&#8221; desc_color=&#8221;#706f6f&#8221;][\/vc_column_inner][vc_column_inner width=&#8221;1\/4&#8243;][mk_chart percent=&#8221;100&#8243; track_color=&#8221;#ffffff&#8221; line_width=&#8221;15&#8243; content_type=&#8221;custom_text&#8221; custom_text=&#8221;100%&#8221; desc=&#8221;ESPECIALITZACI\u00d3 I EXPERI\u00c8NCIA&#8221; desc_color=&#8221;#706f6f&#8221;][\/vc_column_inner][vc_column_inner width=&#8221;1\/4&#8243;][mk_chart percent=&#8221;100&#8243; track_color=&#8221;#ffffff&#8221; line_width=&#8221;15&#8243; content_type=&#8221;custom_text&#8221; custom_text=&#8221;100%&#8221; desc=&#8221;QUALITAT&#8221; desc_color=&#8221;#706f6f&#8221;][\/vc_column_inner][vc_column_inner width=&#8221;1\/4&#8243;][mk_chart percent=&#8221;100&#8243; track_color=&#8221;#ffffff&#8221; line_width=&#8221;15&#8243; content_type=&#8221;custom_text&#8221; custom_text=&#8221;100%&#8221; desc=&#8221;RESPONSABILITAT&#8221; desc_color=&#8221;#706f6f&#8221;][\/vc_column_inner][\/vc_row_inner][mk_padding_divider size=&#8221;10&#8243;][\/vc_column][\/vc_row][vc_row fullwidth=&#8221;true&#8221; fullwidth_content=&#8221;false&#8221; equal_columns=&#8221;true&#8221; column_padding=&#8221;3&#8243; css=&#8221;.vc_custom_1606493452221{padding-top: 50px !important;padding-bottom: 50px !important;background-color: #4e4e4e !important;}&#8221;][vc_column][mk_padding_divider size=&#8221;10&#8243;][mk_fancy_title size=&#8221;20&#8243; force_font_size=&#8221;true&#8221; size_smallscreen=&#8221;20&#8243; size_tablet=&#8221;20&#8243; size_phone=&#8221;20&#8243; font_weight=&#8221;400&#8243; font_style=&#8221;normal&#8221; txt_transform=&#8221;uppercase&#8221; margin_top=&#8221;&#8221; font_family=&#8221;none&#8221; align=&#8221;center&#8221;]L\u00cdNIES DE NEGOCI[\/mk_fancy_title][vc_row_inner][vc_column_inner width=&#8221;1\/5&#8243;][mk_circle_image src=&#8221;https:\/\/www.iplangestion.com\/wp-content\/uploads\/ingenieria-circle.png&#8221; image_diameter=&#8221;150&#8243; link=&#8221;\/ca\/enginyeria-electrica-i-consultoria\/&#8221; el_class=&#8221;circle-border&#8221;][mk_fancy_title color=&#8221;#80ba27&#8243; size=&#8221;16&#8243; txt_transform=&#8221;uppercase&#8221; font_family=&#8221;none&#8221; align=&#8221;center&#8221;]<a href=\"http:\/\/pre.iplangestion.com\/ca\/enginyeria-electrica-i-consultoria\/\">ENGINYERIA EL\u00c8CTRICA I CONSULTORIA<\/a>[\/mk_fancy_title][\/vc_column_inner][vc_column_inner width=&#8221;1\/5&#8243;][mk_circle_image src=&#8221;https:\/\/www.iplangestion.com\/wp-content\/uploads\/ingenieria-electrica.png&#8221; image_diameter=&#8221;150&#8243; link=&#8221;\/ca\/enginyeria-obra-civil-i-edificacio\/&#8221; el_class=&#8221;circle-border&#8221;][mk_fancy_title size=&#8221;16&#8243; txt_transform=&#8221;uppercase&#8221; font_family=&#8221;none&#8221; align=&#8221;center&#8221;]<a href=\"\/ca\/enginyeria-obra-civil-i-edificacio\/\"> ENGINYERIA, OBRA CIVIL I EDIFICACI\u00d3 <\/a>[\/mk_fancy_title][\/vc_column_inner][vc_column_inner width=&#8221;1\/5&#8243;][mk_circle_image src=&#8221;https:\/\/www.iplangestion.com\/wp-content\/uploads\/legalizaciones.png&#8221; image_diameter=&#8221;150&#8243; link=&#8221;\/ca\/enginyeria-i-legalitzacions\/&#8221; el_class=&#8221;circle-border&#8221;][mk_fancy_title size=&#8221;16&#8243; txt_transform=&#8221;uppercase&#8221; font_family=&#8221;none&#8221; align=&#8221;center&#8221;]<a href=\"\/ca\/enginyeria-i-legalitzacions\/\"> ENGINYERIA I LEGALITZACIONS <\/a>[\/mk_fancy_title][\/vc_column_inner][vc_column_inner width=&#8221;1\/5&#8243;][mk_circle_image src=&#8221;https:\/\/www.iplangestion.com\/wp-content\/uploads\/seguridad.png&#8221; image_diameter=&#8221;150&#8243; link=&#8221;\/ca\/consultoria-seguretat-i-salut\/&#8221; el_class=&#8221;circle-border&#8221;][mk_fancy_title size=&#8221;16&#8243; txt_transform=&#8221;uppercase&#8221; font_family=&#8221;none&#8221; align=&#8221;center&#8221;]<a href=\"\/ca\/consultoria-seguretat-i-salut\/\"> CONSULTORIA, SEGURETAT I SALUT <\/a>[\/mk_fancy_title][\/vc_column_inner][vc_column_inner width=&#8221;1\/5&#8243;][mk_circle_image src=&#8221;https:\/\/www.iplangestion.com\/wp-content\/uploads\/ingenieria-ambiental.png&#8221; image_diameter=&#8221;150&#8243; link=&#8221;\/ca\/enginyeria-ambiental-i-energies-renovables\/&#8221; el_class=&#8221;circle-border&#8221;][mk_fancy_title size=&#8221;16&#8243; txt_transform=&#8221;uppercase&#8221; font_family=&#8221;none&#8221; align=&#8221;center&#8221;]<a href=\"\/ca\/enginyeria-ambiental-i-energies-renovables\/\"> ENGINYERIA AMBIENTAL I ENERGIES RENOVABLES <\/a>[\/mk_fancy_title][\/vc_column_inner][\/vc_row_inner][mk_padding_divider size=&#8221;10&#8243;][\/vc_column][\/vc_row][vc_row fullwidth=&#8221;true&#8221; fullwidth_content=&#8221;false&#8221; equal_columns=&#8221;true&#8221; column_padding=&#8221;3&#8243; css=&#8221;.vc_custom_1596122471813{padding-top: 50px !important;padding-bottom: 50px !important;background-color: #f0f0f0 !important;}&#8221;][vc_column][mk_padding_divider size=&#8221;10&#8243;][mk_fancy_title size=&#8221;20&#8243; font_weight=&#8221;400&#8243; font_style=&#8221;normal&#8221; txt_transform=&#8221;uppercase&#8221; margin_top=&#8221;&#8221; font_family=&#8221;none&#8221; align=&#8221;center&#8221;]projectes rellevants[\/mk_fancy_title][mk_blog style=&#8221;thumbnail&#8221; post_count=&#8221;1&#8243; disable_lazyload=&#8221;true&#8221; posts=&#8221;17020, 17021, 17012, 17010&#8243;][mk_padding_divider size=&#8221;10&#8243;][\/vc_column][\/vc_row][vc_row fullwidth=&#8221;true&#8221; fullwidth_content=&#8221;false&#8221; equal_columns=&#8221;true&#8221; column_padding=&#8221;3&#8243; css=&#8221;.vc_custom_1596122497667{padding-top: 50px !important;padding-bottom: 50px !important;background-color: #dedede !important;}&#8221;][vc_column][mk_padding_divider size=&#8221;10&#8243; visibility=&#8221;hidden-sm&#8221;][mk_fancy_title size=&#8221;20&#8243; font_weight=&#8221;400&#8243; font_style=&#8221;normal&#8221; txt_transform=&#8221;uppercase&#8221; margin_top=&#8221;&#8221; font_family=&#8221;none&#8221; align=&#8221;center&#8221;]noticies[\/mk_fancy_title][mk_padding_divider size=&#8221;10&#8243; visibility=&#8221;hidden-sm&#8221;][mk_blog style=&#8221;thumbnail&#8221; post_count=&#8221;1&#8243; cat=&#8221;154&#8243;][mk_padding_divider size=&#8221;10&#8243;][\/vc_column][\/vc_row][vc_row fullwidth=&#8221;true&#8221; fullwidth_content=&#8221;false&#8221; css=&#8221;.vc_custom_1602582068384{padding-right: 20px !important;padding-left: 20px !important;background-color: #ffffff !important;}&#8221;][vc_column][mk_padding_divider size=&#8221;30&#8243;][mk_fancy_title size=&#8221;20&#8243; font_weight=&#8221;400&#8243; font_style=&#8221;normal&#8221; txt_transform=&#8221;uppercase&#8221; margin_top=&#8221;20&#8243; margin_bottom=&#8221;0&#8243; font_family=&#8221;none&#8221; align=&#8221;center&#8221;]CLIENTS QUE CONFIEN EN NOSALTRES[\/mk_fancy_title][mk_clients count=&#8221;-1&#8243;][\/vc_column][\/vc_row]\n<\/div>","protected":false},"excerpt":{"rendered":"<p>[vc_row fullwidth=&rdquo;true&rdquo; fullwidth_content=&rdquo;false&rdquo; equal_columns=&rdquo;true&rdquo; column_padding=&rdquo;3&Prime; css=&rdquo;.vc_custom_1596122371328{padding-top: 50px !important;padding-bottom: 50px !important;background-color: #f0f0f0 !important;}&rdquo;][vc_column css=&rdquo;.vc_custom_1589811493131{background-color: #f0f0f0 !important;}&rdquo;][mk_fancy_title size=&rdquo;20&Prime; force_font_size=&rdquo;true&rdquo; size_smallscreen=&rdquo;20&Prime; size_phone=&rdquo;20&Prime; line_height=&rdquo;70&Prime; font_weight=&rdquo;400&Prime; font_style=&rdquo;normal&rdquo; txt_transform=&rdquo;uppercase&rdquo; margin_top=&rdquo;&rdquo; font_family=&rdquo;none&rdquo; align=&rdquo;center&rdquo;]A IPLAN ENS APASSIONA L&rsquo;ENGINYERIA[\/mk_fancy_title][vc_column_text align=&rdquo;center&rdquo; css=&rdquo;.vc_custom_1697015838971{margin-bottom: 0px !important;padding-right: 40px !important;padding-left: 40px !important;}&rdquo;]Oferim serveis d&rsquo;Enginyeria de projectes desenvolupats en el sector energ&egrave;tic i d&rsquo;obra civil, principalment, a m&eacute;s de tenir [&hellip;]<\/p>\n","protected":false},"author":1,"featured_media":0,"parent":0,"menu_order":0,"comment_status":"closed","ping_status":"closed","template":"","meta":{"footnotes":""},"class_list":["post-6371","page","type-page","status-publish","hentry"],"yoast_head":"<!-- This site is optimized with the Yoast SEO plugin v26.8 - https:\/\/yoast.com\/product\/yoast-seo-wordpress\/ -->\n<title>Inici - iPlan Gesti\u00f3n Integral S.L.<\/title>\n<meta name=\"robots\" content=\"index, follow, max-snippet:-1, max-image-preview:large, max-video-preview:-1\" \/>\n<link rel=\"canonical\" href=\"https:\/\/iplangestion.com\/ca\/\" \/>\n<meta property=\"og:locale\" content=\"ca_ES\" \/>\n<meta property=\"og:type\" content=\"article\" \/>\n<meta property=\"og:title\" content=\"Inici - iPlan Gesti\u00f3n Integral S.L.\" \/>\n<meta property=\"og:description\" content=\"[vc_row fullwidth=&rdquo;true&rdquo; fullwidth_content=&rdquo;false&rdquo; equal_columns=&rdquo;true&rdquo; column_padding=&rdquo;3&Prime; css=&rdquo;.vc_custom_1596122371328{padding-top: 50px !important;padding-bottom: 50px !important;background-color: #f0f0f0 !important;}&rdquo;][vc_column css=&rdquo;.vc_custom_1589811493131{background-color: #f0f0f0 !important;}&rdquo;][mk_fancy_title size=&rdquo;20&Prime; force_font_size=&rdquo;true&rdquo; size_smallscreen=&rdquo;20&Prime; size_phone=&rdquo;20&Prime; line_height=&rdquo;70&Prime; font_weight=&rdquo;400&Prime; font_style=&rdquo;normal&rdquo; txt_transform=&rdquo;uppercase&rdquo; margin_top=&rdquo;&rdquo; font_family=&rdquo;none&rdquo; align=&rdquo;center&rdquo;]A IPLAN ENS APASSIONA L&rsquo;ENGINYERIA[\/mk_fancy_title][vc_column_text align=&rdquo;center&rdquo; css=&rdquo;.vc_custom_1697015838971{margin-bottom: 0px !important;padding-right: 40px !important;padding-left: 40px !important;}&rdquo;]Oferim serveis d&rsquo;Enginyeria de projectes desenvolupats en el sector energ&egrave;tic i d&rsquo;obra civil, principalment, a m&eacute;s de tenir [&hellip;]\" \/>\n<meta property=\"og:url\" content=\"https:\/\/iplangestion.com\/ca\/\" \/>\n<meta property=\"og:site_name\" content=\"iPlan Gesti\u00f3n Integral S.L.\" \/>\n<meta property=\"article:modified_time\" content=\"2024-09-16T10:42:08+00:00\" \/>\n<meta name=\"twitter:card\" content=\"summary_large_image\" \/>\n<meta name=\"twitter:label1\" content=\"Est. reading time\" \/>\n\t<meta name=\"twitter:data1\" content=\"2 minutes\" \/>\n<script type=\"application\/ld+json\" class=\"yoast-schema-graph\">{\"@context\":\"https:\/\/schema.org\",\"@graph\":[{\"@type\":\"WebPage\",\"@id\":\"https:\/\/iplangestion.com\/ca\/\",\"url\":\"https:\/\/iplangestion.com\/ca\/\",\"name\":\"Inici - iPlan Gesti\u00f3n Integral S.L.\",\"isPartOf\":{\"@id\":\"https:\/\/iplangestion.com\/#website\"},\"datePublished\":\"2015-09-18T17:18:25+00:00\",\"dateModified\":\"2024-09-16T10:42:08+00:00\",\"breadcrumb\":{\"@id\":\"https:\/\/iplangestion.com\/ca\/#breadcrumb\"},\"inLanguage\":\"ca\",\"potentialAction\":[{\"@type\":\"ReadAction\",\"target\":[\"https:\/\/iplangestion.com\/ca\/\"]}]},{\"@type\":\"BreadcrumbList\",\"@id\":\"https:\/\/iplangestion.com\/ca\/#breadcrumb\",\"itemListElement\":[{\"@type\":\"ListItem\",\"position\":1,\"name\":\"Portada\",\"item\":\"https:\/\/iplangestion.com\/ca\/\"},{\"@type\":\"ListItem\",\"position\":2,\"name\":\"Inici\"}]},{\"@type\":\"WebSite\",\"@id\":\"https:\/\/iplangestion.com\/#website\",\"url\":\"https:\/\/iplangestion.com\/\",\"name\":\"iPlan Gesti\u00f3n Integral S.L.\",\"description\":\"Gesti\u00f3n integral de proyectos\",\"potentialAction\":[{\"@type\":\"SearchAction\",\"target\":{\"@type\":\"EntryPoint\",\"urlTemplate\":\"https:\/\/iplangestion.com\/?s={search_term_string}\"},\"query-input\":{\"@type\":\"PropertyValueSpecification\",\"valueRequired\":true,\"valueName\":\"search_term_string\"}}],\"inLanguage\":\"ca\"}]}<\/script>\n<!-- \/ Yoast SEO plugin. -->","yoast_head_json":{"title":"Inici - iPlan Gesti\u00f3n Integral S.L.","robots":{"index":"index","follow":"follow","max-snippet":"max-snippet:-1","max-image-preview":"max-image-preview:large","max-video-preview":"max-video-preview:-1"},"canonical":"https:\/\/iplangestion.com\/ca\/","og_locale":"ca_ES","og_type":"article","og_title":"Inici - iPlan Gesti\u00f3n Integral S.L.","og_description":"[vc_row fullwidth=&rdquo;true&rdquo; fullwidth_content=&rdquo;false&rdquo; equal_columns=&rdquo;true&rdquo; column_padding=&rdquo;3&Prime; css=&rdquo;.vc_custom_1596122371328{padding-top: 50px !important;padding-bottom: 50px !important;background-color: #f0f0f0 !important;}&rdquo;][vc_column css=&rdquo;.vc_custom_1589811493131{background-color: #f0f0f0 !important;}&rdquo;][mk_fancy_title size=&rdquo;20&Prime; force_font_size=&rdquo;true&rdquo; size_smallscreen=&rdquo;20&Prime; size_phone=&rdquo;20&Prime; line_height=&rdquo;70&Prime; font_weight=&rdquo;400&Prime; font_style=&rdquo;normal&rdquo; txt_transform=&rdquo;uppercase&rdquo; margin_top=&rdquo;&rdquo; font_family=&rdquo;none&rdquo; align=&rdquo;center&rdquo;]A IPLAN ENS APASSIONA L&rsquo;ENGINYERIA[\/mk_fancy_title][vc_column_text align=&rdquo;center&rdquo; css=&rdquo;.vc_custom_1697015838971{margin-bottom: 0px !important;padding-right: 40px !important;padding-left: 40px !important;}&rdquo;]Oferim serveis d&rsquo;Enginyeria de projectes desenvolupats en el sector energ&egrave;tic i d&rsquo;obra civil, principalment, a m&eacute;s de tenir [&hellip;]","og_url":"https:\/\/iplangestion.com\/ca\/","og_site_name":"iPlan Gesti\u00f3n Integral S.L.","article_modified_time":"2024-09-16T10:42:08+00:00","twitter_card":"summary_large_image","twitter_misc":{"Est. reading time":"2 minutes"},"schema":{"@context":"https:\/\/schema.org","@graph":[{"@type":"WebPage","@id":"https:\/\/iplangestion.com\/ca\/","url":"https:\/\/iplangestion.com\/ca\/","name":"Inici - iPlan Gesti\u00f3n Integral S.L.","isPartOf":{"@id":"https:\/\/iplangestion.com\/#website"},"datePublished":"2015-09-18T17:18:25+00:00","dateModified":"2024-09-16T10:42:08+00:00","breadcrumb":{"@id":"https:\/\/iplangestion.com\/ca\/#breadcrumb"},"inLanguage":"ca","potentialAction":[{"@type":"ReadAction","target":["https:\/\/iplangestion.com\/ca\/"]}]},{"@type":"BreadcrumbList","@id":"https:\/\/iplangestion.com\/ca\/#breadcrumb","itemListElement":[{"@type":"ListItem","position":1,"name":"Portada","item":"https:\/\/iplangestion.com\/ca\/"},{"@type":"ListItem","position":2,"name":"Inici"}]},{"@type":"WebSite","@id":"https:\/\/iplangestion.com\/#website","url":"https:\/\/iplangestion.com\/","name":"iPlan Gesti\u00f3n Integral S.L.","description":"Gesti\u00f3n integral de proyectos","potentialAction":[{"@type":"SearchAction","target":{"@type":"EntryPoint","urlTemplate":"https:\/\/iplangestion.com\/?s={search_term_string}"},"query-input":{"@type":"PropertyValueSpecification","valueRequired":true,"valueName":"search_term_string"}}],"inLanguage":"ca"}]}},"_links":{"self":[{"href":"https:\/\/iplangestion.com\/ca\/wp-json\/wp\/v2\/pages\/6371","targetHints":{"allow":["GET"]}}],"collection":[{"href":"https:\/\/iplangestion.com\/ca\/wp-json\/wp\/v2\/pages"}],"about":[{"href":"https:\/\/iplangestion.com\/ca\/wp-json\/wp\/v2\/types\/page"}],"author":[{"embeddable":true,"href":"https:\/\/iplangestion.com\/ca\/wp-json\/wp\/v2\/users\/1"}],"replies":[{"embeddable":true,"href":"https:\/\/iplangestion.com\/ca\/wp-json\/wp\/v2\/comments?post=6371"}],"version-history":[{"count":0,"href":"https:\/\/iplangestion.com\/ca\/wp-json\/wp\/v2\/pages\/6371\/revisions"}],"wp:attachment":[{"href":"https:\/\/iplangestion.com\/ca\/wp-json\/wp\/v2\/media?parent=6371"}],"curies":[{"name":"wp","href":"https:\/\/api.w.org\/{rel}","templated":true}]}}