{"id":18042,"date":"2013-06-05T16:02:06","date_gmt":"2013-06-05T16:02:06","guid":{"rendered":"https:\/\/www.iplangestion.com\/experiencia\/"},"modified":"2024-10-10T13:21:06","modified_gmt":"2024-10-10T11:21:06","slug":"certificacions","status":"publish","type":"page","link":"https:\/\/iplangestion.com\/ca\/certificacions\/","title":{"rendered":"Certificacions, Homologacions i Associacions"},"content":{"rendered":"<div class=\"wpb-content-wrapper\">[vc_row fullwidth=&#8221;true&#8221; fullwidth_content=&#8221;false&#8221; css=&#8221;.vc_custom_1591800152552{background-color: #f0f0f0 !important;}&#8221;][vc_column][mk_fancy_title size=&#8221;20&#8243; font_weight=&#8221;400&#8243; font_style=&#8221;normal&#8221; txt_transform=&#8221;uppercase&#8221; margin_top=&#8221;45&#8243; margin_bottom=&#8221;35&#8243; font_family=&#8221;none&#8221; align=&#8221;center&#8221;]Certificacions[\/mk_fancy_title][vc_column_text css=&#8221;.vc_custom_1611083919190{margin-bottom: 0px !important;}&#8221;]\n<p style=\"text-align: center;\"><strong>IPLAN GESTION INTEGRAL S.L.<\/strong>\u00a0, assumeix el comprom\u00eds davant els seus clients i treballadors, de ser l\u00edder en la qualitat dels serveis que subministra.<\/p>\n<p style=\"text-align: center;\">La implantaci\u00f3 d\u2019aquestes normes de car\u00e0cter internacional permet una gesti\u00f3 de serveis amb els mateixos criteris d\u2019efic\u00e0cia que utilitzen les organitzacions empresarials capdavanteres i d\u00f3na garanties de qualitat en els processos de treball que s\u2019utilitzen, dedicant els esfor\u00e7os a millorar cont\u00ednuament la qualitat de tot el que es realitza.<\/p>\n[\/vc_column_text][mk_button dimension=&#8221;flat&#8221; size=&#8221;medium&#8221; url=&#8221;https:\/\/iplangestion.com\/wp-content\/uploads\/POLITICA-SISTEMA-INTEGRADO-DE-GESTION-V.6.pdf&#8221; target=&#8221;_blank&#8221; align=&#8221;center&#8221; margin_bottom=&#8221;35&#8243; bg_color=&#8221;#92bf33&#8243; btn_hover_bg=&#8221;#659b23&#8243; btn_hover_txt_color=&#8221;#ffffff&#8221;]Pol\u00edtica SIG[\/mk_button][mk_button dimension=&#8221;flat&#8221; size=&#8221;medium&#8221; url=&#8221;https:\/\/www.iplangestion.com\/wp-content\/uploads\/proceso-de-evaluacion-de-proveedores-de-iplan-gestion-integral_v1.pdf&#8221; align=&#8221;center&#8221; margin_bottom=&#8221;35&#8243; bg_color=&#8221;#92bf33&#8243; btn_hover_bg=&#8221;#659b23&#8243; btn_hover_txt_color=&#8221;#ffffff&#8221;]Proc\u00e9s d&#8217;Avaluaci\u00f3 de Prove\u00efdors de Iplan[\/mk_button][mk_custom_box padding_vertical=&#8221;20&#8243; min_height=&#8221;0&#8243; bg_color=&#8221;#4e4e4e&#8221; background_hov_color_style=&#8221;image&#8221; bg_hov_color=&#8221;#92be32&#8243; bg_stretch=&#8221;true&#8221;][vc_row_inner][vc_column_inner width=&#8221;1\/3&#8243;][mk_padding_divider size=&#8221;48&#8243;][vc_single_image image=&#8221;22749&#8243; img_size=&#8221;120&#215;120&#8243; alignment=&#8221;center&#8221;][\/vc_column_inner][vc_column_inner width=&#8221;2\/3&#8243;][mk_padding_divider size=&#8221;48&#8243;][vc_column_text css=&#8221;.vc_custom_1688403928299{margin-bottom: 0px !important;padding-right: 40px !important;}&#8221;]\n<h3 style=\"color: #92be32;\"><strong>ISO 9001<\/strong><\/h3>\n<p style=\"color: white;\">El sistema de gesti\u00f3 de qualitat d\u2019IPLAN GESTION INTEGRAL S.L est\u00e0 certificat des del 21 de juliol de 2009. Actualment compta amb el Certificat d&#8217;acord amb la norma ISO 9001: 2015 em\u00e8s per EQA.<\/p>\n<p style=\"color: white;\"><em>C\/ Almog\u00e0vers 119-123, Planta 1 &#8211; 08018 Barcelona<\/em><\/p>\n[\/vc_column_text][\/vc_column_inner][\/vc_row_inner][\/mk_custom_box][mk_padding_divider][mk_custom_box padding_vertical=&#8221;20&#8243; min_height=&#8221;0&#8243; bg_color=&#8221;#4e4e4e&#8221; background_hov_color_style=&#8221;image&#8221; bg_hov_color=&#8221;#92be32&#8243; bg_stretch=&#8221;true&#8221;][vc_row_inner][vc_column_inner width=&#8221;1\/3&#8243;][mk_padding_divider size=&#8221;30&#8243;][vc_single_image image=&#8221;22753&#8243; img_size=&#8221;120&#215;120&#8243; alignment=&#8221;center&#8221; css=&#8221;.vc_custom_1629450767826{padding-right: 40px !important;}&#8221;][\/vc_column_inner][vc_column_inner width=&#8221;2\/3&#8243;][mk_padding_divider size=&#8221;30&#8243;][vc_column_text css=&#8221;.vc_custom_1688403942215{margin-bottom: 0px !important;padding-right: 40px !important;}&#8221;]\n<h3 style=\"color: #92be32;\"><strong>ISO 14001<\/strong><\/h3>\n<p style=\"color: white;\">El sistema de gesti\u00f3 ambiental d&#8217;IPLAN GESTION INTEGRAL S.L. est\u00e0 certificat des del 21 de juliol de 2009. Actualment compta amb el Certificat d&#8217;acord amb la norma ISO 14001: 2015 em\u00e8s per EQA.<\/p>\n<p style=\"color: white;\"><em>C\/ Almog\u00e0vers 119-123, Planta 1 &#8211; 08018 Barcelona<\/em><\/p>\n[\/vc_column_text][\/vc_column_inner][\/vc_row_inner][\/mk_custom_box][mk_padding_divider][mk_custom_box padding_vertical=&#8221;20&#8243; min_height=&#8221;0&#8243; bg_color=&#8221;#4e4e4e&#8221; background_hov_color_style=&#8221;image&#8221; bg_hov_color=&#8221;#92be32&#8243; bg_stretch=&#8221;true&#8221;][vc_row_inner][vc_column_inner width=&#8221;1\/3&#8243;][mk_padding_divider size=&#8221;30&#8243;][vc_single_image image=&#8221;22756&#8243; img_size=&#8221;120&#215;120&#8243; alignment=&#8221;center&#8221;][\/vc_column_inner][vc_column_inner width=&#8221;2\/3&#8243;][mk_padding_divider size=&#8221;30&#8243;][vc_column_text css=&#8221;.vc_custom_1716977416110{margin-bottom: 0px !important;padding-right: 40px !important;}&#8221;]\n<h3 style=\"color: #92be32;\"><strong>ISO 45001<\/strong><\/h3>\n<p style=\"color: white;\">El sistema de gesti\u00f3 de Seguretat i Salut en el Treball de IPLAN GESTION INTEGRAL S.L. est\u00e0 certificat des del 13 de juliol de 2012. Actualment compta amb el Certificat d&#8217;acord amb la norma ISO 45001: 2018 em\u00e8s per EQA.<\/p>\n<p style=\"color: white;\"><em>C\/ Almog\u00e0vers 119-123, Planta 1 &#8211; 08018 Barcelona<\/em><\/p>\n[\/vc_column_text][\/vc_column_inner][\/vc_row_inner][\/mk_custom_box][mk_padding_divider][mk_custom_box padding_vertical=&#8221;20&#8243; min_height=&#8221;0&#8243; bg_color=&#8221;#4e4e4e&#8221; background_hov_color_style=&#8221;image&#8221; bg_hov_color=&#8221;#92be32&#8243; bg_stretch=&#8221;true&#8221;][vc_row_inner][vc_column_inner width=&#8221;1\/3&#8243;][mk_padding_divider size=&#8221;10&#8243;][vc_single_image image=&#8221;17622&#8243; img_size=&#8221;200&#215;128&#8243; alignment=&#8221;center&#8221;][\/vc_column_inner][vc_column_inner width=&#8221;2\/3&#8243;][mk_padding_divider][vc_column_text css=&#8221;.vc_custom_1629451085599{margin-bottom: 0px !important;padding-right: 40px !important;}&#8221;]\n<h3 style=\"color: #92be32;\"><strong>Achilles<\/strong><\/h3>\n<p style=\"color: white;\">IPLAN GESTION INTEGRAL S.L., forma part del registre Achilles, prove\u00efdor global de serveis integrats per a la gesti\u00f3 de prove\u00efdors i la cadena de compres en les families Repro y Protrans.<\/p>\n[\/vc_column_text][\/vc_column_inner][\/vc_row_inner][\/mk_custom_box][mk_padding_divider][mk_custom_box padding_vertical=&#8221;20&#8243; padding_horizental=&#8221;40&#8243; min_height=&#8221;0&#8243; bg_color=&#8221;#4e4e4e&#8221; background_hov_color_style=&#8221;image&#8221; bg_hov_color=&#8221;#92be32&#8243; bg_stretch=&#8221;true&#8221;][vc_row_inner][vc_column_inner css=&#8221;.vc_custom_1611083860728{padding-top: 20px !important;padding-right: 20px !important;padding-bottom: 20px !important;padding-left: 30px !important;}&#8221;][vc_column_text css=&#8221;.vc_custom_1611083672276{margin-bottom: 0px !important;}&#8221;]\n<h3 style=\"color: #92be32;\"><strong>Red Pacto Mundial Espa\u00f1a<\/strong><\/h3>\n<p style=\"color: white;\">IPLAN GESTION INTEGRAL S.L.,s\u2019ha adherit el Pacte Mundial, una iniciativa internacional proposada per les Nacions Unides, que t\u00e9 com a objectiu aconseguir un comprom\u00eds voluntari de les entitats en refer\u00e8ncia a la responsabilitat social, per mitj\u00e0 de la implantaci\u00f3 de Deu Principis basats en drets humans, laborals, mediambientals i de lluita contra la corrupci\u00f3.<\/p>\n[\/vc_column_text][\/vc_column_inner][\/vc_row_inner][\/mk_custom_box][mk_padding_divider][mk_custom_box padding_vertical=&#8221;20&#8243; min_height=&#8221;0&#8243; bg_color=&#8221;#4e4e4e&#8221; background_hov_color_style=&#8221;image&#8221; bg_hov_color=&#8221;#92be32&#8243; bg_stretch=&#8221;true&#8221;][vc_row_inner][vc_column_inner width=&#8221;1\/3&#8243;][mk_padding_divider size=&#8221;10&#8243;][vc_single_image image=&#8221;17625&#8243; img_size=&#8221;200&#215;128&#8243; alignment=&#8221;center&#8221;][\/vc_column_inner][vc_column_inner width=&#8221;2\/3&#8243;][mk_padding_divider size=&#8221;30&#8243;][vc_column_text css=&#8221;.vc_custom_1643125031994{margin-bottom: 0px !important;padding-right: 40px !important;}&#8221;]\n<p style=\"color: white;\">IPLAN GESTI\u00d3N INTEGRAL SL forma part d\u2019Eoliccat des de l\u20191 de Gener del 2021. L\u2019Asociaci\u00f3 E\u00f2lica de Catalunya (Eoliccat) es una iniciativa formada per un grup d\u2019empreses privades que volen impulsar l\u2019energ\u00eda e\u00f2lica a Catalunya i aconseguir una <strong style=\"color: white;\">implantaci\u00f3 racional<\/strong> d\u2019aquesta.<\/p>\n[\/vc_column_text][\/vc_column_inner][\/vc_row_inner][\/mk_custom_box][\/vc_column][\/vc_row][vc_row][vc_column][mk_padding_divider][\/vc_column][\/vc_row]\n<\/div>","protected":false},"excerpt":{"rendered":"<p>[vc_row fullwidth=&rdquo;true&rdquo; fullwidth_content=&rdquo;false&rdquo; css=&rdquo;.vc_custom_1591800152552{background-color: #f0f0f0 !important;}&rdquo;][vc_column][mk_fancy_title size=&rdquo;20&Prime; font_weight=&rdquo;400&Prime; font_style=&rdquo;normal&rdquo; txt_transform=&rdquo;uppercase&rdquo; margin_top=&rdquo;45&Prime; margin_bottom=&rdquo;35&Prime; font_family=&rdquo;none&rdquo; align=&rdquo;center&rdquo;]Certificacions[\/mk_fancy_title][vc_column_text css=&rdquo;.vc_custom_1611083919190{margin-bottom: 0px !important;}&rdquo;] IPLAN GESTION INTEGRAL S.L.&nbsp;, assumeix el comprom&iacute;s davant els seus clients i treballadors, de ser l&iacute;der en la qualitat dels serveis que subministra. La implantaci&oacute; d&rsquo;aquestes normes de car&agrave;cter internacional permet una gesti&oacute; de serveis amb els mateixos [&hellip;]<\/p>\n","protected":false},"author":1,"featured_media":0,"parent":0,"menu_order":53,"comment_status":"closed","ping_status":"closed","template":"","meta":{"footnotes":""},"class_list":["post-18042","page","type-page","status-publish","hentry"],"yoast_head":"<!-- This site is optimized with the Yoast SEO plugin v26.8 - https:\/\/yoast.com\/product\/yoast-seo-wordpress\/ -->\n<title>Certificacions, Homologacions i Associacions - iPlan Gesti\u00f3n Integral S.L.<\/title>\n<meta name=\"robots\" content=\"index, follow, max-snippet:-1, max-image-preview:large, max-video-preview:-1\" \/>\n<link rel=\"canonical\" href=\"https:\/\/iplangestion.com\/ca\/certificacions\/\" \/>\n<meta property=\"og:locale\" content=\"ca_ES\" \/>\n<meta property=\"og:type\" content=\"article\" \/>\n<meta property=\"og:title\" content=\"Certificacions, Homologacions i Associacions - iPlan Gesti\u00f3n Integral S.L.\" \/>\n<meta property=\"og:description\" content=\"[vc_row fullwidth=&rdquo;true&rdquo; fullwidth_content=&rdquo;false&rdquo; css=&rdquo;.vc_custom_1591800152552{background-color: #f0f0f0 !important;}&rdquo;][vc_column][mk_fancy_title size=&rdquo;20&Prime; font_weight=&rdquo;400&Prime; font_style=&rdquo;normal&rdquo; txt_transform=&rdquo;uppercase&rdquo; margin_top=&rdquo;45&Prime; margin_bottom=&rdquo;35&Prime; font_family=&rdquo;none&rdquo; align=&rdquo;center&rdquo;]Certificacions[\/mk_fancy_title][vc_column_text css=&rdquo;.vc_custom_1611083919190{margin-bottom: 0px !important;}&rdquo;] IPLAN GESTION INTEGRAL S.L.&nbsp;, assumeix el comprom&iacute;s davant els seus clients i treballadors, de ser l&iacute;der en la qualitat dels serveis que subministra. La implantaci&oacute; d&rsquo;aquestes normes de car&agrave;cter internacional permet una gesti&oacute; de serveis amb els mateixos [&hellip;]\" \/>\n<meta property=\"og:url\" content=\"https:\/\/iplangestion.com\/ca\/certificacions\/\" \/>\n<meta property=\"og:site_name\" content=\"iPlan Gesti\u00f3n Integral S.L.\" \/>\n<meta property=\"article:modified_time\" content=\"2024-10-10T11:21:06+00:00\" \/>\n<meta name=\"twitter:card\" content=\"summary_large_image\" \/>\n<meta name=\"twitter:label1\" content=\"Est. reading time\" \/>\n\t<meta name=\"twitter:data1\" content=\"4 minutes\" \/>\n<script type=\"application\/ld+json\" class=\"yoast-schema-graph\">{\"@context\":\"https:\/\/schema.org\",\"@graph\":[{\"@type\":\"WebPage\",\"@id\":\"https:\/\/iplangestion.com\/ca\/certificacions\/\",\"url\":\"https:\/\/iplangestion.com\/ca\/certificacions\/\",\"name\":\"Certificacions, Homologacions i Associacions - iPlan Gesti\u00f3n Integral S.L.\",\"isPartOf\":{\"@id\":\"https:\/\/iplangestion.com\/#website\"},\"datePublished\":\"2013-06-05T16:02:06+00:00\",\"dateModified\":\"2024-10-10T11:21:06+00:00\",\"breadcrumb\":{\"@id\":\"https:\/\/iplangestion.com\/ca\/certificacions\/#breadcrumb\"},\"inLanguage\":\"ca\",\"potentialAction\":[{\"@type\":\"ReadAction\",\"target\":[\"https:\/\/iplangestion.com\/ca\/certificacions\/\"]}]},{\"@type\":\"BreadcrumbList\",\"@id\":\"https:\/\/iplangestion.com\/ca\/certificacions\/#breadcrumb\",\"itemListElement\":[{\"@type\":\"ListItem\",\"position\":1,\"name\":\"Portada\",\"item\":\"https:\/\/iplangestion.com\/ca\/\"},{\"@type\":\"ListItem\",\"position\":2,\"name\":\"Certificacions, Homologacions i Associacions\"}]},{\"@type\":\"WebSite\",\"@id\":\"https:\/\/iplangestion.com\/#website\",\"url\":\"https:\/\/iplangestion.com\/\",\"name\":\"iPlan Gesti\u00f3n Integral S.L.\",\"description\":\"Gesti\u00f3n integral de proyectos\",\"potentialAction\":[{\"@type\":\"SearchAction\",\"target\":{\"@type\":\"EntryPoint\",\"urlTemplate\":\"https:\/\/iplangestion.com\/?s={search_term_string}\"},\"query-input\":{\"@type\":\"PropertyValueSpecification\",\"valueRequired\":true,\"valueName\":\"search_term_string\"}}],\"inLanguage\":\"ca\"}]}<\/script>\n<!-- \/ Yoast SEO plugin. -->","yoast_head_json":{"title":"Certificacions, Homologacions i Associacions - iPlan Gesti\u00f3n Integral S.L.","robots":{"index":"index","follow":"follow","max-snippet":"max-snippet:-1","max-image-preview":"max-image-preview:large","max-video-preview":"max-video-preview:-1"},"canonical":"https:\/\/iplangestion.com\/ca\/certificacions\/","og_locale":"ca_ES","og_type":"article","og_title":"Certificacions, Homologacions i Associacions - iPlan Gesti\u00f3n Integral S.L.","og_description":"[vc_row fullwidth=&rdquo;true&rdquo; fullwidth_content=&rdquo;false&rdquo; css=&rdquo;.vc_custom_1591800152552{background-color: #f0f0f0 !important;}&rdquo;][vc_column][mk_fancy_title size=&rdquo;20&Prime; font_weight=&rdquo;400&Prime; font_style=&rdquo;normal&rdquo; txt_transform=&rdquo;uppercase&rdquo; margin_top=&rdquo;45&Prime; margin_bottom=&rdquo;35&Prime; font_family=&rdquo;none&rdquo; align=&rdquo;center&rdquo;]Certificacions[\/mk_fancy_title][vc_column_text css=&rdquo;.vc_custom_1611083919190{margin-bottom: 0px !important;}&rdquo;] IPLAN GESTION INTEGRAL S.L.&nbsp;, assumeix el comprom&iacute;s davant els seus clients i treballadors, de ser l&iacute;der en la qualitat dels serveis que subministra. La implantaci&oacute; d&rsquo;aquestes normes de car&agrave;cter internacional permet una gesti&oacute; de serveis amb els mateixos [&hellip;]","og_url":"https:\/\/iplangestion.com\/ca\/certificacions\/","og_site_name":"iPlan Gesti\u00f3n Integral S.L.","article_modified_time":"2024-10-10T11:21:06+00:00","twitter_card":"summary_large_image","twitter_misc":{"Est. reading time":"4 minutes"},"schema":{"@context":"https:\/\/schema.org","@graph":[{"@type":"WebPage","@id":"https:\/\/iplangestion.com\/ca\/certificacions\/","url":"https:\/\/iplangestion.com\/ca\/certificacions\/","name":"Certificacions, Homologacions i Associacions - iPlan Gesti\u00f3n Integral S.L.","isPartOf":{"@id":"https:\/\/iplangestion.com\/#website"},"datePublished":"2013-06-05T16:02:06+00:00","dateModified":"2024-10-10T11:21:06+00:00","breadcrumb":{"@id":"https:\/\/iplangestion.com\/ca\/certificacions\/#breadcrumb"},"inLanguage":"ca","potentialAction":[{"@type":"ReadAction","target":["https:\/\/iplangestion.com\/ca\/certificacions\/"]}]},{"@type":"BreadcrumbList","@id":"https:\/\/iplangestion.com\/ca\/certificacions\/#breadcrumb","itemListElement":[{"@type":"ListItem","position":1,"name":"Portada","item":"https:\/\/iplangestion.com\/ca\/"},{"@type":"ListItem","position":2,"name":"Certificacions, Homologacions i Associacions"}]},{"@type":"WebSite","@id":"https:\/\/iplangestion.com\/#website","url":"https:\/\/iplangestion.com\/","name":"iPlan Gesti\u00f3n Integral S.L.","description":"Gesti\u00f3n integral de proyectos","potentialAction":[{"@type":"SearchAction","target":{"@type":"EntryPoint","urlTemplate":"https:\/\/iplangestion.com\/?s={search_term_string}"},"query-input":{"@type":"PropertyValueSpecification","valueRequired":true,"valueName":"search_term_string"}}],"inLanguage":"ca"}]}},"_links":{"self":[{"href":"https:\/\/iplangestion.com\/ca\/wp-json\/wp\/v2\/pages\/18042","targetHints":{"allow":["GET"]}}],"collection":[{"href":"https:\/\/iplangestion.com\/ca\/wp-json\/wp\/v2\/pages"}],"about":[{"href":"https:\/\/iplangestion.com\/ca\/wp-json\/wp\/v2\/types\/page"}],"author":[{"embeddable":true,"href":"https:\/\/iplangestion.com\/ca\/wp-json\/wp\/v2\/users\/1"}],"replies":[{"embeddable":true,"href":"https:\/\/iplangestion.com\/ca\/wp-json\/wp\/v2\/comments?post=18042"}],"version-history":[{"count":0,"href":"https:\/\/iplangestion.com\/ca\/wp-json\/wp\/v2\/pages\/18042\/revisions"}],"wp:attachment":[{"href":"https:\/\/iplangestion.com\/ca\/wp-json\/wp\/v2\/media?parent=18042"}],"curies":[{"name":"wp","href":"https:\/\/api.w.org\/{rel}","templated":true}]}}