{"id":16436,"date":"2021-01-24T18:09:14","date_gmt":"2021-01-24T18:09:14","guid":{"rendered":"https:\/\/www.iplangestion.com\/enginyeria-electrica-i-consultoria\/"},"modified":"2021-10-04T12:26:05","modified_gmt":"2021-10-04T12:26:05","slug":"enginyeria-electrica-i-consultoria","status":"publish","type":"page","link":"https:\/\/iplangestion.com\/ca\/enginyeria-electrica-i-consultoria\/","title":{"rendered":"Enginyeria el\u00e8ctrica i consultoria"},"content":{"rendered":"<div class=\"wpb-content-wrapper\">[vc_row fullwidth=&#8221;true&#8221;][vc_column][mk_edge_slider first_el=&#8221;true&#8221; swiper_bg=&#8221;#000000&#8243; order=&#8221;ASC&#8221; full_height=&#8221;false&#8221; height=&#8221;550&#8243; animation_effect=&#8221;fade&#8221; animation_speed=&#8221;982&#8243; direction_nav=&#8221;slit&#8221; pagination=&#8221;small_dot_stroke&#8221; skip_arrow=&#8221;false&#8221; visibility=&#8221;hidden-sm&#8221; slides=&#8221;16490, 16496, 16520&#8243;][mk_edge_slider first_el=&#8221;true&#8221; swiper_bg=&#8221;#000000&#8243; order=&#8221;ASC&#8221; full_height=&#8221;false&#8221; height=&#8221;250&#8243; animation_effect=&#8221;fade&#8221; animation_speed=&#8221;982&#8243; direction_nav=&#8221;slit&#8221; pagination=&#8221;small_dot_stroke&#8221; skip_arrow=&#8221;false&#8221; visibility=&#8221;visible-sm&#8221; slides=&#8221;16490, 16496, 16520&#8243;][\/vc_column][\/vc_row][vc_row fullwidth=&#8221;true&#8221; fullwidth_content=&#8221;false&#8221; equal_columns=&#8221;true&#8221; column_padding=&#8221;3&#8243; animation=&#8221;fade-in&#8221; css=&#8221;.vc_custom_1589817191626{padding-top: 50px !important;padding-bottom: 50px !important;background-color: #f0f0f0 !important;}&#8221;][vc_column css=&#8221;.vc_custom_1589811493131{background-color: #f0f0f0 !important;}&#8221;][mk_fancy_title size=&#8221;20&#8243; force_font_size=&#8221;true&#8221; size_phone=&#8221;18&#8243; font_weight=&#8221;400&#8243; font_style=&#8221;normal&#8221; txt_transform=&#8221;uppercase&#8221; margin_top=&#8221;&#8221; font_family=&#8221;none&#8221; align=&#8221;center&#8221;]\n<p style=\"text-align: center;\">ENGINYERIA EL\u00c8CTRICA I CONSULTORIA<\/p>\n[\/mk_fancy_title][vc_column_text align=&#8221;center&#8221; css=&#8221;.vc_custom_1630400335044{margin-bottom: 0px !important;padding-right: 40px !important;padding-left: 40px !important;}&#8221;]Iplan Gesti\u00f3n Integral S.L. ofereix\u00a0als seus clients, un servei \u00e0gil, din\u00e0mic i de m\u00e0xima qualitat, compta amb els mitjans humans, t\u00e8cnics i l&#8217;experi\u00e8ncia necess\u00e0ria per al desenvolupament de treballs d&#8217;Enginyeria, Direcci\u00f3 d&#8217;Obra i Consultoria per a qualsevol infraestructura de transport i distribuci\u00f3 d&#8217;energia el\u00e8ctrica\u00a0(alta \/ Mitja \/ Baixa tensi\u00f3) i Generaci\u00f3, aix\u00ed com per a instal\u00b7lacions\u00a0del\u00a0sector industrial i terciari, instal\u00b7lacions per a edificis, efici\u00e8ncia energ\u00e8tica i mobilitat el\u00e8ctrica.<\/p>\n<p>L&#8217;experi\u00e8ncia desenvolupada per el nostre personal fa possible l&#8217;optimitzaci\u00f3 dels Projectes tenint en compte les necessitats dels nostres clients. Aprofitem les sinergies amb la resta dels departaments i personal de Iplan, per poder oferir productes integrals a mida.[\/vc_column_text][\/vc_column][\/vc_row][vc_row attached=&#8221;true&#8221;][vc_column width=&#8221;1\/3&#8243;][vc_raw_html]JTNDYSUyMGhyZWYlM0QlMjIlMjNhbHRhJTIyJTNFJTBB[\/vc_raw_html][mk_image_switch src_first=&#8221;https:\/\/www.iplangestion.com\/wp-content\/uploads\/alta-mitja-baixa-tensio.png&#8221; src_second=&#8221;https:\/\/www.iplangestion.com\/wp-content\/uploads\/alta-mitja-baixa-tensio-hover.png&#8221; image_width=&#8221;300&#8243; image_height=&#8221;&#8221; align=&#8221;right&#8221; visibility=&#8221;hidden-sm&#8221;][mk_image_switch src_first=&#8221;https:\/\/www.iplangestion.com\/wp-content\/uploads\/alta-mitja-baixa-tensio.png&#8221; src_second=&#8221;https:\/\/www.iplangestion.com\/wp-content\/uploads\/alta-mitja-baixa-tensio-hover.png&#8221; image_width=&#8221;300&#8243; image_height=&#8221;&#8221; align=&#8221;center&#8221; visibility=&#8221;visible-sm&#8221;][vc_raw_html]JTNDJTJGYSUzRSUwQQ==[\/vc_raw_html][\/vc_column][vc_column width=&#8221;1\/3&#8243; css=&#8221;.vc_custom_1606479956653{margin-right: 0px !important;margin-left: 0px !important;padding-right: 0px !important;padding-left: 0px !important;}&#8221;][vc_raw_html]JTNDYSUyMGhyZWYlM0QlMjIlMjNpbnN0YWxhY2lvbmVzJTIyJTNFJTBB[\/vc_raw_html][mk_image_switch src_first=&#8221;https:\/\/www.iplangestion.com\/wp-content\/uploads\/installacions-1.png&#8221; src_second=&#8221;https:\/\/www.iplangestion.com\/wp-content\/uploads\/installacions-hover.png&#8221; image_width=&#8221;300&#8243; image_height=&#8221;&#8221; align=&#8221;center&#8221;][vc_raw_html]JTNDJTJGYSUzRSUwQQ==[\/vc_raw_html][\/vc_column][vc_column width=&#8221;1\/3&#8243;][vc_raw_html]JTNDYSUyMGhyZWYlM0QlMjIlMjNjb25zdWx0b3JpYSUyMiUzRSUwQQ==[\/vc_raw_html][mk_image_switch src_first=&#8221;https:\/\/www.iplangestion.com\/wp-content\/uploads\/consultoria-4.png&#8221; src_second=&#8221;https:\/\/www.iplangestion.com\/wp-content\/uploads\/consultoria-hover-3.png&#8221; image_width=&#8221;300&#8243; image_height=&#8221;&#8221; visibility=&#8221;hidden-sm&#8221;][mk_image_switch src_first=&#8221;https:\/\/www.iplangestion.com\/wp-content\/uploads\/consultoria-4.png&#8221; src_second=&#8221;https:\/\/www.iplangestion.com\/wp-content\/uploads\/consultoria-hover-3.png&#8221; image_width=&#8221;300&#8243; image_height=&#8221;&#8221; align=&#8221;center&#8221; visibility=&#8221;visible-sm&#8221;][vc_raw_html]JTNDJTJGYSUzRSUwQQ==[\/vc_raw_html][\/vc_column][\/vc_row][vc_row][vc_column][mk_fancy_title size=&#8221;20&#8243; font_weight=&#8221;400&#8243; font_style=&#8221;normal&#8221; txt_transform=&#8221;uppercase&#8221; margin_top=&#8221;40&#8243; font_family=&#8221;none&#8221; align=&#8221;center&#8221;]\n<p style=\"text-align: center;\">clients que confien en nosaltres<\/p>\n[\/mk_fancy_title][mk_clients count=&#8221;27&#8243; height=&#8221;155&#8243; clients=&#8221;24188, 24184, 24180, 24176, 24154, 24150, 24146, 24142, 24138, 24106, 24102, 24098, 24231, 24074, 24070, 24066, 24062, 24058, 24054, 24050, 24046&#8243;][\/vc_column][\/vc_row][vc_row fullwidth=&#8221;true&#8221;][vc_column][mk_fancy_title color=&#8221;#ffffff&#8221; size=&#8221;22&#8243; margin_bottom=&#8221;0&#8243; font_family=&#8221;none&#8221;]\n<p id=\"alta\" style=\"text-align: center;\">.<\/p>\n[\/mk_fancy_title][mk_padding_divider][\/vc_column][\/vc_row][vc_row fullwidth=&#8221;true&#8221; css=&#8221;.vc_custom_1603725307746{background-color: #4e4e4e !important;}&#8221;][vc_column][mk_fancy_title color=&#8221;#ffffff&#8221; size=&#8221;22&#8243; margin_top=&#8221;15&#8243; margin_bottom=&#8221;0&#8243; font_family=&#8221;none&#8221;]\n<p style=\"text-align: center;\">ALTA \/ MITJA \/ BAIXA TENSI\u00d3<\/p>\n[\/mk_fancy_title][\/vc_column][\/vc_row][vc_row][vc_column][mk_padding_divider][vc_column_text css=&#8221;.vc_custom_1630400359664{margin-bottom: 0px !important;}&#8221;]Iplan Gesti\u00f3n Integral S.L. disposa d&#8217;un equip multidisciplinari propi de t\u00e8cnics\/t\u00e8cniques qualificats\/qualificades, amb experi\u00e8ncia i les millors tecnologies disponibles per dur a terme les seg\u00fcents actuacions:<\/p>\n<p>&#8211; Projectes b\u00e0sics, executius i constructius complets de subestacions El\u00e8ctriques de totes les tecnologies, tipologies i configuracions:<\/p>\n<p style=\"padding-left: 40px;\">&#8211; Centrals de generaci\u00f3 hidroel\u00e8ctrica, e\u00f2lica i fotovoltaica.<br \/>\n&#8211; Parcs e\u00f2lics \/ fotovoltaica<br \/>\n&#8211; L\u00ednies el\u00e8ctriques a\u00e8ries i subterr\u00e0nies d\u2019ALTA, MITJA I BAIXA TENSI\u00d3.<br \/>\n&#8211; Centres de Distribuci\u00f3 i Transformaci\u00f3<\/p>\n<p>&#8211; Telecontrol\/Comunicaciones<br \/>\n&#8211; Direcci\u00f3 d&#8217;obra i el Project Management de tota aquesta tipologia d&#8217;instal\u00b7lacions<br \/>\n&#8211; Topografia<br \/>\n&#8211; Inspeccions\u00a0reglament\u00e0ries.[\/vc_column_text][mk_fancy_title size=&#8221;20&#8243; font_weight=&#8221;400&#8243; font_style=&#8221;normal&#8221; txt_transform=&#8221;uppercase&#8221; margin_top=&#8221;40&#8243; font_family=&#8221;none&#8221; align=&#8221;center&#8221;]Projectes revellants[\/mk_fancy_title][\/vc_column][\/vc_row][vc_row][vc_column][mk_blog style=&#8221;thumbnail&#8221; pagination=&#8221;false&#8221; cat=&#8221;219&#8243;][\/vc_column][\/vc_row][vc_row fullwidth=&#8221;true&#8221;][vc_column][mk_fancy_title color=&#8221;#ffffff&#8221; size=&#8221;22&#8243; margin_bottom=&#8221;0&#8243; font_family=&#8221;none&#8221;]\n<p id=\"instalaciones\" style=\"text-align: center;\">.<\/p>\n[\/mk_fancy_title][mk_padding_divider][\/vc_column][\/vc_row][vc_row fullwidth=&#8221;true&#8221; css=&#8221;.vc_custom_1603725307746{background-color: #4e4e4e !important;}&#8221;][vc_column][mk_fancy_title color=&#8221;#ffffff&#8221; size=&#8221;22&#8243; margin_top=&#8221;15&#8243; margin_bottom=&#8221;0&#8243; font_family=&#8221;none&#8221;]\n<p style=\"text-align: center;\">INSTAL\u00b7LACIONS<\/p>\n[\/mk_fancy_title][\/vc_column][\/vc_row][vc_row][vc_column][mk_padding_divider][vc_column_text css=&#8221;.vc_custom_1630400388357{margin-bottom: 0px !important;}&#8221;]Iplan Gesti\u00f3n Integral S.L. disposa d&#8217;un equip multidisciplinari de t\u00e8cnics\/t\u00e8cniques qualificats\/qualificades, amb experi\u00e8ncia i les millors tecnologies disponibles per dur a terme les seg\u00fcents actuacions:[\/vc_column_text][vc_row_inner][vc_column_inner][vc_column_text css=&#8221;.vc_custom_1607878419473{margin-bottom: 0px !important;}&#8221;]- Desenvolupament de treballs d&#8217;Enginyeria per al sector terciari i Industrial, efici\u00e8ncia i estalvi energ\u00e8tic, i mobilitat el\u00e8ctrica.<\/p>\n<p>&#8211; Realitzaci\u00f3 d&#8217;estudis d&#8217;estalvi i efici\u00e8ncia energ\u00e8tica. Partint del consum i les necessitats del client. Elaborem tant els estudis per optimitzar el consum, com per fer modificacions d&#8217;instal\u00b7lacions, canvis de subministrament o de tarifa, que permetin minimitzar el cost.[\/vc_column_text][vc_column_text css=&#8221;.vc_custom_1606062395644{margin-bottom: 0px !important;}&#8221;][\/vc_column_text][\/vc_column_inner][\/vc_row_inner][mk_fancy_title size=&#8221;20&#8243; font_weight=&#8221;400&#8243; font_style=&#8221;normal&#8221; txt_transform=&#8221;uppercase&#8221; margin_top=&#8221;40&#8243; font_family=&#8221;none&#8221; align=&#8221;center&#8221;]Projectes revellants[\/mk_fancy_title][\/vc_column][\/vc_row][vc_row][vc_column][mk_blog style=&#8221;thumbnail&#8221; pagination=&#8221;false&#8221; cat=&#8221;221&#8243;][\/vc_column][\/vc_row][vc_row][vc_column][mk_fancy_title color=&#8221;#ffffff&#8221; size=&#8221;22&#8243; margin_bottom=&#8221;0&#8243; font_family=&#8221;none&#8221;]\n<p id=\"consultoria\" style=\"text-align: center;\">.<\/p>\n[\/mk_fancy_title][mk_padding_divider][\/vc_column][\/vc_row][vc_row fullwidth=&#8221;true&#8221; css=&#8221;.vc_custom_1603725307746{background-color: #4e4e4e !important;}&#8221;][vc_column][mk_fancy_title color=&#8221;#ffffff&#8221; size=&#8221;22&#8243; margin_top=&#8221;15&#8243; margin_bottom=&#8221;0&#8243; font_family=&#8221;none&#8221;]\n<p style=\"text-align: center;\">CONSULTORIA<\/p>\n[\/mk_fancy_title][\/vc_column][\/vc_row][vc_row][vc_column][mk_padding_divider][vc_column_text css=&#8221;.vc_custom_1630400414500{margin-bottom: 0px !important;}&#8221;]Iplan Gesti\u00f3n Integral S.L. disposa d&#8217;un equip multidisciplinari de t\u00e8cnics\/t\u00e8cniques qualificats\/qualificades, que aporten, com a valor afegit en el desenvolupament dels treballs de Consultoria, el coneixement en infraestructures d&#8217;alta \/ mitjana \/ baixa tensi\u00f3, al sector terciari \/ edificaci\u00f3, aix\u00ed com en estalvi i efici\u00e8ncia energ\u00e8tica.<\/p>\n<p>La seva experi\u00e8ncia i la utilitzaci\u00f3 de les millors tecnologies fan d&#8217;Iplan\u00a0un aliat estrat\u00e8gic.[\/vc_column_text][vc_row_inner][vc_column_inner][vc_column_text css=&#8221;.vc_custom_1607878584382{margin-bottom: 0px !important;}&#8221;]- Direccions d\u2019Obra de projectes d\u2019obra nova<br \/>\n&#8211; Direccions Facultatives de la gesti\u00f3 de manteniment[\/vc_column_text][\/vc_column_inner][\/vc_row_inner][\/vc_column][\/vc_row][vc_row][vc_column][mk_fancy_title size=&#8221;20&#8243; font_weight=&#8221;400&#8243; font_style=&#8221;normal&#8221; txt_transform=&#8221;uppercase&#8221; margin_top=&#8221;40&#8243; font_family=&#8221;none&#8221; align=&#8221;center&#8221;]Projectes revellants[\/mk_fancy_title][mk_blog style=&#8221;thumbnail&#8221; post_count=&#8221;3&#8243; pagination=&#8221;false&#8221; cat=&#8221;222&#8243;][\/vc_column][\/vc_row][vc_row][vc_column][mk_padding_divider][\/vc_column][\/vc_row]\n<\/div>","protected":false},"excerpt":{"rendered":"<p>[vc_row fullwidth=&rdquo;true&rdquo;][vc_column][mk_edge_slider first_el=&rdquo;true&rdquo; swiper_bg=&rdquo;#000000&Prime; order=&rdquo;ASC&rdquo; full_height=&rdquo;false&rdquo; height=&rdquo;550&Prime; animation_effect=&rdquo;fade&rdquo; animation_speed=&rdquo;982&Prime; direction_nav=&rdquo;slit&rdquo; pagination=&rdquo;small_dot_stroke&rdquo; skip_arrow=&rdquo;false&rdquo; visibility=&rdquo;hidden-sm&rdquo; slides=&rdquo;16490, 16496, 16520&Prime;][mk_edge_slider first_el=&rdquo;true&rdquo; swiper_bg=&rdquo;#000000&Prime; order=&rdquo;ASC&rdquo; full_height=&rdquo;false&rdquo; height=&rdquo;250&Prime; animation_effect=&rdquo;fade&rdquo; animation_speed=&rdquo;982&Prime; direction_nav=&rdquo;slit&rdquo; pagination=&rdquo;small_dot_stroke&rdquo; skip_arrow=&rdquo;false&rdquo; visibility=&rdquo;visible-sm&rdquo; slides=&rdquo;16490, 16496, 16520&Prime;][\/vc_column][\/vc_row][vc_row fullwidth=&rdquo;true&rdquo; fullwidth_content=&rdquo;false&rdquo; equal_columns=&rdquo;true&rdquo; column_padding=&rdquo;3&Prime; animation=&rdquo;fade-in&rdquo; css=&rdquo;.vc_custom_1589817191626{padding-top: 50px !important;padding-bottom: 50px !important;background-color: #f0f0f0 !important;}&rdquo;][vc_column css=&rdquo;.vc_custom_1589811493131{background-color: #f0f0f0 !important;}&rdquo;][mk_fancy_title size=&rdquo;20&Prime; force_font_size=&rdquo;true&rdquo; size_phone=&rdquo;18&Prime; font_weight=&rdquo;400&Prime; font_style=&rdquo;normal&rdquo; txt_transform=&rdquo;uppercase&rdquo; margin_top=&rdquo;&rdquo; font_family=&rdquo;none&rdquo; align=&rdquo;center&rdquo;] ENGINYERIA [&hellip;]<\/p>\n","protected":false},"author":222,"featured_media":0,"parent":0,"menu_order":0,"comment_status":"open","ping_status":"closed","template":"","meta":{"footnotes":""},"class_list":["post-16436","page","type-page","status-publish","hentry"],"yoast_head":"<!-- This site is optimized with the Yoast SEO plugin v26.8 - https:\/\/yoast.com\/product\/yoast-seo-wordpress\/ -->\n<title>Enginyeria el\u00e8ctrica i consultoria - iPlan Gesti\u00f3n Integral S.L.<\/title>\n<meta name=\"robots\" content=\"index, follow, max-snippet:-1, max-image-preview:large, max-video-preview:-1\" \/>\n<link rel=\"canonical\" href=\"https:\/\/iplangestion.com\/ca\/enginyeria-electrica-i-consultoria\/\" \/>\n<meta property=\"og:locale\" content=\"ca_ES\" \/>\n<meta property=\"og:type\" content=\"article\" \/>\n<meta property=\"og:title\" content=\"Enginyeria el\u00e8ctrica i consultoria - iPlan Gesti\u00f3n Integral S.L.\" \/>\n<meta property=\"og:description\" content=\"[vc_row fullwidth=&rdquo;true&rdquo;][vc_column][mk_edge_slider first_el=&rdquo;true&rdquo; swiper_bg=&rdquo;#000000&Prime; order=&rdquo;ASC&rdquo; full_height=&rdquo;false&rdquo; height=&rdquo;550&Prime; animation_effect=&rdquo;fade&rdquo; animation_speed=&rdquo;982&Prime; direction_nav=&rdquo;slit&rdquo; pagination=&rdquo;small_dot_stroke&rdquo; skip_arrow=&rdquo;false&rdquo; visibility=&rdquo;hidden-sm&rdquo; slides=&rdquo;16490, 16496, 16520&Prime;][mk_edge_slider first_el=&rdquo;true&rdquo; swiper_bg=&rdquo;#000000&Prime; order=&rdquo;ASC&rdquo; full_height=&rdquo;false&rdquo; height=&rdquo;250&Prime; animation_effect=&rdquo;fade&rdquo; animation_speed=&rdquo;982&Prime; direction_nav=&rdquo;slit&rdquo; pagination=&rdquo;small_dot_stroke&rdquo; skip_arrow=&rdquo;false&rdquo; visibility=&rdquo;visible-sm&rdquo; slides=&rdquo;16490, 16496, 16520&Prime;][\/vc_column][\/vc_row][vc_row fullwidth=&rdquo;true&rdquo; fullwidth_content=&rdquo;false&rdquo; equal_columns=&rdquo;true&rdquo; column_padding=&rdquo;3&Prime; animation=&rdquo;fade-in&rdquo; css=&rdquo;.vc_custom_1589817191626{padding-top: 50px !important;padding-bottom: 50px !important;background-color: #f0f0f0 !important;}&rdquo;][vc_column css=&rdquo;.vc_custom_1589811493131{background-color: #f0f0f0 !important;}&rdquo;][mk_fancy_title size=&rdquo;20&Prime; force_font_size=&rdquo;true&rdquo; size_phone=&rdquo;18&Prime; font_weight=&rdquo;400&Prime; font_style=&rdquo;normal&rdquo; txt_transform=&rdquo;uppercase&rdquo; margin_top=&rdquo;&rdquo; font_family=&rdquo;none&rdquo; align=&rdquo;center&rdquo;] ENGINYERIA [&hellip;]\" \/>\n<meta property=\"og:url\" content=\"https:\/\/iplangestion.com\/ca\/enginyeria-electrica-i-consultoria\/\" \/>\n<meta property=\"og:site_name\" content=\"iPlan Gesti\u00f3n Integral S.L.\" \/>\n<meta property=\"article:modified_time\" content=\"2021-10-04T12:26:05+00:00\" \/>\n<meta name=\"twitter:card\" content=\"summary_large_image\" \/>\n<meta name=\"twitter:label1\" content=\"Est. reading time\" \/>\n\t<meta name=\"twitter:data1\" content=\"3 minutes\" \/>\n<script type=\"application\/ld+json\" class=\"yoast-schema-graph\">{\"@context\":\"https:\/\/schema.org\",\"@graph\":[{\"@type\":\"WebPage\",\"@id\":\"https:\/\/iplangestion.com\/ca\/enginyeria-electrica-i-consultoria\/\",\"url\":\"https:\/\/iplangestion.com\/ca\/enginyeria-electrica-i-consultoria\/\",\"name\":\"Enginyeria el\u00e8ctrica i consultoria - iPlan Gesti\u00f3n Integral S.L.\",\"isPartOf\":{\"@id\":\"https:\/\/iplangestion.com\/#website\"},\"datePublished\":\"2021-01-24T18:09:14+00:00\",\"dateModified\":\"2021-10-04T12:26:05+00:00\",\"breadcrumb\":{\"@id\":\"https:\/\/iplangestion.com\/ca\/enginyeria-electrica-i-consultoria\/#breadcrumb\"},\"inLanguage\":\"ca\",\"potentialAction\":[{\"@type\":\"ReadAction\",\"target\":[\"https:\/\/iplangestion.com\/ca\/enginyeria-electrica-i-consultoria\/\"]}]},{\"@type\":\"BreadcrumbList\",\"@id\":\"https:\/\/iplangestion.com\/ca\/enginyeria-electrica-i-consultoria\/#breadcrumb\",\"itemListElement\":[{\"@type\":\"ListItem\",\"position\":1,\"name\":\"Portada\",\"item\":\"https:\/\/iplangestion.com\/ca\/\"},{\"@type\":\"ListItem\",\"position\":2,\"name\":\"Enginyeria el\u00e8ctrica i consultoria\"}]},{\"@type\":\"WebSite\",\"@id\":\"https:\/\/iplangestion.com\/#website\",\"url\":\"https:\/\/iplangestion.com\/\",\"name\":\"iPlan Gesti\u00f3n Integral S.L.\",\"description\":\"Gesti\u00f3n integral de proyectos\",\"potentialAction\":[{\"@type\":\"SearchAction\",\"target\":{\"@type\":\"EntryPoint\",\"urlTemplate\":\"https:\/\/iplangestion.com\/?s={search_term_string}\"},\"query-input\":{\"@type\":\"PropertyValueSpecification\",\"valueRequired\":true,\"valueName\":\"search_term_string\"}}],\"inLanguage\":\"ca\"}]}<\/script>\n<!-- \/ Yoast SEO plugin. -->","yoast_head_json":{"title":"Enginyeria el\u00e8ctrica i consultoria - iPlan Gesti\u00f3n Integral S.L.","robots":{"index":"index","follow":"follow","max-snippet":"max-snippet:-1","max-image-preview":"max-image-preview:large","max-video-preview":"max-video-preview:-1"},"canonical":"https:\/\/iplangestion.com\/ca\/enginyeria-electrica-i-consultoria\/","og_locale":"ca_ES","og_type":"article","og_title":"Enginyeria el\u00e8ctrica i consultoria - iPlan Gesti\u00f3n Integral S.L.","og_description":"[vc_row fullwidth=&rdquo;true&rdquo;][vc_column][mk_edge_slider first_el=&rdquo;true&rdquo; swiper_bg=&rdquo;#000000&Prime; order=&rdquo;ASC&rdquo; full_height=&rdquo;false&rdquo; height=&rdquo;550&Prime; animation_effect=&rdquo;fade&rdquo; animation_speed=&rdquo;982&Prime; direction_nav=&rdquo;slit&rdquo; pagination=&rdquo;small_dot_stroke&rdquo; skip_arrow=&rdquo;false&rdquo; visibility=&rdquo;hidden-sm&rdquo; slides=&rdquo;16490, 16496, 16520&Prime;][mk_edge_slider first_el=&rdquo;true&rdquo; swiper_bg=&rdquo;#000000&Prime; order=&rdquo;ASC&rdquo; full_height=&rdquo;false&rdquo; height=&rdquo;250&Prime; animation_effect=&rdquo;fade&rdquo; animation_speed=&rdquo;982&Prime; direction_nav=&rdquo;slit&rdquo; pagination=&rdquo;small_dot_stroke&rdquo; skip_arrow=&rdquo;false&rdquo; visibility=&rdquo;visible-sm&rdquo; slides=&rdquo;16490, 16496, 16520&Prime;][\/vc_column][\/vc_row][vc_row fullwidth=&rdquo;true&rdquo; fullwidth_content=&rdquo;false&rdquo; equal_columns=&rdquo;true&rdquo; column_padding=&rdquo;3&Prime; animation=&rdquo;fade-in&rdquo; css=&rdquo;.vc_custom_1589817191626{padding-top: 50px !important;padding-bottom: 50px !important;background-color: #f0f0f0 !important;}&rdquo;][vc_column css=&rdquo;.vc_custom_1589811493131{background-color: #f0f0f0 !important;}&rdquo;][mk_fancy_title size=&rdquo;20&Prime; force_font_size=&rdquo;true&rdquo; size_phone=&rdquo;18&Prime; font_weight=&rdquo;400&Prime; font_style=&rdquo;normal&rdquo; txt_transform=&rdquo;uppercase&rdquo; margin_top=&rdquo;&rdquo; font_family=&rdquo;none&rdquo; align=&rdquo;center&rdquo;] ENGINYERIA [&hellip;]","og_url":"https:\/\/iplangestion.com\/ca\/enginyeria-electrica-i-consultoria\/","og_site_name":"iPlan Gesti\u00f3n Integral S.L.","article_modified_time":"2021-10-04T12:26:05+00:00","twitter_card":"summary_large_image","twitter_misc":{"Est. reading time":"3 minutes"},"schema":{"@context":"https:\/\/schema.org","@graph":[{"@type":"WebPage","@id":"https:\/\/iplangestion.com\/ca\/enginyeria-electrica-i-consultoria\/","url":"https:\/\/iplangestion.com\/ca\/enginyeria-electrica-i-consultoria\/","name":"Enginyeria el\u00e8ctrica i consultoria - iPlan Gesti\u00f3n Integral S.L.","isPartOf":{"@id":"https:\/\/iplangestion.com\/#website"},"datePublished":"2021-01-24T18:09:14+00:00","dateModified":"2021-10-04T12:26:05+00:00","breadcrumb":{"@id":"https:\/\/iplangestion.com\/ca\/enginyeria-electrica-i-consultoria\/#breadcrumb"},"inLanguage":"ca","potentialAction":[{"@type":"ReadAction","target":["https:\/\/iplangestion.com\/ca\/enginyeria-electrica-i-consultoria\/"]}]},{"@type":"BreadcrumbList","@id":"https:\/\/iplangestion.com\/ca\/enginyeria-electrica-i-consultoria\/#breadcrumb","itemListElement":[{"@type":"ListItem","position":1,"name":"Portada","item":"https:\/\/iplangestion.com\/ca\/"},{"@type":"ListItem","position":2,"name":"Enginyeria el\u00e8ctrica i consultoria"}]},{"@type":"WebSite","@id":"https:\/\/iplangestion.com\/#website","url":"https:\/\/iplangestion.com\/","name":"iPlan Gesti\u00f3n Integral S.L.","description":"Gesti\u00f3n integral de proyectos","potentialAction":[{"@type":"SearchAction","target":{"@type":"EntryPoint","urlTemplate":"https:\/\/iplangestion.com\/?s={search_term_string}"},"query-input":{"@type":"PropertyValueSpecification","valueRequired":true,"valueName":"search_term_string"}}],"inLanguage":"ca"}]}},"_links":{"self":[{"href":"https:\/\/iplangestion.com\/ca\/wp-json\/wp\/v2\/pages\/16436","targetHints":{"allow":["GET"]}}],"collection":[{"href":"https:\/\/iplangestion.com\/ca\/wp-json\/wp\/v2\/pages"}],"about":[{"href":"https:\/\/iplangestion.com\/ca\/wp-json\/wp\/v2\/types\/page"}],"author":[{"embeddable":true,"href":"https:\/\/iplangestion.com\/ca\/wp-json\/wp\/v2\/users\/222"}],"replies":[{"embeddable":true,"href":"https:\/\/iplangestion.com\/ca\/wp-json\/wp\/v2\/comments?post=16436"}],"version-history":[{"count":0,"href":"https:\/\/iplangestion.com\/ca\/wp-json\/wp\/v2\/pages\/16436\/revisions"}],"wp:attachment":[{"href":"https:\/\/iplangestion.com\/ca\/wp-json\/wp\/v2\/media?parent=16436"}],"curies":[{"name":"wp","href":"https:\/\/api.w.org\/{rel}","templated":true}]}}