{"id":16435,"date":"2021-01-24T18:09:14","date_gmt":"2021-01-24T18:09:14","guid":{"rendered":"https:\/\/www.iplangestion.com\/enginyeria-obra-civil-i-edificacio\/"},"modified":"2021-10-04T12:30:26","modified_gmt":"2021-10-04T12:30:26","slug":"enginyeria-obra-civil-i-edificacio","status":"publish","type":"page","link":"https:\/\/iplangestion.com\/ca\/enginyeria-obra-civil-i-edificacio\/","title":{"rendered":"Enginyeria, Obra civil i Edificaci\u00f3"},"content":{"rendered":"<div class=\"wpb-content-wrapper\">[vc_row fullwidth=&#8221;true&#8221;][vc_column][mk_edge_slider first_el=&#8221;true&#8221; swiper_bg=&#8221;#000000&#8243; order=&#8221;ASC&#8221; full_height=&#8221;false&#8221; height=&#8221;550&#8243; animation_effect=&#8221;fade&#8221; animation_speed=&#8221;982&#8243; direction_nav=&#8221;slit&#8221; pagination=&#8221;small_dot_stroke&#8221; skip_arrow=&#8221;false&#8221; visibility=&#8221;hidden-sm&#8221; slides=&#8221;16378, 16380, 16382&#8243;][mk_edge_slider first_el=&#8221;true&#8221; swiper_bg=&#8221;#000000&#8243; order=&#8221;ASC&#8221; full_height=&#8221;false&#8221; height=&#8221;250&#8243; animation_effect=&#8221;fade&#8221; animation_speed=&#8221;982&#8243; direction_nav=&#8221;slit&#8221; pagination=&#8221;small_dot_stroke&#8221; skip_arrow=&#8221;false&#8221; visibility=&#8221;visible-sm&#8221; slides=&#8221;16378, 16380, 16382&#8243;][\/vc_column][\/vc_row][vc_row fullwidth=&#8221;true&#8221; fullwidth_content=&#8221;false&#8221; equal_columns=&#8221;true&#8221; column_padding=&#8221;3&#8243; animation=&#8221;fade-in&#8221; css=&#8221;.vc_custom_1589817191626{padding-top: 50px !important;padding-bottom: 50px !important;background-color: #f0f0f0 !important;}&#8221;][vc_column css=&#8221;.vc_custom_1589811493131{background-color: #f0f0f0 !important;}&#8221;][mk_fancy_title size=&#8221;20&#8243; font_weight=&#8221;400&#8243; font_style=&#8221;normal&#8221; txt_transform=&#8221;uppercase&#8221; margin_top=&#8221;&#8221; font_family=&#8221;none&#8221; align=&#8221;center&#8221;]ENGINYERIA, OBRA CIVIL I EDIFICACI\u00d3<br \/>\n[\/mk_fancy_title][vc_column_text align=&#8221;center&#8221; css=&#8221;.vc_custom_1630400575996{margin-bottom: 0px !important;padding-right: 40px !important;padding-left: 40px !important;}&#8221;]Iplan Gesti\u00f3n Integral de S.L. ofereix als seus clients, un servei \u00e0gil, din\u00e0mic i de m\u00e0xima qualitat. Per a aix\u00f2 compta amb els mitjans humans, t\u00e8cnics i l&#8217;experi\u00e8ncia necess\u00e0ria pel desenvolupament dels treballs d&#8217;Enginyeria, Direcci\u00f3 d&#8217;Obra, Project Management i Consultoria de qualsevol infraestructura civil o d&#8217;edificaci\u00f3, promogudes tant des del sector p\u00fablic com privat, tant en el desenvolupament noves infraestructures, o el manteniment d&#8217;infraestructures ja existents.<\/p>\n<p>L&#8217;experi\u00e8ncia desenvolupada per el nostre personal fa possible l&#8217;optimitzaci\u00f3 dels Projectes tenint en compte les necessitats dels nostres clients. Aprofitem les sinergies amb la resta dels departaments i personal d\u2019Iplan, per poder oferir productes integrals a mida.[\/vc_column_text][\/vc_column][\/vc_row][vc_row attached=&#8221;true&#8221;][vc_column width=&#8221;1\/3&#8243;][vc_raw_html]JTNDYSUyMGhyZWYlM0QlMjIlMjNiYXNpY2ElMjIlM0UlMEE=[\/vc_raw_html][mk_image_switch src_first=&#8221;https:\/\/www.iplangestion.com\/wp-content\/uploads\/enginyeria-basica-i-consultoria.png&#8221; src_second=&#8221;https:\/\/www.iplangestion.com\/wp-content\/uploads\/enginyeria-basica-i-consultoria-hover.png&#8221; image_width=&#8221;300&#8243; image_height=&#8221;&#8221; align=&#8221;right&#8221; visibility=&#8221;hidden-sm&#8221;][mk_image_switch src_first=&#8221;https:\/\/www.iplangestion.com\/wp-content\/uploads\/enginyeria-basica-i-consultoria.png&#8221; src_second=&#8221;https:\/\/www.iplangestion.com\/wp-content\/uploads\/enginyeria-basica-i-consultoria-hover.png&#8221; image_width=&#8221;300&#8243; image_height=&#8221;&#8221; align=&#8221;center&#8221; visibility=&#8221;visible-sm&#8221;][vc_raw_html]JTNDJTJGYSUzRQ==[\/vc_raw_html][\/vc_column][vc_column width=&#8221;1\/3&#8243;][vc_raw_html]JTNDYSUyMGhyZWYlM0QlMjIlMjNyZWRhY2Npb24lMjIlM0UlMEE=[\/vc_raw_html][mk_image_switch src_first=&#8221;https:\/\/www.iplangestion.com\/wp-content\/uploads\/redaccio-de-projectes-1.png&#8221; src_second=&#8221;https:\/\/www.iplangestion.com\/wp-content\/uploads\/redaccio-de-projectes-hover.png&#8221; image_width=&#8221;300&#8243; image_height=&#8221;&#8221; align=&#8221;center&#8221;][vc_raw_html]JTNDJTJGYSUzRQ==[\/vc_raw_html][\/vc_column][vc_column width=&#8221;1\/3&#8243;][vc_raw_html]JTNDYSUyMGhyZWYlM0QlMjIlMjNkaXJlY2Npb25lcyUyMiUzRSUwQQ==[\/vc_raw_html][mk_image_switch src_first=&#8221;https:\/\/www.iplangestion.com\/wp-content\/uploads\/direccions-dobra-i-assistencies-tecniques-1.png&#8221; src_second=&#8221;https:\/\/www.iplangestion.com\/wp-content\/uploads\/direccions-dobra-i-assistencies-tecniques-hover.png&#8221; image_width=&#8221;300&#8243; image_height=&#8221;&#8221; visibility=&#8221;hidden-sm&#8221;][mk_image_switch src_first=&#8221;https:\/\/www.iplangestion.com\/wp-content\/uploads\/direccions-dobra-i-assistencies-tecniques-1.png&#8221; src_second=&#8221;https:\/\/www.iplangestion.com\/wp-content\/uploads\/direccions-dobra-i-assistencies-tecniques-hover.png&#8221; image_width=&#8221;300&#8243; image_height=&#8221;&#8221; align=&#8221;center&#8221; visibility=&#8221;visible-sm&#8221;][vc_raw_html]JTNDJTJGYSUzRQ==[\/vc_raw_html][\/vc_column][\/vc_row][vc_row][vc_column][mk_fancy_title size=&#8221;20&#8243; font_weight=&#8221;400&#8243; font_style=&#8221;normal&#8221; txt_transform=&#8221;uppercase&#8221; margin_top=&#8221;40&#8243; font_family=&#8221;none&#8221; align=&#8221;center&#8221;]\n<p style=\"text-align: center;\">CLIENTS QUE CONFIEN EN NOSALTRES<\/p>\n[\/mk_fancy_title][vc_row_inner][vc_column_inner][mk_clients count=&#8221;19&#8243; height=&#8221;155&#8243; clients=&#8221;24176, 24192, 24138, 24134, 24130, 24126, 24122, 24118, 24082, 24078&#8243;][\/vc_column_inner][\/vc_row_inner][\/vc_column][\/vc_row][vc_row fullwidth=&#8221;true&#8221;][vc_column][mk_padding_divider][mk_fancy_title margin_bottom=&#8221;0&#8243; font_family=&#8221;none&#8221;]\n<p id=\"basica\" style=\"text-align: center;\">.<\/p>\n[\/mk_fancy_title][\/vc_column][\/vc_row][vc_row fullwidth=&#8221;true&#8221; css=&#8221;.vc_custom_1603725307746{background-color: #4e4e4e !important;}&#8221;][vc_column][mk_fancy_title color=&#8221;#ffffff&#8221; size=&#8221;20&#8243; margin_top=&#8221;15&#8243; margin_bottom=&#8221;0&#8243; font_family=&#8221;none&#8221;]\n<p style=\"text-align: center;\">ENGINYERIA B\u00c0SICA I CONSULTORIA<\/p>\n[\/mk_fancy_title][\/vc_column][\/vc_row][vc_row][vc_column][mk_padding_divider][vc_column_text css=&#8221;.vc_custom_1630400597837{margin-bottom: 0px !important;}&#8221;]Iplan Gesti\u00f3n Integral S.L. disposa d&#8217;un equip multidisciplinari de t\u00e8cnics\/t\u00e8cniques qualificats\/qualificades, amb experi\u00e8ncia i les millors tecnologies disponibles per dur a terme les seg\u00fcents actuacions:<\/p>\n<p>&#8211; Redacci\u00f3 de Projectes<br \/>\n&#8211; Revisi\u00f3 \/ Auditoria de Projecte<br \/>\n&#8211; Estudis de viabilitat<br \/>\n&#8211; Direcci\u00f3 d&#8217;Obra<br \/>\n&#8211; Assist\u00e8ncia t\u00e8cnica<br \/>\n&#8211; C\u00e0lcul d&#8217;Estructures<br \/>\n&#8211; Topografia<br \/>\n&#8211; Estudis Hidr\u00e0ulics i hidrol\u00f2gics<br \/>\n&#8211; Redacci\u00f3 de Projectes AS-Built[\/vc_column_text][mk_fancy_title size=&#8221;20&#8243; font_weight=&#8221;400&#8243; font_style=&#8221;normal&#8221; txt_transform=&#8221;uppercase&#8221; margin_top=&#8221;40&#8243; font_family=&#8221;none&#8221; align=&#8221;center&#8221;]Projectes revellants[\/mk_fancy_title][\/vc_column][\/vc_row][vc_row][vc_column][mk_blog style=&#8221;thumbnail&#8221; pagination=&#8221;false&#8221; cat=&#8221;215&#8243;][\/vc_column][\/vc_row][vc_row fullwidth=&#8221;true&#8221;][vc_column][mk_padding_divider][mk_fancy_title margin_bottom=&#8221;0&#8243; font_family=&#8221;none&#8221;]\n<p id=\"redaccion\" style=\"text-align: center;\">.<\/p>\n[\/mk_fancy_title][\/vc_column][\/vc_row][vc_row fullwidth=&#8221;true&#8221; css=&#8221;.vc_custom_1603725307746{background-color: #4e4e4e !important;}&#8221;][vc_column][mk_fancy_title color=&#8221;#ffffff&#8221; size=&#8221;20&#8243; margin_top=&#8221;15&#8243; margin_bottom=&#8221;0&#8243; font_family=&#8221;none&#8221;]\n<p style=\"text-align: center;\">REDACCI\u00d3 DE PROJECTES<\/p>\n[\/mk_fancy_title][\/vc_column][\/vc_row][vc_row][vc_column][mk_padding_divider][vc_column_text css=&#8221;.vc_custom_1630400613888{margin-bottom: 0px !important;}&#8221;]Iplan Gesti\u00f3n Integral S.L. disposa d&#8217;un equip multidisciplinari de t\u00e8cnics\/t\u00e8cniques qualificats\/qualificades, amb experi\u00e8ncia i les millors tecnologies disponibles per dur a terme les seg\u00fcent actuacions:[\/vc_column_text][vc_row_inner][vc_column_inner][vc_column_text css=&#8221;.vc_custom_1607877821097{margin-bottom: 0px !important;}&#8221;]- Redacci\u00f3 de projectes executius i constructius per a la posterior licitaci\u00f3 i realitzaci\u00f3 dels mateixos, per part tant de promotors p\u00fablics com privats[\/vc_column_text][vc_column_text css=&#8221;.vc_custom_1606062395644{margin-bottom: 0px !important;}&#8221;][\/vc_column_text][\/vc_column_inner][\/vc_row_inner][mk_fancy_title size=&#8221;20&#8243; font_weight=&#8221;400&#8243; font_style=&#8221;normal&#8221; txt_transform=&#8221;uppercase&#8221; margin_top=&#8221;40&#8243; font_family=&#8221;none&#8221; align=&#8221;center&#8221;]Projectes revellants[\/mk_fancy_title][\/vc_column][\/vc_row][vc_row][vc_column][mk_blog style=&#8221;thumbnail&#8221; pagination=&#8221;false&#8221; cat=&#8221;217&#8243;][\/vc_column][\/vc_row][vc_row][vc_column][mk_padding_divider][mk_fancy_title margin_bottom=&#8221;0&#8243; font_family=&#8221;none&#8221;]\n<p id=\"direcciones\" style=\"text-align: center;\">.<\/p>\n[\/mk_fancy_title][\/vc_column][\/vc_row][vc_row fullwidth=&#8221;true&#8221; css=&#8221;.vc_custom_1603725307746{background-color: #4e4e4e !important;}&#8221;][vc_column][mk_fancy_title color=&#8221;#ffffff&#8221; size=&#8221;20&#8243; margin_top=&#8221;15&#8243; margin_bottom=&#8221;0&#8243; font_family=&#8221;none&#8221;]\n<p style=\"text-align: center;\">DIRECCIONS D\u2019OBRA I ASSIST\u00c8NCIES T\u00c8CNIQUES<\/p>\n[\/mk_fancy_title][\/vc_column][\/vc_row][vc_row][vc_column][mk_padding_divider][vc_column_text css=&#8221;.vc_custom_1630400633387{margin-bottom: 0px !important;}&#8221;]Iplan Gesti\u00f3n Integral S.L. disposa d&#8217;un equip multidisciplinari de t\u00e8cnics\/t\u00e8cniques qualificats\/qualificades, amb experi\u00e8ncia i les millors tecnologies disponibles per dur a terme les seg\u00fcents actuacions en infraestructures civils i d&#8217;edificaci\u00f3:[\/vc_column_text][vc_row_inner][vc_column_inner][vc_column_text css=&#8221;.vc_custom_1607877884725{margin-bottom: 0px !important;}&#8221;]- Direccions d&#8217;Obra de projectes d&#8217;obra nova<br \/>\n&#8211; Direccions Facultatives de la gesti\u00f3 de manteniment[\/vc_column_text][\/vc_column_inner][\/vc_row_inner][mk_fancy_title size=&#8221;20&#8243; font_weight=&#8221;400&#8243; font_style=&#8221;normal&#8221; txt_transform=&#8221;uppercase&#8221; margin_top=&#8221;40&#8243; font_family=&#8221;none&#8221; align=&#8221;center&#8221;]Projectes revellants[\/mk_fancy_title][\/vc_column][\/vc_row][vc_row][vc_column][mk_blog style=&#8221;thumbnail&#8221; post_count=&#8221;3&#8243; pagination=&#8221;false&#8221; cat=&#8221;218&#8243;][\/vc_column][\/vc_row][vc_row][vc_column][mk_padding_divider][\/vc_column][\/vc_row]\n<\/div>","protected":false},"excerpt":{"rendered":"<p>[vc_row fullwidth=&rdquo;true&rdquo;][vc_column][mk_edge_slider first_el=&rdquo;true&rdquo; swiper_bg=&rdquo;#000000&Prime; order=&rdquo;ASC&rdquo; full_height=&rdquo;false&rdquo; height=&rdquo;550&Prime; animation_effect=&rdquo;fade&rdquo; animation_speed=&rdquo;982&Prime; direction_nav=&rdquo;slit&rdquo; pagination=&rdquo;small_dot_stroke&rdquo; skip_arrow=&rdquo;false&rdquo; visibility=&rdquo;hidden-sm&rdquo; slides=&rdquo;16378, 16380, 16382&Prime;][mk_edge_slider first_el=&rdquo;true&rdquo; swiper_bg=&rdquo;#000000&Prime; order=&rdquo;ASC&rdquo; full_height=&rdquo;false&rdquo; height=&rdquo;250&Prime; animation_effect=&rdquo;fade&rdquo; animation_speed=&rdquo;982&Prime; direction_nav=&rdquo;slit&rdquo; pagination=&rdquo;small_dot_stroke&rdquo; skip_arrow=&rdquo;false&rdquo; visibility=&rdquo;visible-sm&rdquo; slides=&rdquo;16378, 16380, 16382&Prime;][\/vc_column][\/vc_row][vc_row fullwidth=&rdquo;true&rdquo; fullwidth_content=&rdquo;false&rdquo; equal_columns=&rdquo;true&rdquo; column_padding=&rdquo;3&Prime; animation=&rdquo;fade-in&rdquo; css=&rdquo;.vc_custom_1589817191626{padding-top: 50px !important;padding-bottom: 50px !important;background-color: #f0f0f0 !important;}&rdquo;][vc_column css=&rdquo;.vc_custom_1589811493131{background-color: #f0f0f0 !important;}&rdquo;][mk_fancy_title size=&rdquo;20&Prime; font_weight=&rdquo;400&Prime; font_style=&rdquo;normal&rdquo; txt_transform=&rdquo;uppercase&rdquo; margin_top=&rdquo;&rdquo; font_family=&rdquo;none&rdquo; align=&rdquo;center&rdquo;]ENGINYERIA, OBRA CIVIL I [&hellip;]<\/p>\n","protected":false},"author":222,"featured_media":0,"parent":0,"menu_order":0,"comment_status":"open","ping_status":"open","template":"","meta":{"footnotes":""},"class_list":["post-16435","page","type-page","status-publish","hentry"],"yoast_head":"<!-- This site is optimized with the Yoast SEO plugin v26.8 - https:\/\/yoast.com\/product\/yoast-seo-wordpress\/ -->\n<title>Enginyeria, Obra civil i Edificaci\u00f3 - iPlan Gesti\u00f3n Integral S.L.<\/title>\n<meta name=\"robots\" content=\"index, follow, max-snippet:-1, max-image-preview:large, max-video-preview:-1\" \/>\n<link rel=\"canonical\" href=\"https:\/\/iplangestion.com\/ca\/enginyeria-obra-civil-i-edificacio\/\" \/>\n<meta property=\"og:locale\" content=\"ca_ES\" \/>\n<meta property=\"og:type\" content=\"article\" \/>\n<meta property=\"og:title\" content=\"Enginyeria, Obra civil i Edificaci\u00f3 - iPlan Gesti\u00f3n Integral S.L.\" \/>\n<meta property=\"og:description\" content=\"[vc_row fullwidth=&rdquo;true&rdquo;][vc_column][mk_edge_slider first_el=&rdquo;true&rdquo; swiper_bg=&rdquo;#000000&Prime; order=&rdquo;ASC&rdquo; full_height=&rdquo;false&rdquo; height=&rdquo;550&Prime; animation_effect=&rdquo;fade&rdquo; animation_speed=&rdquo;982&Prime; direction_nav=&rdquo;slit&rdquo; pagination=&rdquo;small_dot_stroke&rdquo; skip_arrow=&rdquo;false&rdquo; visibility=&rdquo;hidden-sm&rdquo; slides=&rdquo;16378, 16380, 16382&Prime;][mk_edge_slider first_el=&rdquo;true&rdquo; swiper_bg=&rdquo;#000000&Prime; order=&rdquo;ASC&rdquo; full_height=&rdquo;false&rdquo; height=&rdquo;250&Prime; animation_effect=&rdquo;fade&rdquo; animation_speed=&rdquo;982&Prime; direction_nav=&rdquo;slit&rdquo; pagination=&rdquo;small_dot_stroke&rdquo; skip_arrow=&rdquo;false&rdquo; visibility=&rdquo;visible-sm&rdquo; slides=&rdquo;16378, 16380, 16382&Prime;][\/vc_column][\/vc_row][vc_row fullwidth=&rdquo;true&rdquo; fullwidth_content=&rdquo;false&rdquo; equal_columns=&rdquo;true&rdquo; column_padding=&rdquo;3&Prime; animation=&rdquo;fade-in&rdquo; css=&rdquo;.vc_custom_1589817191626{padding-top: 50px !important;padding-bottom: 50px !important;background-color: #f0f0f0 !important;}&rdquo;][vc_column css=&rdquo;.vc_custom_1589811493131{background-color: #f0f0f0 !important;}&rdquo;][mk_fancy_title size=&rdquo;20&Prime; font_weight=&rdquo;400&Prime; font_style=&rdquo;normal&rdquo; txt_transform=&rdquo;uppercase&rdquo; margin_top=&rdquo;&rdquo; font_family=&rdquo;none&rdquo; align=&rdquo;center&rdquo;]ENGINYERIA, OBRA CIVIL I [&hellip;]\" \/>\n<meta property=\"og:url\" content=\"https:\/\/iplangestion.com\/ca\/enginyeria-obra-civil-i-edificacio\/\" \/>\n<meta property=\"og:site_name\" content=\"iPlan Gesti\u00f3n Integral S.L.\" \/>\n<meta property=\"article:modified_time\" content=\"2021-10-04T12:30:26+00:00\" \/>\n<meta name=\"twitter:card\" content=\"summary_large_image\" \/>\n<meta name=\"twitter:label1\" content=\"Est. reading time\" \/>\n\t<meta name=\"twitter:data1\" content=\"3 minutes\" \/>\n<script type=\"application\/ld+json\" class=\"yoast-schema-graph\">{\"@context\":\"https:\/\/schema.org\",\"@graph\":[{\"@type\":\"WebPage\",\"@id\":\"https:\/\/iplangestion.com\/ca\/enginyeria-obra-civil-i-edificacio\/\",\"url\":\"https:\/\/iplangestion.com\/ca\/enginyeria-obra-civil-i-edificacio\/\",\"name\":\"Enginyeria, Obra civil i Edificaci\u00f3 - iPlan Gesti\u00f3n Integral S.L.\",\"isPartOf\":{\"@id\":\"https:\/\/iplangestion.com\/#website\"},\"datePublished\":\"2021-01-24T18:09:14+00:00\",\"dateModified\":\"2021-10-04T12:30:26+00:00\",\"breadcrumb\":{\"@id\":\"https:\/\/iplangestion.com\/ca\/enginyeria-obra-civil-i-edificacio\/#breadcrumb\"},\"inLanguage\":\"ca\",\"potentialAction\":[{\"@type\":\"ReadAction\",\"target\":[\"https:\/\/iplangestion.com\/ca\/enginyeria-obra-civil-i-edificacio\/\"]}]},{\"@type\":\"BreadcrumbList\",\"@id\":\"https:\/\/iplangestion.com\/ca\/enginyeria-obra-civil-i-edificacio\/#breadcrumb\",\"itemListElement\":[{\"@type\":\"ListItem\",\"position\":1,\"name\":\"Portada\",\"item\":\"https:\/\/iplangestion.com\/ca\/\"},{\"@type\":\"ListItem\",\"position\":2,\"name\":\"Enginyeria, Obra civil i Edificaci\u00f3\"}]},{\"@type\":\"WebSite\",\"@id\":\"https:\/\/iplangestion.com\/#website\",\"url\":\"https:\/\/iplangestion.com\/\",\"name\":\"iPlan Gesti\u00f3n Integral S.L.\",\"description\":\"Gesti\u00f3n integral de proyectos\",\"potentialAction\":[{\"@type\":\"SearchAction\",\"target\":{\"@type\":\"EntryPoint\",\"urlTemplate\":\"https:\/\/iplangestion.com\/?s={search_term_string}\"},\"query-input\":{\"@type\":\"PropertyValueSpecification\",\"valueRequired\":true,\"valueName\":\"search_term_string\"}}],\"inLanguage\":\"ca\"}]}<\/script>\n<!-- \/ Yoast SEO plugin. -->","yoast_head_json":{"title":"Enginyeria, Obra civil i Edificaci\u00f3 - iPlan Gesti\u00f3n Integral S.L.","robots":{"index":"index","follow":"follow","max-snippet":"max-snippet:-1","max-image-preview":"max-image-preview:large","max-video-preview":"max-video-preview:-1"},"canonical":"https:\/\/iplangestion.com\/ca\/enginyeria-obra-civil-i-edificacio\/","og_locale":"ca_ES","og_type":"article","og_title":"Enginyeria, Obra civil i Edificaci\u00f3 - iPlan Gesti\u00f3n Integral S.L.","og_description":"[vc_row fullwidth=&rdquo;true&rdquo;][vc_column][mk_edge_slider first_el=&rdquo;true&rdquo; swiper_bg=&rdquo;#000000&Prime; order=&rdquo;ASC&rdquo; full_height=&rdquo;false&rdquo; height=&rdquo;550&Prime; animation_effect=&rdquo;fade&rdquo; animation_speed=&rdquo;982&Prime; direction_nav=&rdquo;slit&rdquo; pagination=&rdquo;small_dot_stroke&rdquo; skip_arrow=&rdquo;false&rdquo; visibility=&rdquo;hidden-sm&rdquo; slides=&rdquo;16378, 16380, 16382&Prime;][mk_edge_slider first_el=&rdquo;true&rdquo; swiper_bg=&rdquo;#000000&Prime; order=&rdquo;ASC&rdquo; full_height=&rdquo;false&rdquo; height=&rdquo;250&Prime; animation_effect=&rdquo;fade&rdquo; animation_speed=&rdquo;982&Prime; direction_nav=&rdquo;slit&rdquo; pagination=&rdquo;small_dot_stroke&rdquo; skip_arrow=&rdquo;false&rdquo; visibility=&rdquo;visible-sm&rdquo; slides=&rdquo;16378, 16380, 16382&Prime;][\/vc_column][\/vc_row][vc_row fullwidth=&rdquo;true&rdquo; fullwidth_content=&rdquo;false&rdquo; equal_columns=&rdquo;true&rdquo; column_padding=&rdquo;3&Prime; animation=&rdquo;fade-in&rdquo; css=&rdquo;.vc_custom_1589817191626{padding-top: 50px !important;padding-bottom: 50px !important;background-color: #f0f0f0 !important;}&rdquo;][vc_column css=&rdquo;.vc_custom_1589811493131{background-color: #f0f0f0 !important;}&rdquo;][mk_fancy_title size=&rdquo;20&Prime; font_weight=&rdquo;400&Prime; font_style=&rdquo;normal&rdquo; txt_transform=&rdquo;uppercase&rdquo; margin_top=&rdquo;&rdquo; font_family=&rdquo;none&rdquo; align=&rdquo;center&rdquo;]ENGINYERIA, OBRA CIVIL I [&hellip;]","og_url":"https:\/\/iplangestion.com\/ca\/enginyeria-obra-civil-i-edificacio\/","og_site_name":"iPlan Gesti\u00f3n Integral S.L.","article_modified_time":"2021-10-04T12:30:26+00:00","twitter_card":"summary_large_image","twitter_misc":{"Est. reading time":"3 minutes"},"schema":{"@context":"https:\/\/schema.org","@graph":[{"@type":"WebPage","@id":"https:\/\/iplangestion.com\/ca\/enginyeria-obra-civil-i-edificacio\/","url":"https:\/\/iplangestion.com\/ca\/enginyeria-obra-civil-i-edificacio\/","name":"Enginyeria, Obra civil i Edificaci\u00f3 - iPlan Gesti\u00f3n Integral S.L.","isPartOf":{"@id":"https:\/\/iplangestion.com\/#website"},"datePublished":"2021-01-24T18:09:14+00:00","dateModified":"2021-10-04T12:30:26+00:00","breadcrumb":{"@id":"https:\/\/iplangestion.com\/ca\/enginyeria-obra-civil-i-edificacio\/#breadcrumb"},"inLanguage":"ca","potentialAction":[{"@type":"ReadAction","target":["https:\/\/iplangestion.com\/ca\/enginyeria-obra-civil-i-edificacio\/"]}]},{"@type":"BreadcrumbList","@id":"https:\/\/iplangestion.com\/ca\/enginyeria-obra-civil-i-edificacio\/#breadcrumb","itemListElement":[{"@type":"ListItem","position":1,"name":"Portada","item":"https:\/\/iplangestion.com\/ca\/"},{"@type":"ListItem","position":2,"name":"Enginyeria, Obra civil i Edificaci\u00f3"}]},{"@type":"WebSite","@id":"https:\/\/iplangestion.com\/#website","url":"https:\/\/iplangestion.com\/","name":"iPlan Gesti\u00f3n Integral S.L.","description":"Gesti\u00f3n integral de proyectos","potentialAction":[{"@type":"SearchAction","target":{"@type":"EntryPoint","urlTemplate":"https:\/\/iplangestion.com\/?s={search_term_string}"},"query-input":{"@type":"PropertyValueSpecification","valueRequired":true,"valueName":"search_term_string"}}],"inLanguage":"ca"}]}},"_links":{"self":[{"href":"https:\/\/iplangestion.com\/ca\/wp-json\/wp\/v2\/pages\/16435","targetHints":{"allow":["GET"]}}],"collection":[{"href":"https:\/\/iplangestion.com\/ca\/wp-json\/wp\/v2\/pages"}],"about":[{"href":"https:\/\/iplangestion.com\/ca\/wp-json\/wp\/v2\/types\/page"}],"author":[{"embeddable":true,"href":"https:\/\/iplangestion.com\/ca\/wp-json\/wp\/v2\/users\/222"}],"replies":[{"embeddable":true,"href":"https:\/\/iplangestion.com\/ca\/wp-json\/wp\/v2\/comments?post=16435"}],"version-history":[{"count":0,"href":"https:\/\/iplangestion.com\/ca\/wp-json\/wp\/v2\/pages\/16435\/revisions"}],"wp:attachment":[{"href":"https:\/\/iplangestion.com\/ca\/wp-json\/wp\/v2\/media?parent=16435"}],"curies":[{"name":"wp","href":"https:\/\/api.w.org\/{rel}","templated":true}]}}