{"id":16434,"date":"2021-01-24T18:09:14","date_gmt":"2021-01-24T18:09:14","guid":{"rendered":"https:\/\/www.iplangestion.com\/enginyeria-i-legalitzacions\/"},"modified":"2021-10-04T12:42:12","modified_gmt":"2021-10-04T12:42:12","slug":"enginyeria-i-legalitzacions","status":"publish","type":"page","link":"https:\/\/iplangestion.com\/ca\/enginyeria-i-legalitzacions\/","title":{"rendered":"Enginyeria i Legalitzacions"},"content":{"rendered":"<div class=\"wpb-content-wrapper\">[vc_row fullwidth=&#8221;true&#8221;][vc_column][mk_edge_slider first_el=&#8221;true&#8221; swiper_bg=&#8221;#000000&#8243; order=&#8221;ASC&#8221; full_height=&#8221;false&#8221; height=&#8221;550&#8243; animation_effect=&#8221;fade&#8221; animation_speed=&#8221;982&#8243; direction_nav=&#8221;slit&#8221; pagination=&#8221;small_dot_stroke&#8221; skip_arrow=&#8221;false&#8221; visibility=&#8221;hidden-sm&#8221; slides=&#8221;16567&#8243;][mk_edge_slider first_el=&#8221;true&#8221; swiper_bg=&#8221;#000000&#8243; order=&#8221;ASC&#8221; full_height=&#8221;false&#8221; height=&#8221;250&#8243; animation_effect=&#8221;fade&#8221; animation_speed=&#8221;982&#8243; direction_nav=&#8221;slit&#8221; pagination=&#8221;small_dot_stroke&#8221; skip_arrow=&#8221;false&#8221; visibility=&#8221;visible-sm&#8221; slides=&#8221;16567&#8243;][\/vc_column][\/vc_row][vc_row fullwidth=&#8221;true&#8221; fullwidth_content=&#8221;false&#8221; equal_columns=&#8221;true&#8221; column_padding=&#8221;3&#8243; animation=&#8221;fade-in&#8221; css=&#8221;.vc_custom_1589817191626{padding-top: 50px !important;padding-bottom: 50px !important;background-color: #f0f0f0 !important;}&#8221;][vc_column css=&#8221;.vc_custom_1589811493131{background-color: #f0f0f0 !important;}&#8221;][mk_fancy_title size=&#8221;20&#8243; font_weight=&#8221;400&#8243; font_style=&#8221;normal&#8221; txt_transform=&#8221;uppercase&#8221; margin_top=&#8221;&#8221; font_family=&#8221;none&#8221; align=&#8221;center&#8221;]ENGINYERIA I LEGALITZACIONS[\/mk_fancy_title][vc_column_text align=&#8221;center&#8221; css=&#8221;.vc_custom_1607876345987{margin-bottom: 0px !important;padding-right: 40px !important;padding-left: 40px !important;}&#8221;]Iplan Gesti\u00f3n Integral S.L. realitza totes les gestions i tramitacions necess\u00e0ries per a aconseguir amb \u00e8xit la legalitzaci\u00f3 d&#8217;instal\u00b7lacions, aportant un assessorament especialitzat per a la seva implantaci\u00f3 legal en el territori, confrontant aspectes tan importants per a la viabilitat d&#8217;un projecte t\u00e8cnic com s\u00f3n el dret urban\u00edstic, dret medi ambiental, dret de l&#8217;energia i propietat privada, entre altres aspectes sectorials d&#8217;aplicaci\u00f3 directa.<\/p>\n<p>Iplan Gesti\u00f3n Integral S.L. ofereix un extens coneixement i llarga experi\u00e8ncia en la preparaci\u00f3, revisi\u00f3 i gesti\u00f3, d\u2019entre altres, les seg\u00fcents actuacions:[\/vc_column_text][\/vc_column][\/vc_row][vc_row attached=&#8221;true&#8221;][vc_column width=&#8221;1\/3&#8243;][vc_raw_html]JTNDYSUyMGhyZWYlM0QlMjIlMjNsZWdhbGl6YWNpb25lcyUyMiUzRSUwQQ==[\/vc_raw_html][mk_image_switch src_first=&#8221;https:\/\/iplangestion.com\/wp-content\/uploads\/legalitzacions-assessorament-juridic-1-1.png&#8221; src_second=&#8221;https:\/\/iplangestion.com\/wp-content\/uploads\/legalitzacions-assessorament-juridic-hover.png&#8221; image_width=&#8221;300&#8243; image_height=&#8221;&#8221; align=&#8221;right&#8221; visibility=&#8221;hidden-sm&#8221;][mk_image_switch src_first=&#8221;https:\/\/iplangestion.com\/wp-content\/uploads\/legalitzacions-assessorament-juridic-1-1.png&#8221; src_second=&#8221;https:\/\/iplangestion.com\/wp-content\/uploads\/legalitzacions-assessorament-juridic-hover.png&#8221; image_width=&#8221;300&#8243; image_height=&#8221;&#8221; align=&#8221;center&#8221; visibility=&#8221;visible-sm&#8221;][vc_raw_html]JTNDJTJGYSUzRQ==[\/vc_raw_html][\/vc_column][vc_column width=&#8221;1\/3&#8243;][vc_raw_html]JTNDYSUyMGhyZWYlM0QlMjIlMjNnZXN0aW9uJTIyJTNFJTBB[\/vc_raw_html][mk_image_switch src_first=&#8221;https:\/\/www.iplangestion.com\/wp-content\/uploads\/gestio-de-la-relacio-de-bens-i-drets-afectats-rbda-1-1.png&#8221; src_second=&#8221;https:\/\/www.iplangestion.com\/wp-content\/uploads\/gestio-de-la-relacio-de-bens-i-drets-afectats-rbda-hover.png&#8221; image_width=&#8221;300&#8243; image_height=&#8221;&#8221; align=&#8221;center&#8221;][vc_raw_html]JTNDJTJGYSUzRQ==[\/vc_raw_html][\/vc_column][vc_column width=&#8221;1\/3&#8243;][vc_raw_html]JTNDYSUyMGhyZWYlM0QlMjIlMjNwcm9jZWRpbWllbnRvJTIyJTNFJTBB[\/vc_raw_html][mk_image_switch src_first=&#8221;https:\/\/www.iplangestion.com\/wp-content\/uploads\/procediment-dexpropiacio.png&#8221; src_second=&#8221;https:\/\/www.iplangestion.com\/wp-content\/uploads\/procediment-dexpropiacio-hover.png&#8221; image_width=&#8221;300&#8243; image_height=&#8221;&#8221; visibility=&#8221;hidden-sm&#8221;][mk_image_switch src_first=&#8221;https:\/\/www.iplangestion.com\/wp-content\/uploads\/procediment-dexpropiacio.png&#8221; src_second=&#8221;https:\/\/www.iplangestion.com\/wp-content\/uploads\/procediment-dexpropiacio-hover.png&#8221; image_width=&#8221;300&#8243; image_height=&#8221;&#8221; align=&#8221;center&#8221; visibility=&#8221;visible-sm&#8221;][vc_raw_html]JTNDJTJGYSUzRQ==[\/vc_raw_html][\/vc_column][\/vc_row][vc_row][vc_column][mk_fancy_title size=&#8221;20&#8243; font_weight=&#8221;400&#8243; font_style=&#8221;normal&#8221; txt_transform=&#8221;uppercase&#8221; margin_top=&#8221;50&#8243; font_family=&#8221;none&#8221; align=&#8221;center&#8221;]\n<p style=\"text-align: center;\">Clients que confien en nosaltres<\/p>\n[\/mk_fancy_title][vc_row_inner][vc_column_inner][mk_clients height=&#8221;155&#8243; clients=&#8221;24172, 24167, 24163, 24159, 24192, 24114, 24110, 24090, 24086&#8243;][\/vc_column_inner][\/vc_row_inner][\/vc_column][\/vc_row][vc_row fullwidth=&#8221;true&#8221;][vc_column][mk_padding_divider][mk_fancy_title color=&#8221;#ffffff&#8221; size=&#8221;22&#8243; margin_top=&#8221;15&#8243; margin_bottom=&#8221;0&#8243; font_family=&#8221;none&#8221;]\n<p id=\"legalizaciones\">.<\/p>\n[\/mk_fancy_title][\/vc_column][\/vc_row][vc_row fullwidth=&#8221;true&#8221; css=&#8221;.vc_custom_1603725307746{background-color: #4e4e4e !important;}&#8221;][vc_column][mk_fancy_title color=&#8221;#ffffff&#8221; size=&#8221;22&#8243; margin_top=&#8221;15&#8243; margin_bottom=&#8221;0&#8243; font_family=&#8221;none&#8221;]\n<p style=\"text-align: center;\">LEGALITZACIONS &#8211; ASSESSORAMENT JUR\u00cdDIC<\/p>\n[\/mk_fancy_title][\/vc_column][\/vc_row][vc_row][vc_column][mk_padding_divider][vc_column_text css=&#8221;.vc_custom_1607876462259{margin-bottom: 0px !important;}&#8221;]Iplan Gesti\u00f3n Integral de S.L. prepara la documentaci\u00f3 precisa i efectua les gestions necess\u00e0ries per assegurar l&#8217;\u00e8xit en el proc\u00e9s de:<\/p>\n<p>&#8211; Tramitaci\u00f3 i legalitzaci\u00f3 de projectes davant l\u2019Administraci\u00f3 energ\u00e8tica.<br \/>\n&#8211; Tramitaci\u00f3 i assessorament en dret urban\u00edstic per a la implantaci\u00f3 del projecte dins del territori.<br \/>\n&#8211; Tramitaci\u00f3 i assessorament jur\u00eddic en el procediment d\u2019avaluaci\u00f3 ambiental de projectes.<br \/>\n&#8211; Gesti\u00f3 i tramitaci\u00f3 de llic\u00e8ncies urban\u00edstiques.<br \/>\n&#8211; Assessorament t\u00e8cnic i legal en la viabilitat de projectes.<br \/>\n&#8211; Planificaci\u00f3 dels procediments legals per a l\u2019execuci\u00f3 d\u2019un projecte.[\/vc_column_text][mk_fancy_title size=&#8221;20&#8243; font_weight=&#8221;400&#8243; font_style=&#8221;normal&#8221; txt_transform=&#8221;uppercase&#8221; margin_top=&#8221;40&#8243; font_family=&#8221;none&#8221; align=&#8221;center&#8221;]Proyectes revellants[\/mk_fancy_title][\/vc_column][\/vc_row][vc_row][vc_column][mk_blog style=&#8221;thumbnail&#8221; post_count=&#8221;3&#8243; pagination=&#8221;false&#8221; cat=&#8221;207&#8243;][\/vc_column][\/vc_row][vc_row fullwidth=&#8221;true&#8221;][vc_column][mk_padding_divider][mk_fancy_title color=&#8221;#ffffff&#8221; size=&#8221;22&#8243; margin_top=&#8221;15&#8243; margin_bottom=&#8221;0&#8243; font_family=&#8221;none&#8221;]\n<p id=\"gestion\">.<\/p>\n[\/mk_fancy_title][\/vc_column][\/vc_row][vc_row fullwidth=&#8221;true&#8221; css=&#8221;.vc_custom_1603725307746{background-color: #4e4e4e !important;}&#8221;][vc_column][mk_fancy_title color=&#8221;#ffffff&#8221; size=&#8221;22&#8243; margin_top=&#8221;15&#8243; margin_bottom=&#8221;0&#8243; font_family=&#8221;none&#8221;]\n<p style=\"text-align: center;\">GESTI\u00d3 DE LA RELACI\u00d3 DE BENS i DRETS AFECTATS (RBDA)<\/p>\n[\/mk_fancy_title][\/vc_column][\/vc_row][vc_row][vc_column][mk_padding_divider][vc_column_text css=&#8221;.vc_custom_1607876547239{margin-bottom: 0px !important;}&#8221;]Iplan Gesti\u00f3n Integral S.L. disposa de personal especialitzat i amb \u00e0mplia experi\u00e8ncia en la preparaci\u00f3, revisi\u00f3 i gesti\u00f3 d\u2019entre altres, les seg\u00fcents actuacions:[\/vc_column_text][vc_row_inner][vc_column_inner width=&#8221;1\/2&#8243;][vc_column_text css=&#8221;.vc_custom_1610031936902{margin-bottom: 0px !important;}&#8221;]\n<p>&#8211; Elaboraci\u00f3 de la relaci\u00f3 de\u00a0b\u00e9ns\u00a0i\u00a0drets<\/p>\n<p style=\"padding-left: 40px;\">&#8211; Tra\u00e7at sobre pl\u00e0nols cadastrals \/ Delineaci\u00f3<br \/>\n&#8211; Investigaci\u00f3 de la propietat<br \/>\n&#8211; Obtenci\u00f3 de certificats cadastrals<br \/>\n&#8211; Depuraci\u00f3 de la relaci\u00f3 de b\u00e9ns i drets afectats<br \/>\n&#8211; Elaboraci\u00f3 de fitxes de camp<br \/>\n&#8211; Valoracions del s\u00f2l<br \/>\n&#8211; Proposta de barem de preus per a la negociaci\u00f3 de mutu acord.<\/p>\n[\/vc_column_text][\/vc_column_inner][vc_column_inner width=&#8221;1\/2&#8243;][vc_column_text css=&#8221;.vc_custom_1610031950397{margin-bottom: 0px !important;}&#8221;]\n<p>&#8211; Gesti\u00f3 del mutu acord<\/p>\n<p style=\"padding-left: 40px;\">&#8211; Localitzaci\u00f3 de parcel\u00b7les<br \/>\n&#8211; Investigaci\u00f3 de propietaris<br \/>\n&#8211; Negociaci\u00f3 del perm\u00eds particular<br \/>\n&#8211; Estudi de preus<br \/>\n&#8211; Estudi del t\u00edtol jur\u00eddic per a la implantaci\u00f3 de la infraestructura (compravenda, servitud, cessi\u00f3 de terreny, dret de superf\u00edcie, etc.).<br \/>\n&#8211; Redacci\u00f3 del contracte del mutu acord amb els particulars afectats.<br \/>\n&#8211; Revisi\u00f3 de titularitats i c\u00e0rregues registrals. Firma de l&#8217;acord<br \/>\n&#8211; Formalitzaci\u00f3 del pagament de les indemnitzacions.<\/p>\n<p>&#8211; Assist\u00e8ncia pericial en fase pr\u00e8via, durant i posterior a l&#8217;obra.<\/p>\n[\/vc_column_text][\/vc_column_inner][\/vc_row_inner][mk_fancy_title size=&#8221;20&#8243; font_weight=&#8221;400&#8243; font_style=&#8221;normal&#8221; txt_transform=&#8221;uppercase&#8221; margin_top=&#8221;40&#8243; font_family=&#8221;none&#8221; align=&#8221;center&#8221;]Proyectes revellants[\/mk_fancy_title][\/vc_column][\/vc_row][vc_row][vc_column][mk_blog style=&#8221;thumbnail&#8221; post_count=&#8221;3&#8243; pagination=&#8221;false&#8221; cat=&#8221;209&#8243;][\/vc_column][\/vc_row][vc_row][vc_column][mk_padding_divider][mk_fancy_title color=&#8221;#ffffff&#8221; size=&#8221;22&#8243; margin_top=&#8221;15&#8243; margin_bottom=&#8221;0&#8243; font_family=&#8221;none&#8221;]\n<p id=\"procedimiento\">.<\/p>\n[\/mk_fancy_title][\/vc_column][\/vc_row][vc_row fullwidth=&#8221;true&#8221; css=&#8221;.vc_custom_1603725307746{background-color: #4e4e4e !important;}&#8221;][vc_column][mk_fancy_title color=&#8221;#ffffff&#8221; size=&#8221;22&#8243; margin_top=&#8221;15&#8243; margin_bottom=&#8221;0&#8243; font_family=&#8221;none&#8221;]\n<p style=\"text-align: center;\">PROCEDIMIENT D\u2019EXPROPIACI\u00d3<\/p>\n[\/mk_fancy_title][\/vc_column][\/vc_row][vc_row][vc_column][mk_padding_divider][vc_column_text css=&#8221;.vc_custom_1607876729595{margin-bottom: 0px !important;}&#8221;]Iplan Gesti\u00f3n Integral S.L., prepara la documentaci\u00f3 precisa i efectua les gestions necess\u00e0ries per assegurar l&#8217;\u00e8xit en tot el proc\u00e9s d\u2019expropiaci\u00f3:[\/vc_column_text][vc_row_inner][vc_column_inner width=&#8221;1\/2&#8243;][vc_column_text css=&#8221;.vc_custom_1607876779716{margin-bottom: 0px !important;}&#8221;]- Assist\u00e8ncia t\u00e8cnica i jur\u00eddica en el procediment d&#8217;expropiaci\u00f3 for\u00e7osa.<br \/>\n&#8211; Incoaci\u00f3 de l&#8217;expedient d&#8217;expropiaci\u00f3.<br \/>\n&#8211; Proposta de convocat\u00f2ria. Revisi\u00f3 de finques afectades.<br \/>\n&#8211; Descripci\u00f3 de la servitud i del ple domini de la propietat.<br \/>\n&#8211; C\u00e0lcul de dip\u00f2sits previs i perjudicis per r\u00e0pida ocupaci\u00f3. Aixecament d&#8217;Actes Pr\u00e8vies, Actes d&#8217;Ocupaci\u00f3, Actes de Mutu\u00a0 Acord i Actes de Pagament.[\/vc_column_text][\/vc_column_inner][vc_column_inner width=&#8221;1\/2&#8243;][vc_column_text css=&#8221;.vc_custom_1607876812190{margin-bottom: 0px !important;}&#8221;]- Consignacions.<br \/>\n&#8211; Preparaci\u00f3 d&#8217;expedients per a la seva remissi\u00f3 al Ministeri Fiscal.<br \/>\n&#8211; Estudi i redacci\u00f3 de fulls de preu just.<br \/>\n&#8211; Preparaci\u00f3 de recursos a les resolucions del jurat d&#8217;expropiaci\u00f3 for\u00e7osa.<br \/>\n&#8211; C\u00e0lcul d&#8217;interessos de demora.<br \/>\n&#8211; Inscripcions al Registre de la Propietat.[\/vc_column_text][\/vc_column_inner][\/vc_row_inner][mk_fancy_title size=&#8221;20&#8243; font_weight=&#8221;400&#8243; font_style=&#8221;normal&#8221; txt_transform=&#8221;uppercase&#8221; margin_top=&#8221;40&#8243; font_family=&#8221;none&#8221; align=&#8221;center&#8221;]Proyectes revellants[\/mk_fancy_title][\/vc_column][\/vc_row][vc_row][vc_column][mk_blog style=&#8221;thumbnail&#8221; post_count=&#8221;3&#8243; pagination=&#8221;false&#8221; cat=&#8221;210&#8243;][\/vc_column][\/vc_row][vc_row][vc_column][mk_padding_divider][\/vc_column][\/vc_row]\n<\/div>","protected":false},"excerpt":{"rendered":"<p>[vc_row fullwidth=&rdquo;true&rdquo;][vc_column][mk_edge_slider first_el=&rdquo;true&rdquo; swiper_bg=&rdquo;#000000&Prime; order=&rdquo;ASC&rdquo; full_height=&rdquo;false&rdquo; height=&rdquo;550&Prime; animation_effect=&rdquo;fade&rdquo; animation_speed=&rdquo;982&Prime; direction_nav=&rdquo;slit&rdquo; pagination=&rdquo;small_dot_stroke&rdquo; skip_arrow=&rdquo;false&rdquo; visibility=&rdquo;hidden-sm&rdquo; slides=&rdquo;16567&Prime;][mk_edge_slider first_el=&rdquo;true&rdquo; swiper_bg=&rdquo;#000000&Prime; order=&rdquo;ASC&rdquo; full_height=&rdquo;false&rdquo; height=&rdquo;250&Prime; animation_effect=&rdquo;fade&rdquo; animation_speed=&rdquo;982&Prime; direction_nav=&rdquo;slit&rdquo; pagination=&rdquo;small_dot_stroke&rdquo; skip_arrow=&rdquo;false&rdquo; visibility=&rdquo;visible-sm&rdquo; slides=&rdquo;16567&Prime;][\/vc_column][\/vc_row][vc_row fullwidth=&rdquo;true&rdquo; fullwidth_content=&rdquo;false&rdquo; equal_columns=&rdquo;true&rdquo; column_padding=&rdquo;3&Prime; animation=&rdquo;fade-in&rdquo; css=&rdquo;.vc_custom_1589817191626{padding-top: 50px !important;padding-bottom: 50px !important;background-color: #f0f0f0 !important;}&rdquo;][vc_column css=&rdquo;.vc_custom_1589811493131{background-color: #f0f0f0 !important;}&rdquo;][mk_fancy_title size=&rdquo;20&Prime; font_weight=&rdquo;400&Prime; font_style=&rdquo;normal&rdquo; txt_transform=&rdquo;uppercase&rdquo; margin_top=&rdquo;&rdquo; font_family=&rdquo;none&rdquo; align=&rdquo;center&rdquo;]ENGINYERIA I LEGALITZACIONS[\/mk_fancy_title][vc_column_text align=&rdquo;center&rdquo; css=&rdquo;.vc_custom_1607876345987{margin-bottom: 0px !important;padding-right: 40px [&hellip;]<\/p>\n","protected":false},"author":222,"featured_media":0,"parent":0,"menu_order":0,"comment_status":"open","ping_status":"open","template":"","meta":{"footnotes":""},"class_list":["post-16434","page","type-page","status-publish","hentry"],"yoast_head":"<!-- This site is optimized with the Yoast SEO plugin v26.8 - https:\/\/yoast.com\/product\/yoast-seo-wordpress\/ -->\n<title>Enginyeria i Legalitzacions - iPlan Gesti\u00f3n Integral S.L.<\/title>\n<meta name=\"robots\" content=\"index, follow, max-snippet:-1, max-image-preview:large, max-video-preview:-1\" \/>\n<link rel=\"canonical\" href=\"https:\/\/iplangestion.com\/ca\/enginyeria-i-legalitzacions\/\" \/>\n<meta property=\"og:locale\" content=\"ca_ES\" \/>\n<meta property=\"og:type\" content=\"article\" \/>\n<meta property=\"og:title\" content=\"Enginyeria i Legalitzacions - iPlan Gesti\u00f3n Integral S.L.\" \/>\n<meta property=\"og:description\" content=\"[vc_row fullwidth=&rdquo;true&rdquo;][vc_column][mk_edge_slider first_el=&rdquo;true&rdquo; swiper_bg=&rdquo;#000000&Prime; order=&rdquo;ASC&rdquo; full_height=&rdquo;false&rdquo; height=&rdquo;550&Prime; animation_effect=&rdquo;fade&rdquo; animation_speed=&rdquo;982&Prime; direction_nav=&rdquo;slit&rdquo; pagination=&rdquo;small_dot_stroke&rdquo; skip_arrow=&rdquo;false&rdquo; visibility=&rdquo;hidden-sm&rdquo; slides=&rdquo;16567&Prime;][mk_edge_slider first_el=&rdquo;true&rdquo; swiper_bg=&rdquo;#000000&Prime; order=&rdquo;ASC&rdquo; full_height=&rdquo;false&rdquo; height=&rdquo;250&Prime; animation_effect=&rdquo;fade&rdquo; animation_speed=&rdquo;982&Prime; direction_nav=&rdquo;slit&rdquo; pagination=&rdquo;small_dot_stroke&rdquo; skip_arrow=&rdquo;false&rdquo; visibility=&rdquo;visible-sm&rdquo; slides=&rdquo;16567&Prime;][\/vc_column][\/vc_row][vc_row fullwidth=&rdquo;true&rdquo; fullwidth_content=&rdquo;false&rdquo; equal_columns=&rdquo;true&rdquo; column_padding=&rdquo;3&Prime; animation=&rdquo;fade-in&rdquo; css=&rdquo;.vc_custom_1589817191626{padding-top: 50px !important;padding-bottom: 50px !important;background-color: #f0f0f0 !important;}&rdquo;][vc_column css=&rdquo;.vc_custom_1589811493131{background-color: #f0f0f0 !important;}&rdquo;][mk_fancy_title size=&rdquo;20&Prime; font_weight=&rdquo;400&Prime; font_style=&rdquo;normal&rdquo; txt_transform=&rdquo;uppercase&rdquo; margin_top=&rdquo;&rdquo; font_family=&rdquo;none&rdquo; align=&rdquo;center&rdquo;]ENGINYERIA I LEGALITZACIONS[\/mk_fancy_title][vc_column_text align=&rdquo;center&rdquo; css=&rdquo;.vc_custom_1607876345987{margin-bottom: 0px !important;padding-right: 40px [&hellip;]\" \/>\n<meta property=\"og:url\" content=\"https:\/\/iplangestion.com\/ca\/enginyeria-i-legalitzacions\/\" \/>\n<meta property=\"og:site_name\" content=\"iPlan Gesti\u00f3n Integral S.L.\" \/>\n<meta property=\"article:modified_time\" content=\"2021-10-04T12:42:12+00:00\" \/>\n<meta name=\"twitter:card\" content=\"summary_large_image\" \/>\n<meta name=\"twitter:label1\" content=\"Est. reading time\" \/>\n\t<meta name=\"twitter:data1\" content=\"3 minutes\" \/>\n<script type=\"application\/ld+json\" class=\"yoast-schema-graph\">{\"@context\":\"https:\/\/schema.org\",\"@graph\":[{\"@type\":\"WebPage\",\"@id\":\"https:\/\/iplangestion.com\/ca\/enginyeria-i-legalitzacions\/\",\"url\":\"https:\/\/iplangestion.com\/ca\/enginyeria-i-legalitzacions\/\",\"name\":\"Enginyeria i Legalitzacions - iPlan Gesti\u00f3n Integral S.L.\",\"isPartOf\":{\"@id\":\"https:\/\/iplangestion.com\/#website\"},\"datePublished\":\"2021-01-24T18:09:14+00:00\",\"dateModified\":\"2021-10-04T12:42:12+00:00\",\"breadcrumb\":{\"@id\":\"https:\/\/iplangestion.com\/ca\/enginyeria-i-legalitzacions\/#breadcrumb\"},\"inLanguage\":\"ca\",\"potentialAction\":[{\"@type\":\"ReadAction\",\"target\":[\"https:\/\/iplangestion.com\/ca\/enginyeria-i-legalitzacions\/\"]}]},{\"@type\":\"BreadcrumbList\",\"@id\":\"https:\/\/iplangestion.com\/ca\/enginyeria-i-legalitzacions\/#breadcrumb\",\"itemListElement\":[{\"@type\":\"ListItem\",\"position\":1,\"name\":\"Portada\",\"item\":\"https:\/\/iplangestion.com\/ca\/\"},{\"@type\":\"ListItem\",\"position\":2,\"name\":\"Enginyeria i Legalitzacions\"}]},{\"@type\":\"WebSite\",\"@id\":\"https:\/\/iplangestion.com\/#website\",\"url\":\"https:\/\/iplangestion.com\/\",\"name\":\"iPlan Gesti\u00f3n Integral S.L.\",\"description\":\"Gesti\u00f3n integral de proyectos\",\"potentialAction\":[{\"@type\":\"SearchAction\",\"target\":{\"@type\":\"EntryPoint\",\"urlTemplate\":\"https:\/\/iplangestion.com\/?s={search_term_string}\"},\"query-input\":{\"@type\":\"PropertyValueSpecification\",\"valueRequired\":true,\"valueName\":\"search_term_string\"}}],\"inLanguage\":\"ca\"}]}<\/script>\n<!-- \/ Yoast SEO plugin. -->","yoast_head_json":{"title":"Enginyeria i Legalitzacions - iPlan Gesti\u00f3n Integral S.L.","robots":{"index":"index","follow":"follow","max-snippet":"max-snippet:-1","max-image-preview":"max-image-preview:large","max-video-preview":"max-video-preview:-1"},"canonical":"https:\/\/iplangestion.com\/ca\/enginyeria-i-legalitzacions\/","og_locale":"ca_ES","og_type":"article","og_title":"Enginyeria i Legalitzacions - iPlan Gesti\u00f3n Integral S.L.","og_description":"[vc_row fullwidth=&rdquo;true&rdquo;][vc_column][mk_edge_slider first_el=&rdquo;true&rdquo; swiper_bg=&rdquo;#000000&Prime; order=&rdquo;ASC&rdquo; full_height=&rdquo;false&rdquo; height=&rdquo;550&Prime; animation_effect=&rdquo;fade&rdquo; animation_speed=&rdquo;982&Prime; direction_nav=&rdquo;slit&rdquo; pagination=&rdquo;small_dot_stroke&rdquo; skip_arrow=&rdquo;false&rdquo; visibility=&rdquo;hidden-sm&rdquo; slides=&rdquo;16567&Prime;][mk_edge_slider first_el=&rdquo;true&rdquo; swiper_bg=&rdquo;#000000&Prime; order=&rdquo;ASC&rdquo; full_height=&rdquo;false&rdquo; height=&rdquo;250&Prime; animation_effect=&rdquo;fade&rdquo; animation_speed=&rdquo;982&Prime; direction_nav=&rdquo;slit&rdquo; pagination=&rdquo;small_dot_stroke&rdquo; skip_arrow=&rdquo;false&rdquo; visibility=&rdquo;visible-sm&rdquo; slides=&rdquo;16567&Prime;][\/vc_column][\/vc_row][vc_row fullwidth=&rdquo;true&rdquo; fullwidth_content=&rdquo;false&rdquo; equal_columns=&rdquo;true&rdquo; column_padding=&rdquo;3&Prime; animation=&rdquo;fade-in&rdquo; css=&rdquo;.vc_custom_1589817191626{padding-top: 50px !important;padding-bottom: 50px !important;background-color: #f0f0f0 !important;}&rdquo;][vc_column css=&rdquo;.vc_custom_1589811493131{background-color: #f0f0f0 !important;}&rdquo;][mk_fancy_title size=&rdquo;20&Prime; font_weight=&rdquo;400&Prime; font_style=&rdquo;normal&rdquo; txt_transform=&rdquo;uppercase&rdquo; margin_top=&rdquo;&rdquo; font_family=&rdquo;none&rdquo; align=&rdquo;center&rdquo;]ENGINYERIA I LEGALITZACIONS[\/mk_fancy_title][vc_column_text align=&rdquo;center&rdquo; css=&rdquo;.vc_custom_1607876345987{margin-bottom: 0px !important;padding-right: 40px [&hellip;]","og_url":"https:\/\/iplangestion.com\/ca\/enginyeria-i-legalitzacions\/","og_site_name":"iPlan Gesti\u00f3n Integral S.L.","article_modified_time":"2021-10-04T12:42:12+00:00","twitter_card":"summary_large_image","twitter_misc":{"Est. reading time":"3 minutes"},"schema":{"@context":"https:\/\/schema.org","@graph":[{"@type":"WebPage","@id":"https:\/\/iplangestion.com\/ca\/enginyeria-i-legalitzacions\/","url":"https:\/\/iplangestion.com\/ca\/enginyeria-i-legalitzacions\/","name":"Enginyeria i Legalitzacions - iPlan Gesti\u00f3n Integral S.L.","isPartOf":{"@id":"https:\/\/iplangestion.com\/#website"},"datePublished":"2021-01-24T18:09:14+00:00","dateModified":"2021-10-04T12:42:12+00:00","breadcrumb":{"@id":"https:\/\/iplangestion.com\/ca\/enginyeria-i-legalitzacions\/#breadcrumb"},"inLanguage":"ca","potentialAction":[{"@type":"ReadAction","target":["https:\/\/iplangestion.com\/ca\/enginyeria-i-legalitzacions\/"]}]},{"@type":"BreadcrumbList","@id":"https:\/\/iplangestion.com\/ca\/enginyeria-i-legalitzacions\/#breadcrumb","itemListElement":[{"@type":"ListItem","position":1,"name":"Portada","item":"https:\/\/iplangestion.com\/ca\/"},{"@type":"ListItem","position":2,"name":"Enginyeria i Legalitzacions"}]},{"@type":"WebSite","@id":"https:\/\/iplangestion.com\/#website","url":"https:\/\/iplangestion.com\/","name":"iPlan Gesti\u00f3n Integral S.L.","description":"Gesti\u00f3n integral de proyectos","potentialAction":[{"@type":"SearchAction","target":{"@type":"EntryPoint","urlTemplate":"https:\/\/iplangestion.com\/?s={search_term_string}"},"query-input":{"@type":"PropertyValueSpecification","valueRequired":true,"valueName":"search_term_string"}}],"inLanguage":"ca"}]}},"_links":{"self":[{"href":"https:\/\/iplangestion.com\/ca\/wp-json\/wp\/v2\/pages\/16434","targetHints":{"allow":["GET"]}}],"collection":[{"href":"https:\/\/iplangestion.com\/ca\/wp-json\/wp\/v2\/pages"}],"about":[{"href":"https:\/\/iplangestion.com\/ca\/wp-json\/wp\/v2\/types\/page"}],"author":[{"embeddable":true,"href":"https:\/\/iplangestion.com\/ca\/wp-json\/wp\/v2\/users\/222"}],"replies":[{"embeddable":true,"href":"https:\/\/iplangestion.com\/ca\/wp-json\/wp\/v2\/comments?post=16434"}],"version-history":[{"count":0,"href":"https:\/\/iplangestion.com\/ca\/wp-json\/wp\/v2\/pages\/16434\/revisions"}],"wp:attachment":[{"href":"https:\/\/iplangestion.com\/ca\/wp-json\/wp\/v2\/media?parent=16434"}],"curies":[{"name":"wp","href":"https:\/\/api.w.org\/{rel}","templated":true}]}}