{"id":16278,"date":"2020-06-01T13:21:05","date_gmt":"2020-06-01T13:21:05","guid":{"rendered":"http:\/\/pre.iplangestion.com\/quienes-somos\/"},"modified":"2024-09-16T12:39:32","modified_gmt":"2024-09-16T10:39:32","slug":"qui-som","status":"publish","type":"page","link":"https:\/\/iplangestion.com\/ca\/qui-som\/","title":{"rendered":"Qui som?"},"content":{"rendered":"<div class=\"wpb-content-wrapper\">[vc_row fullwidth=&#8221;true&#8221;][vc_column][mk_edge_slider first_el=&#8221;true&#8221; swiper_bg=&#8221;#000000&#8243; order=&#8221;ASC&#8221; full_height=&#8221;false&#8221; height=&#8221;550&#8243; animation_effect=&#8221;fade&#8221; animation_speed=&#8221;982&#8243; direction_nav=&#8221;slit&#8221; pagination=&#8221;small_dot_stroke&#8221; skip_arrow=&#8221;false&#8221; visibility=&#8221;hidden-sm&#8221; slides=&#8221;16285, 16290, 16295&#8243;][mk_edge_slider first_el=&#8221;true&#8221; swiper_bg=&#8221;#000000&#8243; order=&#8221;ASC&#8221; full_height=&#8221;false&#8221; height=&#8221;250&#8243; animation_effect=&#8221;fade&#8221; animation_speed=&#8221;982&#8243; direction_nav=&#8221;slit&#8221; pagination=&#8221;small_dot_stroke&#8221; skip_arrow=&#8221;false&#8221; visibility=&#8221;visible-sm&#8221; slides=&#8221;16285, 16290, 16295&#8243;][\/vc_column][\/vc_row][vc_row fullwidth=&#8221;true&#8221; fullwidth_content=&#8221;false&#8221; equal_columns=&#8221;true&#8221; column_padding=&#8221;3&#8243; animation=&#8221;fade-in&#8221; css=&#8221;.vc_custom_1589817191626{padding-top: 50px !important;padding-bottom: 50px !important;background-color: #f0f0f0 !important;}&#8221;][vc_column css=&#8221;.vc_custom_1589811493131{background-color: #f0f0f0 !important;}&#8221;][mk_fancy_title size=&#8221;20&#8243; font_weight=&#8221;400&#8243; font_style=&#8221;normal&#8221; txt_transform=&#8221;uppercase&#8221; margin_top=&#8221;&#8221; font_family=&#8221;none&#8221; align=&#8221;center&#8221;]QUI SOM?[\/mk_fancy_title][vc_column_text align=&#8221;center&#8221; css=&#8221;.vc_custom_1612265800747{margin-bottom: 0px !important;padding-right: 40px !important;padding-left: 40px !important;}&#8221;]\n<p style=\"text-align: center;\">Iplan Gesti\u00f3n Integral S.L. \u00e9s una empresa vinculada als serveis d\u2019enginyeria de projectes desenvolupats fonamentalment en el sector energ\u00e8tic i d\u2019obra civil, tant a nivell nacional com internacional.<\/p>\n<p style=\"text-align: center;\">L&#8217;empresa est\u00e0 formada per un equip multidisciplinari de professionals de les diferents \u00e0rees de l&#8217;enginyeria i de la gesti\u00f3 de projectes, amb un alt grau d&#8217;especialitzaci\u00f3, professionalitat, capacitat anal\u00edtica i experi\u00e8ncia.<\/p>\n<p>Aquests valors i la nostra llarga traject\u00f2ria en la gesti\u00f3 de projectes vinculats al sector energia i l\u2019obra civil ens permet oferir serveis de qualitat assegurant l&#8217;\u00e8xit en els projectes que realitzem en totes les seves fases, des de la preliminar de tr\u00e0mits previs a l&#8217;inici de les obres (gesti\u00f3 amb organismes p\u00fablics, tramitaci\u00f3, etc.) fins a la seva fase de construcci\u00f3 i posada en servei.<\/p>\n<p style=\"text-align: center;\">A Iplan sabem que tot petit gest compta i per aix\u00f2 promovem una cultura basada en la igualtat, la transpar\u00e8ncia, el respecte dels drets humans i laborals, la seguretat en el treball, el desenvolupament sostenible i el respecte per medi ambient.<\/p>\n[\/vc_column_text][\/vc_column][\/vc_row][vc_row fullwidth=&#8221;true&#8221; fullwidth_content=&#8221;false&#8221; equal_columns=&#8221;true&#8221; column_padding=&#8221;3&#8243; animation=&#8221;fade-in&#8221; disable_element=&#8221;yes&#8221; css=&#8221;.vc_custom_1726483167842{padding-top: 50px !important;padding-bottom: 50px !important;background-color: #f0f0f0 !important;}&#8221;][vc_column css=&#8221;.vc_custom_1589811493131{background-color: #f0f0f0 !important;}&#8221;][mk_fancy_title size=&#8221;20&#8243; font_weight=&#8221;400&#8243; font_style=&#8221;normal&#8221; txt_transform=&#8221;uppercase&#8221; margin_top=&#8221;&#8221; font_family=&#8221;none&#8221; align=&#8221;center&#8221;]QUI SOM?[\/mk_fancy_title][vc_column_text align=&#8221;center&#8221; css=&#8221;.vc_custom_1612265800747{margin-bottom: 0px !important;padding-right: 40px !important;padding-left: 40px !important;}&#8221;]\n<p style=\"text-align: center;\">Iplan Gesti\u00f3n Integral S.L. \u00e9s una empresa vinculada als serveis d\u2019enginyeria de projectes desenvolupats fonamentalment en el sector energ\u00e8tic i d\u2019obra civil, tant a nivell nacional com internacional.<\/p>\n<p style=\"text-align: center;\">L&#8217;empresa est\u00e0 formada per un equip multidisciplinari de professionals de les diferents \u00e0rees de l&#8217;enginyeria i de la gesti\u00f3 de projectes, amb un alt grau d&#8217;especialitzaci\u00f3, professionalitat, capacitat anal\u00edtica i experi\u00e8ncia.<\/p>\n<p>Aquests valors i la nostra llarga traject\u00f2ria en la gesti\u00f3 de projectes vinculats al sector energia i l\u2019obra civil ens permet oferir serveis de qualitat assegurant l&#8217;\u00e8xit en els projectes que realitzem en totes les seves fases, des de la preliminar de tr\u00e0mits previs a l&#8217;inici de les obres (gesti\u00f3 amb organismes p\u00fablics, tramitaci\u00f3, etc.) fins a la seva fase de construcci\u00f3 i posada en servei.<\/p>\n<p style=\"text-align: center;\">A Iplan sabem que tot petit gest compta i per aix\u00f2 promovem una cultura basada en la igualtat, la transpar\u00e8ncia, el respecte dels drets humans i laborals, la seguretat en el treball, el desenvolupament sostenible i el respecte per medi ambient.<\/p>\n[\/vc_column_text][vc_video link=&#8221;https:\/\/youtu.be\/8ANoDDHRJlE&#8221;][\/vc_column][\/vc_row]\n<\/div>","protected":false},"excerpt":{"rendered":"<p>[vc_row fullwidth=&rdquo;true&rdquo;][vc_column][mk_edge_slider first_el=&rdquo;true&rdquo; swiper_bg=&rdquo;#000000&Prime; order=&rdquo;ASC&rdquo; full_height=&rdquo;false&rdquo; height=&rdquo;550&Prime; animation_effect=&rdquo;fade&rdquo; animation_speed=&rdquo;982&Prime; direction_nav=&rdquo;slit&rdquo; pagination=&rdquo;small_dot_stroke&rdquo; skip_arrow=&rdquo;false&rdquo; visibility=&rdquo;hidden-sm&rdquo; slides=&rdquo;16285, 16290, 16295&Prime;][mk_edge_slider first_el=&rdquo;true&rdquo; swiper_bg=&rdquo;#000000&Prime; order=&rdquo;ASC&rdquo; full_height=&rdquo;false&rdquo; height=&rdquo;250&Prime; animation_effect=&rdquo;fade&rdquo; animation_speed=&rdquo;982&Prime; direction_nav=&rdquo;slit&rdquo; pagination=&rdquo;small_dot_stroke&rdquo; skip_arrow=&rdquo;false&rdquo; visibility=&rdquo;visible-sm&rdquo; slides=&rdquo;16285, 16290, 16295&Prime;][\/vc_column][\/vc_row][vc_row fullwidth=&rdquo;true&rdquo; fullwidth_content=&rdquo;false&rdquo; equal_columns=&rdquo;true&rdquo; column_padding=&rdquo;3&Prime; animation=&rdquo;fade-in&rdquo; css=&rdquo;.vc_custom_1589817191626{padding-top: 50px !important;padding-bottom: 50px !important;background-color: #f0f0f0 !important;}&rdquo;][vc_column css=&rdquo;.vc_custom_1589811493131{background-color: #f0f0f0 !important;}&rdquo;][mk_fancy_title size=&rdquo;20&Prime; font_weight=&rdquo;400&Prime; font_style=&rdquo;normal&rdquo; txt_transform=&rdquo;uppercase&rdquo; margin_top=&rdquo;&rdquo; font_family=&rdquo;none&rdquo; align=&rdquo;center&rdquo;]QUI SOM?[\/mk_fancy_title][vc_column_text align=&rdquo;center&rdquo; css=&rdquo;.vc_custom_1612265800747{margin-bottom: [&hellip;]<\/p>\n","protected":false},"author":222,"featured_media":0,"parent":0,"menu_order":0,"comment_status":"closed","ping_status":"closed","template":"","meta":{"footnotes":""},"class_list":["post-16278","page","type-page","status-publish","hentry"],"yoast_head":"<!-- This site is optimized with the Yoast SEO plugin v26.8 - https:\/\/yoast.com\/product\/yoast-seo-wordpress\/ -->\n<title>Qui som? - iPlan Gesti\u00f3n Integral S.L.<\/title>\n<meta name=\"robots\" content=\"index, follow, max-snippet:-1, max-image-preview:large, max-video-preview:-1\" \/>\n<link rel=\"canonical\" href=\"https:\/\/iplangestion.com\/ca\/qui-som\/\" \/>\n<meta property=\"og:locale\" content=\"ca_ES\" \/>\n<meta property=\"og:type\" content=\"article\" \/>\n<meta property=\"og:title\" content=\"Qui som? - iPlan Gesti\u00f3n Integral S.L.\" \/>\n<meta property=\"og:description\" content=\"[vc_row fullwidth=&rdquo;true&rdquo;][vc_column][mk_edge_slider first_el=&rdquo;true&rdquo; swiper_bg=&rdquo;#000000&Prime; order=&rdquo;ASC&rdquo; full_height=&rdquo;false&rdquo; height=&rdquo;550&Prime; animation_effect=&rdquo;fade&rdquo; animation_speed=&rdquo;982&Prime; direction_nav=&rdquo;slit&rdquo; pagination=&rdquo;small_dot_stroke&rdquo; skip_arrow=&rdquo;false&rdquo; visibility=&rdquo;hidden-sm&rdquo; slides=&rdquo;16285, 16290, 16295&Prime;][mk_edge_slider first_el=&rdquo;true&rdquo; swiper_bg=&rdquo;#000000&Prime; order=&rdquo;ASC&rdquo; full_height=&rdquo;false&rdquo; height=&rdquo;250&Prime; animation_effect=&rdquo;fade&rdquo; animation_speed=&rdquo;982&Prime; direction_nav=&rdquo;slit&rdquo; pagination=&rdquo;small_dot_stroke&rdquo; skip_arrow=&rdquo;false&rdquo; visibility=&rdquo;visible-sm&rdquo; slides=&rdquo;16285, 16290, 16295&Prime;][\/vc_column][\/vc_row][vc_row fullwidth=&rdquo;true&rdquo; fullwidth_content=&rdquo;false&rdquo; equal_columns=&rdquo;true&rdquo; column_padding=&rdquo;3&Prime; animation=&rdquo;fade-in&rdquo; css=&rdquo;.vc_custom_1589817191626{padding-top: 50px !important;padding-bottom: 50px !important;background-color: #f0f0f0 !important;}&rdquo;][vc_column css=&rdquo;.vc_custom_1589811493131{background-color: #f0f0f0 !important;}&rdquo;][mk_fancy_title size=&rdquo;20&Prime; font_weight=&rdquo;400&Prime; font_style=&rdquo;normal&rdquo; txt_transform=&rdquo;uppercase&rdquo; margin_top=&rdquo;&rdquo; font_family=&rdquo;none&rdquo; align=&rdquo;center&rdquo;]QUI SOM?[\/mk_fancy_title][vc_column_text align=&rdquo;center&rdquo; css=&rdquo;.vc_custom_1612265800747{margin-bottom: [&hellip;]\" \/>\n<meta property=\"og:url\" content=\"https:\/\/iplangestion.com\/ca\/qui-som\/\" \/>\n<meta property=\"og:site_name\" content=\"iPlan Gesti\u00f3n Integral S.L.\" \/>\n<meta property=\"article:modified_time\" content=\"2024-09-16T10:39:32+00:00\" \/>\n<meta name=\"twitter:card\" content=\"summary_large_image\" \/>\n<meta name=\"twitter:label1\" content=\"Est. reading time\" \/>\n\t<meta name=\"twitter:data1\" content=\"2 minutes\" \/>\n<script type=\"application\/ld+json\" class=\"yoast-schema-graph\">{\"@context\":\"https:\/\/schema.org\",\"@graph\":[{\"@type\":\"WebPage\",\"@id\":\"https:\/\/iplangestion.com\/ca\/qui-som\/\",\"url\":\"https:\/\/iplangestion.com\/ca\/qui-som\/\",\"name\":\"Qui som? - iPlan Gesti\u00f3n Integral S.L.\",\"isPartOf\":{\"@id\":\"https:\/\/iplangestion.com\/#website\"},\"datePublished\":\"2020-06-01T13:21:05+00:00\",\"dateModified\":\"2024-09-16T10:39:32+00:00\",\"breadcrumb\":{\"@id\":\"https:\/\/iplangestion.com\/ca\/qui-som\/#breadcrumb\"},\"inLanguage\":\"ca\",\"potentialAction\":[{\"@type\":\"ReadAction\",\"target\":[\"https:\/\/iplangestion.com\/ca\/qui-som\/\"]}]},{\"@type\":\"BreadcrumbList\",\"@id\":\"https:\/\/iplangestion.com\/ca\/qui-som\/#breadcrumb\",\"itemListElement\":[{\"@type\":\"ListItem\",\"position\":1,\"name\":\"Portada\",\"item\":\"https:\/\/iplangestion.com\/ca\/\"},{\"@type\":\"ListItem\",\"position\":2,\"name\":\"Qui som?\"}]},{\"@type\":\"WebSite\",\"@id\":\"https:\/\/iplangestion.com\/#website\",\"url\":\"https:\/\/iplangestion.com\/\",\"name\":\"iPlan Gesti\u00f3n Integral S.L.\",\"description\":\"Gesti\u00f3n integral de proyectos\",\"potentialAction\":[{\"@type\":\"SearchAction\",\"target\":{\"@type\":\"EntryPoint\",\"urlTemplate\":\"https:\/\/iplangestion.com\/?s={search_term_string}\"},\"query-input\":{\"@type\":\"PropertyValueSpecification\",\"valueRequired\":true,\"valueName\":\"search_term_string\"}}],\"inLanguage\":\"ca\"}]}<\/script>\n<!-- \/ Yoast SEO plugin. -->","yoast_head_json":{"title":"Qui som? - iPlan Gesti\u00f3n Integral S.L.","robots":{"index":"index","follow":"follow","max-snippet":"max-snippet:-1","max-image-preview":"max-image-preview:large","max-video-preview":"max-video-preview:-1"},"canonical":"https:\/\/iplangestion.com\/ca\/qui-som\/","og_locale":"ca_ES","og_type":"article","og_title":"Qui som? - iPlan Gesti\u00f3n Integral S.L.","og_description":"[vc_row fullwidth=&rdquo;true&rdquo;][vc_column][mk_edge_slider first_el=&rdquo;true&rdquo; swiper_bg=&rdquo;#000000&Prime; order=&rdquo;ASC&rdquo; full_height=&rdquo;false&rdquo; height=&rdquo;550&Prime; animation_effect=&rdquo;fade&rdquo; animation_speed=&rdquo;982&Prime; direction_nav=&rdquo;slit&rdquo; pagination=&rdquo;small_dot_stroke&rdquo; skip_arrow=&rdquo;false&rdquo; visibility=&rdquo;hidden-sm&rdquo; slides=&rdquo;16285, 16290, 16295&Prime;][mk_edge_slider first_el=&rdquo;true&rdquo; swiper_bg=&rdquo;#000000&Prime; order=&rdquo;ASC&rdquo; full_height=&rdquo;false&rdquo; height=&rdquo;250&Prime; animation_effect=&rdquo;fade&rdquo; animation_speed=&rdquo;982&Prime; direction_nav=&rdquo;slit&rdquo; pagination=&rdquo;small_dot_stroke&rdquo; skip_arrow=&rdquo;false&rdquo; visibility=&rdquo;visible-sm&rdquo; slides=&rdquo;16285, 16290, 16295&Prime;][\/vc_column][\/vc_row][vc_row fullwidth=&rdquo;true&rdquo; fullwidth_content=&rdquo;false&rdquo; equal_columns=&rdquo;true&rdquo; column_padding=&rdquo;3&Prime; animation=&rdquo;fade-in&rdquo; css=&rdquo;.vc_custom_1589817191626{padding-top: 50px !important;padding-bottom: 50px !important;background-color: #f0f0f0 !important;}&rdquo;][vc_column css=&rdquo;.vc_custom_1589811493131{background-color: #f0f0f0 !important;}&rdquo;][mk_fancy_title size=&rdquo;20&Prime; font_weight=&rdquo;400&Prime; font_style=&rdquo;normal&rdquo; txt_transform=&rdquo;uppercase&rdquo; margin_top=&rdquo;&rdquo; font_family=&rdquo;none&rdquo; align=&rdquo;center&rdquo;]QUI SOM?[\/mk_fancy_title][vc_column_text align=&rdquo;center&rdquo; css=&rdquo;.vc_custom_1612265800747{margin-bottom: [&hellip;]","og_url":"https:\/\/iplangestion.com\/ca\/qui-som\/","og_site_name":"iPlan Gesti\u00f3n Integral S.L.","article_modified_time":"2024-09-16T10:39:32+00:00","twitter_card":"summary_large_image","twitter_misc":{"Est. reading time":"2 minutes"},"schema":{"@context":"https:\/\/schema.org","@graph":[{"@type":"WebPage","@id":"https:\/\/iplangestion.com\/ca\/qui-som\/","url":"https:\/\/iplangestion.com\/ca\/qui-som\/","name":"Qui som? - iPlan Gesti\u00f3n Integral S.L.","isPartOf":{"@id":"https:\/\/iplangestion.com\/#website"},"datePublished":"2020-06-01T13:21:05+00:00","dateModified":"2024-09-16T10:39:32+00:00","breadcrumb":{"@id":"https:\/\/iplangestion.com\/ca\/qui-som\/#breadcrumb"},"inLanguage":"ca","potentialAction":[{"@type":"ReadAction","target":["https:\/\/iplangestion.com\/ca\/qui-som\/"]}]},{"@type":"BreadcrumbList","@id":"https:\/\/iplangestion.com\/ca\/qui-som\/#breadcrumb","itemListElement":[{"@type":"ListItem","position":1,"name":"Portada","item":"https:\/\/iplangestion.com\/ca\/"},{"@type":"ListItem","position":2,"name":"Qui som?"}]},{"@type":"WebSite","@id":"https:\/\/iplangestion.com\/#website","url":"https:\/\/iplangestion.com\/","name":"iPlan Gesti\u00f3n Integral S.L.","description":"Gesti\u00f3n integral de proyectos","potentialAction":[{"@type":"SearchAction","target":{"@type":"EntryPoint","urlTemplate":"https:\/\/iplangestion.com\/?s={search_term_string}"},"query-input":{"@type":"PropertyValueSpecification","valueRequired":true,"valueName":"search_term_string"}}],"inLanguage":"ca"}]}},"_links":{"self":[{"href":"https:\/\/iplangestion.com\/ca\/wp-json\/wp\/v2\/pages\/16278","targetHints":{"allow":["GET"]}}],"collection":[{"href":"https:\/\/iplangestion.com\/ca\/wp-json\/wp\/v2\/pages"}],"about":[{"href":"https:\/\/iplangestion.com\/ca\/wp-json\/wp\/v2\/types\/page"}],"author":[{"embeddable":true,"href":"https:\/\/iplangestion.com\/ca\/wp-json\/wp\/v2\/users\/222"}],"replies":[{"embeddable":true,"href":"https:\/\/iplangestion.com\/ca\/wp-json\/wp\/v2\/comments?post=16278"}],"version-history":[{"count":0,"href":"https:\/\/iplangestion.com\/ca\/wp-json\/wp\/v2\/pages\/16278\/revisions"}],"wp:attachment":[{"href":"https:\/\/iplangestion.com\/ca\/wp-json\/wp\/v2\/media?parent=16278"}],"curies":[{"name":"wp","href":"https:\/\/api.w.org\/{rel}","templated":true}]}}