{"id":16233,"date":"2021-01-22T21:44:47","date_gmt":"2021-01-22T21:44:47","guid":{"rendered":"https:\/\/www.iplangestion.com\/perque-nosaltres\/"},"modified":"2024-10-01T10:04:58","modified_gmt":"2024-10-01T08:04:58","slug":"perque-nosaltres","status":"publish","type":"page","link":"https:\/\/iplangestion.com\/ca\/perque-nosaltres\/","title":{"rendered":"Perqu\u00e8 nosaltres?"},"content":{"rendered":"<div class=\"wpb-content-wrapper\">[vc_row][vc_column][mk_padding_divider size=&#8221;30&#8243;][mk_fancy_title size=&#8221;20&#8243; font_weight=&#8221;400&#8243; font_style=&#8221;normal&#8221; txt_transform=&#8221;uppercase&#8221; margin_top=&#8221;&#8221; margin_bottom=&#8221;0&#8243; font_family=&#8221;none&#8221; align=&#8221;center&#8221;]PERQU\u00c8 NOSALTRES?[\/mk_fancy_title][\/vc_column][\/vc_row][vc_row fullwidth=&#8221;true&#8221; fullwidth_content=&#8221;false&#8221; equal_columns=&#8221;true&#8221; column_padding=&#8221;3&#8243; css=&#8221;.vc_custom_1607880248965{padding-top: 50px !important;padding-bottom: 50px !important;background-color: #f0f0f0 !important;}&#8221;][vc_column][vc_row_inner][vc_column_inner width=&#8221;1\/4&#8243;][mk_chart percent=&#8221;100&#8243; track_color=&#8221;#ffffff&#8221; line_width=&#8221;15&#8243; content_type=&#8221;custom_text&#8221; custom_text=&#8221;100%&#8221; desc=&#8221;PROFESSIONALITAT &amp; CAPACITAT ANAL\u00cdTICA&#8221; desc_color=&#8221;#706f6f&#8221;][\/vc_column_inner][vc_column_inner width=&#8221;1\/4&#8243;][mk_chart percent=&#8221;100&#8243; track_color=&#8221;#ffffff&#8221; line_width=&#8221;15&#8243; content_type=&#8221;custom_text&#8221; custom_text=&#8221;100%&#8221; desc=&#8221;ESPECIALITZACI\u00d3 I EXPERI\u00c8NCIA&#8221; desc_color=&#8221;#706f6f&#8221;][\/vc_column_inner][vc_column_inner width=&#8221;1\/4&#8243;][mk_chart percent=&#8221;100&#8243; track_color=&#8221;#ffffff&#8221; line_width=&#8221;15&#8243; content_type=&#8221;custom_text&#8221; custom_text=&#8221;100%&#8221; desc=&#8221;QUALITAT&#8221; desc_color=&#8221;#706f6f&#8221;][\/vc_column_inner][vc_column_inner width=&#8221;1\/4&#8243;][mk_chart percent=&#8221;100&#8243; track_color=&#8221;#ffffff&#8221; line_width=&#8221;15&#8243; content_type=&#8221;custom_text&#8221; custom_text=&#8221;100%&#8221; desc=&#8221;RESPONSABILITAT&#8221; desc_color=&#8221;#706f6f&#8221; color=&#8221;white&#8221;][\/vc_column_inner][\/vc_row_inner][mk_padding_divider size=&#8221;10&#8243;][\/vc_column][\/vc_row][vc_row fullwidth=&#8221;true&#8221; fullwidth_content=&#8221;false&#8221; equal_columns=&#8221;true&#8221; column_padding=&#8221;3&#8243; animation=&#8221;fade-in&#8221; css=&#8221;.vc_custom_1589817191626{padding-top: 50px !important;padding-bottom: 50px !important;background-color: #f0f0f0 !important;}&#8221;][vc_column css=&#8221;.vc_custom_1594911053897{margin-bottom: 10px !important;background-color: #f0f0f0 !important;}&#8221;][vc_row_inner css=&#8221;.vc_custom_1591023601430{background-color: #4e4e4e !important;}&#8221;][vc_column_inner width=&#8221;1\/4&#8243; css=&#8221;.vc_custom_1602495125823{padding-top: 40px !important;}&#8221;][mk_chart percent=&#8221;100&#8243; bar_color=&#8221;#ffffff&#8221; track_color=&#8221;#b5b5b5&#8243; line_width=&#8221;15&#8243; percentage_color=&#8221;#ffffff&#8221; desc_color=&#8221;#ffffff&#8221;][\/vc_column_inner][vc_column_inner width=&#8221;3\/4&#8243; css=&#8221;.vc_custom_1591023910943{padding-top: 10px !important;padding-bottom: 10px !important;}&#8221;][mk_fancy_title size=&#8221;20&#8243; font_weight=&#8221;400&#8243; font_style=&#8221;normal&#8221; txt_transform=&#8221;uppercase&#8221; margin_top=&#8221;20&#8243; margin_bottom=&#8221;0&#8243; font_family=&#8221;none&#8221;]PROFESSIONALITAT &amp; CAPACITAT ANAL\u00cdTICA[\/mk_fancy_title][vc_column_text css=&#8221;.vc_custom_1607878908475{margin-bottom: 0px !important;}&#8221;]<span style=\"color: white;\">A Iplan comptem amb un equip multidisciplinari consolidat amb experi\u00e8ncia contrastada en cada \u00e0rea d&#8217;activitat i capacitat per afrontar cada repte. Estudiem cada projecte de manera integral i oferim solucions a mida, per aix\u00f2 comptem amb un equip amb uns elevats est\u00e0ndards d&#8217;exig\u00e8ncia professional. Per formar part del nostre equip l&#8217;\u00e8tica professional, el treball en equip, l&#8217;orientaci\u00f3 al client, la formaci\u00f3 cont\u00ednua i la innovaci\u00f3 s\u00f3n exig\u00e8ncies innegociables.<\/span>[\/vc_column_text][\/vc_column_inner][\/vc_row_inner][mk_padding_divider size=&#8221;30&#8243;][vc_row_inner css=&#8221;.vc_custom_1591023601430{background-color: #4e4e4e !important;}&#8221;][vc_column_inner width=&#8221;1\/4&#8243; css=&#8221;.vc_custom_1602495151785{padding-top: 60px !important;}&#8221;][mk_chart percent=&#8221;100&#8243; bar_color=&#8221;#ffffff&#8221; track_color=&#8221;#b5b5b5&#8243; line_width=&#8221;15&#8243; percentage_color=&#8221;#ffffff&#8221; desc_color=&#8221;#ffffff&#8221;][\/vc_column_inner][vc_column_inner width=&#8221;3\/4&#8243; css=&#8221;.vc_custom_1591023910943{padding-top: 10px !important;padding-bottom: 10px !important;}&#8221;][mk_fancy_title size=&#8221;20&#8243; font_weight=&#8221;400&#8243; font_style=&#8221;normal&#8221; txt_transform=&#8221;uppercase&#8221; margin_top=&#8221;20&#8243; margin_bottom=&#8221;0&#8243; font_family=&#8221;none&#8221;]ESPECIALITZACI\u00d3 I EXPERI\u00c8NCIA[\/mk_fancy_title][vc_column_text css=&#8221;.vc_custom_1607878950309{margin-bottom: 0px !important;}&#8221;]<span style=\"color: white;\">Creiem que des de l&#8217;especialitzaci\u00f3 es pot aconseguir el millor servei per als clients, per aix\u00f2, actuem en aquells sectors en els que podem oferir un servei professional i de qualitat. Els m\u00e9s de tretze anys de recorregut d\u2019Iplan, ens han aportat coneixements i habilitats que ens diferencien de la resta, i ens permeten afrontar els reptes des de la millor perspectiva i amb m\u00e9s efectivitat: hem desenvolupat projectes a petita i gran escala i en diferents \u00e0mbits de l&#8217;enginyeria.<br \/>\n<\/span>[\/vc_column_text][\/vc_column_inner][\/vc_row_inner][mk_padding_divider size=&#8221;30&#8243;][vc_row_inner css=&#8221;.vc_custom_1591023601430{background-color: #4e4e4e !important;}&#8221;][vc_column_inner width=&#8221;1\/4&#8243; css=&#8221;.vc_custom_1591024394782{padding-top: 20px !important;}&#8221;][mk_chart percent=&#8221;100&#8243; bar_color=&#8221;#ffffff&#8221; track_color=&#8221;#b5b5b5&#8243; line_width=&#8221;15&#8243; percentage_color=&#8221;#ffffff&#8221; desc_color=&#8221;#ffffff&#8221;][\/vc_column_inner][vc_column_inner width=&#8221;3\/4&#8243; css=&#8221;.vc_custom_1591023910943{padding-top: 10px !important;padding-bottom: 10px !important;}&#8221;][mk_fancy_title size=&#8221;20&#8243; font_weight=&#8221;400&#8243; font_style=&#8221;normal&#8221; txt_transform=&#8221;uppercase&#8221; margin_top=&#8221;20&#8243; margin_bottom=&#8221;0&#8243; font_family=&#8221;none&#8221;]QUALITAT[\/mk_fancy_title][vc_column_text css=&#8221;.vc_custom_1607878968077{margin-bottom: 0px !important;}&#8221;]<span style=\"color: white;\">La qualitat no consisteix en simplement en un treball ben fet, cal anar m\u00e9s enll\u00e0, \u00e9s per aix\u00f2 que el que busquem en aquesta empresa no \u00e9s altra cosa sin\u00f3 l&#8217;excel\u00b7l\u00e8ncia de principi a fi, aplicant noves formes de treballar i eines que poden millorar el nivell de servei ofert. L&#8217;\u00fas de les tecnologies s\u00f3n factor clau d&#8217;\u00e8xit en aquest mercat.<\/span>[\/vc_column_text][\/vc_column_inner][\/vc_row_inner][mk_padding_divider size=&#8221;30&#8243;][vc_row_inner css=&#8221;.vc_custom_1591023601430{background-color: #4e4e4e !important;}&#8221;][vc_column_inner width=&#8221;1\/4&#8243; css=&#8221;.vc_custom_1591024394782{padding-top: 20px !important;}&#8221;][mk_chart percent=&#8221;100&#8243; bar_color=&#8221;#ffffff&#8221; track_color=&#8221;#b5b5b5&#8243; line_width=&#8221;15&#8243; percentage_color=&#8221;#ffffff&#8221; desc_color=&#8221;#ffffff&#8221;][\/vc_column_inner][vc_column_inner width=&#8221;3\/4&#8243; css=&#8221;.vc_custom_1591023910943{padding-top: 10px !important;padding-bottom: 10px !important;}&#8221;][mk_fancy_title size=&#8221;20&#8243; font_weight=&#8221;400&#8243; font_style=&#8221;normal&#8221; txt_transform=&#8221;uppercase&#8221; margin_top=&#8221;20&#8243; margin_bottom=&#8221;0&#8243; font_family=&#8221;none&#8221;]RESPONSABILITAT[\/mk_fancy_title][vc_column_text css=&#8221;.vc_custom_1607879002264{margin-bottom: 0px !important;}&#8221;]<span style=\"color: white;\">La Cultura d&#8217;Empresa basada en la qualitat, el respecte pel medi ambient, la no contaminaci\u00f3, la no discriminaci\u00f3 de sexes, els drets humans i la seguretat laboral aplicada en tots els \u00e0mbits de la seva activitat, sent aquests, objectius i valors fonamentals per a l\u2019organitzaci\u00f3.<\/span>[\/vc_column_text][\/vc_column_inner][\/vc_row_inner][\/vc_column][\/vc_row][vc_row fullwidth=&#8221;true&#8221; fullwidth_content=&#8221;false&#8221; equal_columns=&#8221;true&#8221;][vc_column width=&#8221;1\/3&#8243;][vc_video link=&#8221;https:\/\/youtu.be\/JajaGZy9tl4&#8243;][\/vc_column][vc_column width=&#8221;1\/3&#8243;][vc_video link=&#8221;https:\/\/youtu.be\/aLDMBENYcm0&#8243;][\/vc_column][vc_column width=&#8221;1\/3&#8243;][vc_video link=&#8221;https:\/\/youtu.be\/KYA0-k1NNk4&#8243;][\/vc_column][\/vc_row][vc_row][vc_column][vc_empty_space height=&#8221;60&#8243;][\/vc_column][\/vc_row][vc_row column_padding=&#8221;5&#8243;][vc_column width=&#8221;1\/3&#8243;][vc_btn title=&#8221;Codi \u00c8tic&#8221; style=&#8221;custom&#8221; custom_background=&#8221;#80ba27&#8243; custom_text=&#8221;#ffffff&#8221; shape=&#8221;square&#8221; size=&#8221;lg&#8221; align=&#8221;center&#8221; css=&#8221;&#8221; link=&#8221;url:https%3A%2F%2Fiplangestion.com%2Fwp-content%2Fuploads%2FCodigo-etico-y-de-Conducta-V1-2022.pdf|target:_blank&#8221;][\/vc_column][vc_column width=&#8221;1\/3&#8243;][vc_btn title=&#8221;Protocol Regulador Canal \u00c8tic i de Den\u00fancies&#8221; style=&#8221;custom&#8221; custom_background=&#8221;#80ba27&#8243; custom_text=&#8221;#ffffff&#8221; shape=&#8221;square&#8221; size=&#8221;lg&#8221; align=&#8221;center&#8221; css=&#8221;&#8221; link=&#8221;url:https%3A%2F%2Fiplangestion.com%2Fwp-content%2Fuploads%2FPROTOCOLO-REGULADOR-CANAL-ETICO-Y-DE-DENUNCIAS.pdf|target:_blank&#8221;][\/vc_column][vc_column width=&#8221;1\/3&#8243;][vc_btn title=&#8221;Informe de Progr\u00e9s 2023&#8243; style=&#8221;custom&#8221; custom_background=&#8221;#80ba27&#8243; custom_text=&#8221;#ffffff&#8221; shape=&#8221;square&#8221; size=&#8221;lg&#8221; align=&#8221;center&#8221; css=&#8221;&#8221; link=&#8221;url:https%3A%2F%2Fiplangestion.com%2Fwp-content%2Fuploads%2FINFORME-DE-PROGRESO-IPLAN-2023.pdf|target:_blank&#8221;][\/vc_column][\/vc_row][vc_row][vc_column][vc_empty_space height=&#8221;60px&#8221;][\/vc_column][\/vc_row]\n<\/div>","protected":false},"excerpt":{"rendered":"<p>[vc_row][vc_column][mk_padding_divider size=&rdquo;30&Prime;][mk_fancy_title size=&rdquo;20&Prime; font_weight=&rdquo;400&Prime; font_style=&rdquo;normal&rdquo; txt_transform=&rdquo;uppercase&rdquo; margin_top=&rdquo;&rdquo; margin_bottom=&rdquo;0&Prime; font_family=&rdquo;none&rdquo; align=&rdquo;center&rdquo;]PERQU&Egrave; NOSALTRES?[\/mk_fancy_title][\/vc_column][\/vc_row][vc_row fullwidth=&rdquo;true&rdquo; fullwidth_content=&rdquo;false&rdquo; equal_columns=&rdquo;true&rdquo; column_padding=&rdquo;3&Prime; css=&rdquo;.vc_custom_1607880248965{padding-top: 50px !important;padding-bottom: 50px !important;background-color: #f0f0f0 !important;}&rdquo;][vc_column][vc_row_inner][vc_column_inner width=&rdquo;1\/4&Prime;][mk_chart percent=&rdquo;100&Prime; track_color=&rdquo;#ffffff&rdquo; line_width=&rdquo;15&Prime; content_type=&rdquo;custom_text&rdquo; custom_text=&rdquo;100%&rdquo; desc=&rdquo;PROFESSIONALITAT &amp; CAPACITAT ANAL&Iacute;TICA&rdquo; desc_color=&rdquo;#706f6f&rdquo;][\/vc_column_inner][vc_column_inner width=&rdquo;1\/4&Prime;][mk_chart percent=&rdquo;100&Prime; track_color=&rdquo;#ffffff&rdquo; line_width=&rdquo;15&Prime; content_type=&rdquo;custom_text&rdquo; custom_text=&rdquo;100%&rdquo; desc=&rdquo;ESPECIALITZACI&Oacute; I EXPERI&Egrave;NCIA&rdquo; desc_color=&rdquo;#706f6f&rdquo;][\/vc_column_inner][vc_column_inner width=&rdquo;1\/4&Prime;][mk_chart percent=&rdquo;100&Prime; track_color=&rdquo;#ffffff&rdquo; line_width=&rdquo;15&Prime; content_type=&rdquo;custom_text&rdquo; custom_text=&rdquo;100%&rdquo; desc=&rdquo;QUALITAT&rdquo; desc_color=&rdquo;#706f6f&rdquo;][\/vc_column_inner][vc_column_inner width=&rdquo;1\/4&Prime;][mk_chart percent=&rdquo;100&Prime; track_color=&rdquo;#ffffff&rdquo; line_width=&rdquo;15&Prime; [&hellip;]<\/p>\n","protected":false},"author":222,"featured_media":0,"parent":0,"menu_order":0,"comment_status":"open","ping_status":"open","template":"","meta":{"footnotes":""},"class_list":["post-16233","page","type-page","status-publish","hentry"],"yoast_head":"<!-- This site is optimized with the Yoast SEO plugin v26.8 - https:\/\/yoast.com\/product\/yoast-seo-wordpress\/ -->\n<title>Perqu\u00e8 nosaltres? - iPlan Gesti\u00f3n Integral S.L.<\/title>\n<meta name=\"robots\" content=\"index, follow, max-snippet:-1, max-image-preview:large, max-video-preview:-1\" \/>\n<link rel=\"canonical\" href=\"https:\/\/iplangestion.com\/ca\/perque-nosaltres\/\" \/>\n<meta property=\"og:locale\" content=\"ca_ES\" \/>\n<meta property=\"og:type\" content=\"article\" \/>\n<meta property=\"og:title\" content=\"Perqu\u00e8 nosaltres? - iPlan Gesti\u00f3n Integral S.L.\" \/>\n<meta property=\"og:description\" content=\"[vc_row][vc_column][mk_padding_divider size=&rdquo;30&Prime;][mk_fancy_title size=&rdquo;20&Prime; font_weight=&rdquo;400&Prime; font_style=&rdquo;normal&rdquo; txt_transform=&rdquo;uppercase&rdquo; margin_top=&rdquo;&rdquo; margin_bottom=&rdquo;0&Prime; font_family=&rdquo;none&rdquo; align=&rdquo;center&rdquo;]PERQU&Egrave; NOSALTRES?[\/mk_fancy_title][\/vc_column][\/vc_row][vc_row fullwidth=&rdquo;true&rdquo; fullwidth_content=&rdquo;false&rdquo; equal_columns=&rdquo;true&rdquo; column_padding=&rdquo;3&Prime; css=&rdquo;.vc_custom_1607880248965{padding-top: 50px !important;padding-bottom: 50px !important;background-color: #f0f0f0 !important;}&rdquo;][vc_column][vc_row_inner][vc_column_inner width=&rdquo;1\/4&Prime;][mk_chart percent=&rdquo;100&Prime; track_color=&rdquo;#ffffff&rdquo; line_width=&rdquo;15&Prime; content_type=&rdquo;custom_text&rdquo; custom_text=&rdquo;100%&rdquo; desc=&rdquo;PROFESSIONALITAT &amp; CAPACITAT ANAL&Iacute;TICA&rdquo; desc_color=&rdquo;#706f6f&rdquo;][\/vc_column_inner][vc_column_inner width=&rdquo;1\/4&Prime;][mk_chart percent=&rdquo;100&Prime; track_color=&rdquo;#ffffff&rdquo; line_width=&rdquo;15&Prime; content_type=&rdquo;custom_text&rdquo; custom_text=&rdquo;100%&rdquo; desc=&rdquo;ESPECIALITZACI&Oacute; I EXPERI&Egrave;NCIA&rdquo; desc_color=&rdquo;#706f6f&rdquo;][\/vc_column_inner][vc_column_inner width=&rdquo;1\/4&Prime;][mk_chart percent=&rdquo;100&Prime; track_color=&rdquo;#ffffff&rdquo; line_width=&rdquo;15&Prime; content_type=&rdquo;custom_text&rdquo; custom_text=&rdquo;100%&rdquo; desc=&rdquo;QUALITAT&rdquo; desc_color=&rdquo;#706f6f&rdquo;][\/vc_column_inner][vc_column_inner width=&rdquo;1\/4&Prime;][mk_chart percent=&rdquo;100&Prime; track_color=&rdquo;#ffffff&rdquo; line_width=&rdquo;15&Prime; [&hellip;]\" \/>\n<meta property=\"og:url\" content=\"https:\/\/iplangestion.com\/ca\/perque-nosaltres\/\" \/>\n<meta property=\"og:site_name\" content=\"iPlan Gesti\u00f3n Integral S.L.\" \/>\n<meta property=\"article:modified_time\" content=\"2024-10-01T08:04:58+00:00\" \/>\n<meta name=\"twitter:card\" content=\"summary_large_image\" \/>\n<meta name=\"twitter:label1\" content=\"Est. reading time\" \/>\n\t<meta name=\"twitter:data1\" content=\"3 minutes\" \/>\n<script type=\"application\/ld+json\" class=\"yoast-schema-graph\">{\"@context\":\"https:\/\/schema.org\",\"@graph\":[{\"@type\":\"WebPage\",\"@id\":\"https:\/\/iplangestion.com\/ca\/perque-nosaltres\/\",\"url\":\"https:\/\/iplangestion.com\/ca\/perque-nosaltres\/\",\"name\":\"Perqu\u00e8 nosaltres? - iPlan Gesti\u00f3n Integral S.L.\",\"isPartOf\":{\"@id\":\"https:\/\/iplangestion.com\/#website\"},\"datePublished\":\"2021-01-22T21:44:47+00:00\",\"dateModified\":\"2024-10-01T08:04:58+00:00\",\"breadcrumb\":{\"@id\":\"https:\/\/iplangestion.com\/ca\/perque-nosaltres\/#breadcrumb\"},\"inLanguage\":\"ca\",\"potentialAction\":[{\"@type\":\"ReadAction\",\"target\":[\"https:\/\/iplangestion.com\/ca\/perque-nosaltres\/\"]}]},{\"@type\":\"BreadcrumbList\",\"@id\":\"https:\/\/iplangestion.com\/ca\/perque-nosaltres\/#breadcrumb\",\"itemListElement\":[{\"@type\":\"ListItem\",\"position\":1,\"name\":\"Portada\",\"item\":\"https:\/\/iplangestion.com\/ca\/\"},{\"@type\":\"ListItem\",\"position\":2,\"name\":\"Perqu\u00e8 nosaltres?\"}]},{\"@type\":\"WebSite\",\"@id\":\"https:\/\/iplangestion.com\/#website\",\"url\":\"https:\/\/iplangestion.com\/\",\"name\":\"iPlan Gesti\u00f3n Integral S.L.\",\"description\":\"Gesti\u00f3n integral de proyectos\",\"potentialAction\":[{\"@type\":\"SearchAction\",\"target\":{\"@type\":\"EntryPoint\",\"urlTemplate\":\"https:\/\/iplangestion.com\/?s={search_term_string}\"},\"query-input\":{\"@type\":\"PropertyValueSpecification\",\"valueRequired\":true,\"valueName\":\"search_term_string\"}}],\"inLanguage\":\"ca\"}]}<\/script>\n<!-- \/ Yoast SEO plugin. -->","yoast_head_json":{"title":"Perqu\u00e8 nosaltres? - iPlan Gesti\u00f3n Integral S.L.","robots":{"index":"index","follow":"follow","max-snippet":"max-snippet:-1","max-image-preview":"max-image-preview:large","max-video-preview":"max-video-preview:-1"},"canonical":"https:\/\/iplangestion.com\/ca\/perque-nosaltres\/","og_locale":"ca_ES","og_type":"article","og_title":"Perqu\u00e8 nosaltres? - iPlan Gesti\u00f3n Integral S.L.","og_description":"[vc_row][vc_column][mk_padding_divider size=&rdquo;30&Prime;][mk_fancy_title size=&rdquo;20&Prime; font_weight=&rdquo;400&Prime; font_style=&rdquo;normal&rdquo; txt_transform=&rdquo;uppercase&rdquo; margin_top=&rdquo;&rdquo; margin_bottom=&rdquo;0&Prime; font_family=&rdquo;none&rdquo; align=&rdquo;center&rdquo;]PERQU&Egrave; NOSALTRES?[\/mk_fancy_title][\/vc_column][\/vc_row][vc_row fullwidth=&rdquo;true&rdquo; fullwidth_content=&rdquo;false&rdquo; equal_columns=&rdquo;true&rdquo; column_padding=&rdquo;3&Prime; css=&rdquo;.vc_custom_1607880248965{padding-top: 50px !important;padding-bottom: 50px !important;background-color: #f0f0f0 !important;}&rdquo;][vc_column][vc_row_inner][vc_column_inner width=&rdquo;1\/4&Prime;][mk_chart percent=&rdquo;100&Prime; track_color=&rdquo;#ffffff&rdquo; line_width=&rdquo;15&Prime; content_type=&rdquo;custom_text&rdquo; custom_text=&rdquo;100%&rdquo; desc=&rdquo;PROFESSIONALITAT &amp; CAPACITAT ANAL&Iacute;TICA&rdquo; desc_color=&rdquo;#706f6f&rdquo;][\/vc_column_inner][vc_column_inner width=&rdquo;1\/4&Prime;][mk_chart percent=&rdquo;100&Prime; track_color=&rdquo;#ffffff&rdquo; line_width=&rdquo;15&Prime; content_type=&rdquo;custom_text&rdquo; custom_text=&rdquo;100%&rdquo; desc=&rdquo;ESPECIALITZACI&Oacute; I EXPERI&Egrave;NCIA&rdquo; desc_color=&rdquo;#706f6f&rdquo;][\/vc_column_inner][vc_column_inner width=&rdquo;1\/4&Prime;][mk_chart percent=&rdquo;100&Prime; track_color=&rdquo;#ffffff&rdquo; line_width=&rdquo;15&Prime; content_type=&rdquo;custom_text&rdquo; custom_text=&rdquo;100%&rdquo; desc=&rdquo;QUALITAT&rdquo; desc_color=&rdquo;#706f6f&rdquo;][\/vc_column_inner][vc_column_inner width=&rdquo;1\/4&Prime;][mk_chart percent=&rdquo;100&Prime; track_color=&rdquo;#ffffff&rdquo; line_width=&rdquo;15&Prime; [&hellip;]","og_url":"https:\/\/iplangestion.com\/ca\/perque-nosaltres\/","og_site_name":"iPlan Gesti\u00f3n Integral S.L.","article_modified_time":"2024-10-01T08:04:58+00:00","twitter_card":"summary_large_image","twitter_misc":{"Est. reading time":"3 minutes"},"schema":{"@context":"https:\/\/schema.org","@graph":[{"@type":"WebPage","@id":"https:\/\/iplangestion.com\/ca\/perque-nosaltres\/","url":"https:\/\/iplangestion.com\/ca\/perque-nosaltres\/","name":"Perqu\u00e8 nosaltres? - iPlan Gesti\u00f3n Integral S.L.","isPartOf":{"@id":"https:\/\/iplangestion.com\/#website"},"datePublished":"2021-01-22T21:44:47+00:00","dateModified":"2024-10-01T08:04:58+00:00","breadcrumb":{"@id":"https:\/\/iplangestion.com\/ca\/perque-nosaltres\/#breadcrumb"},"inLanguage":"ca","potentialAction":[{"@type":"ReadAction","target":["https:\/\/iplangestion.com\/ca\/perque-nosaltres\/"]}]},{"@type":"BreadcrumbList","@id":"https:\/\/iplangestion.com\/ca\/perque-nosaltres\/#breadcrumb","itemListElement":[{"@type":"ListItem","position":1,"name":"Portada","item":"https:\/\/iplangestion.com\/ca\/"},{"@type":"ListItem","position":2,"name":"Perqu\u00e8 nosaltres?"}]},{"@type":"WebSite","@id":"https:\/\/iplangestion.com\/#website","url":"https:\/\/iplangestion.com\/","name":"iPlan Gesti\u00f3n Integral S.L.","description":"Gesti\u00f3n integral de proyectos","potentialAction":[{"@type":"SearchAction","target":{"@type":"EntryPoint","urlTemplate":"https:\/\/iplangestion.com\/?s={search_term_string}"},"query-input":{"@type":"PropertyValueSpecification","valueRequired":true,"valueName":"search_term_string"}}],"inLanguage":"ca"}]}},"_links":{"self":[{"href":"https:\/\/iplangestion.com\/ca\/wp-json\/wp\/v2\/pages\/16233","targetHints":{"allow":["GET"]}}],"collection":[{"href":"https:\/\/iplangestion.com\/ca\/wp-json\/wp\/v2\/pages"}],"about":[{"href":"https:\/\/iplangestion.com\/ca\/wp-json\/wp\/v2\/types\/page"}],"author":[{"embeddable":true,"href":"https:\/\/iplangestion.com\/ca\/wp-json\/wp\/v2\/users\/222"}],"replies":[{"embeddable":true,"href":"https:\/\/iplangestion.com\/ca\/wp-json\/wp\/v2\/comments?post=16233"}],"version-history":[{"count":0,"href":"https:\/\/iplangestion.com\/ca\/wp-json\/wp\/v2\/pages\/16233\/revisions"}],"wp:attachment":[{"href":"https:\/\/iplangestion.com\/ca\/wp-json\/wp\/v2\/media?parent=16233"}],"curies":[{"name":"wp","href":"https:\/\/api.w.org\/{rel}","templated":true}]}}